{"id":13025,"date":"2026-03-09T11:05:30","date_gmt":"2026-03-09T09:05:30","guid":{"rendered":"https:\/\/www.bz-bodnegg.de\/?page_id=13025"},"modified":"2026-03-09T11:05:31","modified_gmt":"2026-03-09T09:05:31","slug":"karriere-kick-jobboard","status":"publish","type":"page","link":"https:\/\/www.bz-bodnegg.de\/?page_id=13025","title":{"rendered":"Karriere Kick Jobboard"},"content":{"rendered":"\n<p>Du suchst offene Ausbildungsstellen oder andere Karrierem\u00f6glichkeiten? Das Karriere Kick Jobboard zeigt dir, welche Firmen aus der Umgebung noch offene Stellen haben!<\/p>\n\n\n\n<p>F\u00fcr die Inhalte der aufgef\u00fchrten Seiten sind ausschlie\u00dflich die jeweiligen Firmen verantwortlich.<\/p>\n\n\n<p><script src=\"https:\/\/jobs.karriere-kick.de\/embedscript\"\n    type=\"application\/javascript\" defer><\/script><\/p>\n<div data-kk-type=\"joblist\"\n    data-source=\"kkapp\"\n    data-limit=\"25\"\n    data-event=\"223\"\n    data-school=\"1992\"><\/div>\n\n\n\n<figure class=\"wp-block-embed\"><div class=\"wp-block-embed__wrapper\">\nhttps:\/\/jobs.karriere-kick.de\/embed?us=true&#038;l=25&#038;ek=182&#038;host=www.gsr-mannheim.de\n<\/div><\/figure>\n","protected":false},"excerpt":{"rendered":"<p>Du suchst offene Ausbildungsstellen oder andere Karrierem\u00f6glichkeiten? Das Karriere Kick Jobboard zeigt dir, welche Firmen aus der Umgebung noch offene Stellen haben! F\u00fcr die Inhalte der aufgef\u00fchrten Seiten sind ausschlie\u00dflich die jeweiligen Firmen verantwortlich.<\/p>\n","protected":false},"author":4,"featured_media":0,"parent":0,"menu_order":0,"comment_status":"closed","ping_status":"closed","template":"","meta":{"_mc_calendar":[],"footnotes":""},"class_list":["post-13025","page","type-page","status-publish","hentry"],"_links":{"self":[{"href":"https:\/\/www.bz-bodnegg.de\/index.php?rest_route=\/wp\/v2\/pages\/13025","targetHints":{"allow":["GET"]}}],"collection":[{"href":"https:\/\/www.bz-bodnegg.de\/index.php?rest_route=\/wp\/v2\/pages"}],"about":[{"href":"https:\/\/www.bz-bodnegg.de\/index.php?rest_route=\/wp\/v2\/types\/page"}],"author":[{"embeddable":true,"href":"https:\/\/www.bz-bodnegg.de\/index.php?rest_route=\/wp\/v2\/users\/4"}],"replies":[{"embeddable":true,"href":"https:\/\/www.bz-bodnegg.de\/index.php?rest_route=%2Fwp%2Fv2%2Fcomments&post=13025"}],"version-history":[{"count":1,"href":"https:\/\/www.bz-bodnegg.de\/index.php?rest_route=\/wp\/v2\/pages\/13025\/revisions"}],"predecessor-version":[{"id":13027,"href":"https:\/\/www.bz-bodnegg.de\/index.php?rest_route=\/wp\/v2\/pages\/13025\/revisions\/13027"}],"wp:attachment":[{"href":"https:\/\/www.bz-bodnegg.de\/index.php?rest_route=%2Fwp%2Fv2%2Fmedia&parent=13025"}],"curies":[{"name":"wp","href":"https:\/\/api.w.org\/{rel}","templated":true}]}}