{"id":14,"date":"2014-09-10T15:49:41","date_gmt":"2014-09-10T13:49:41","guid":{"rendered":"http:\/\/www.bz-bodnegg.de\/?page_id=14"},"modified":"2025-11-14T16:06:19","modified_gmt":"2025-11-14T14:06:19","slug":"smv","status":"publish","type":"page","link":"https:\/\/www.bz-bodnegg.de\/?page_id=14","title":{"rendered":"SMV"},"content":{"rendered":"\n<div class=\"wp-block-columns is-layout-flex wp-container-core-columns-is-layout-9d6595d7 wp-block-columns-is-layout-flex\">\n<div class=\"wp-block-column is-layout-flow wp-block-column-is-layout-flow\" style=\"flex-basis:33.33%\">\n<figure class=\"wp-block-image size-large\"><img decoding=\"async\" src=\"https:\/\/www.bz-bodnegg.de\/wp-content\/uploads\/2014\/09\/Logo-schmal.jpg\" alt=\"\"\/><\/figure>\n<\/div>\n\n\n\n<div class=\"wp-block-column is-layout-flow wp-block-column-is-layout-flow\" style=\"flex-basis:66.66%\">\n<p><strong>Die SMV (Sch\u00fclermitverantwortung), bestehend aus engagierten Sch\u00fclerinnen und Sch\u00fclern der Klassenstufen 5-10&nbsp;f\u00fchrt \u00fcber das Schuljahr verteilt verschiedene Projekte durch.<\/strong><br><strong><br>Von Sch\u00fclern f\u00fcr Sch\u00fcler<\/strong> \u2013 es finden sich tolle Aktionen wie Mottotage, Markttage, Kinotag, Weihnachtsaktion, Gestaltung von Sch\u00fclertoiletten, Mittagspausengestaltung f\u00fcr Neunt- und Zehntkl\u00e4sslerInnen sowie die Gestaltung am gumpigen Donnerstag.<\/p>\n\n\n\n<p>In regelm\u00e4\u00dfigen Sitzungen thematisieren die Sch\u00fclerinnen und Sch\u00fcler gemeinsam mit ihren Verbindungslehrern Frau Leffler und Herrn Sachs ihre Anliegen und Ideen.<br>Kontakt: <a href=\"mailto:smv@bz-bodnegg.de\" target=\"_blank\" rel=\"noreferrer noopener\">smv@bz-bodnegg.de<\/a><\/p>\n<\/div>\n<\/div>\n\n\n\n<div class=\"wp-block-media-text is-stacked-on-mobile\" style=\"grid-template-columns:32% auto\"><figure class=\"wp-block-media-text__media\"><a href=\"https:\/\/www.bz-bodnegg.de\/wp-content\/uploads\/2025\/11\/1000018119-scaled.jpg\"><img loading=\"lazy\" decoding=\"async\" width=\"768\" height=\"1024\" src=\"https:\/\/www.bz-bodnegg.de\/wp-content\/uploads\/2025\/11\/1000018119-768x1024.jpg\" alt=\"\" class=\"wp-image-12743 size-full\" srcset=\"https:\/\/www.bz-bodnegg.de\/wp-content\/uploads\/2025\/11\/1000018119-768x1024.jpg 768w, https:\/\/www.bz-bodnegg.de\/wp-content\/uploads\/2025\/11\/1000018119-225x300.jpg 225w, https:\/\/www.bz-bodnegg.de\/wp-content\/uploads\/2025\/11\/1000018119-1152x1536.jpg 1152w, https:\/\/www.bz-bodnegg.de\/wp-content\/uploads\/2025\/11\/1000018119-1535x2048.jpg 1535w, https:\/\/www.bz-bodnegg.de\/wp-content\/uploads\/2025\/11\/1000018119-624x832.jpg 624w, https:\/\/www.bz-bodnegg.de\/wp-content\/uploads\/2025\/11\/1000018119-scaled.jpg 1919w\" sizes=\"auto, (max-width: 768px) 100vw, 768px\" \/><\/a><\/figure><div class=\"wp-block-media-text__content\">\n<p><strong>SMV Lehrerteam <br>Sonja Mitropoulos &amp; Martin Sachs<\/strong><\/p>\n<\/div><\/div>\n\n\n\n<p><br><strong>Unser Sch\u00fclersprecherteam ab Oktober 2025:<\/strong><\/p>\n\n\n\n<figure class=\"wp-block-image size-large\"><a href=\"https:\/\/www.bz-bodnegg.de\/wp-content\/uploads\/2025\/11\/1000017333-scaled.jpg\"><img loading=\"lazy\" decoding=\"async\" width=\"1024\" height=\"768\" src=\"https:\/\/www.bz-bodnegg.de\/wp-content\/uploads\/2025\/11\/1000017333-1024x768.jpg\" alt=\"\" class=\"wp-image-12738\" srcset=\"https:\/\/www.bz-bodnegg.de\/wp-content\/uploads\/2025\/11\/1000017333-1024x768.jpg 1024w, https:\/\/www.bz-bodnegg.de\/wp-content\/uploads\/2025\/11\/1000017333-300x225.jpg 300w, https:\/\/www.bz-bodnegg.de\/wp-content\/uploads\/2025\/11\/1000017333-768x576.jpg 768w, https:\/\/www.bz-bodnegg.de\/wp-content\/uploads\/2025\/11\/1000017333-1536x1152.jpg 1536w, https:\/\/www.bz-bodnegg.de\/wp-content\/uploads\/2025\/11\/1000017333-2048x1536.jpg 2048w, https:\/\/www.bz-bodnegg.de\/wp-content\/uploads\/2025\/11\/1000017333-624x468.jpg 624w\" sizes=\"auto, (max-width: 1024px) 100vw, 1024px\" \/><\/a><\/figure>\n\n\n\n<p><strong>Sch\u00fclersprecherin: Marlene Heindel 9b<\/strong> (hinten rechts)<br><strong>Stv. Sch\u00fclersprecherin: Lina Wenderoth 9c<\/strong> (hinten links)<br><br><strong>Mitglieder im Sch\u00fclersprecherteam:<\/strong> Sunnay Thalwitzer (hinten Mitte), Johanna K\u00f6rner (vorne Mitte), Valentin Heindel (vorne rechts)<\/p>\n\n\n\n<p><strong>Uns erwarten wieder viele gemeinsam geplante Aktionen &#8211; WIR sind dabei!<\/strong><\/p>\n\n\n\n<p><\/p>\n","protected":false},"excerpt":{"rendered":"<p>Die SMV (Sch\u00fclermitverantwortung), bestehend aus engagierten Sch\u00fclerinnen und Sch\u00fclern der Klassenstufen 5-10&nbsp;f\u00fchrt \u00fcber das Schuljahr verteilt verschiedene Projekte durch.Von Sch\u00fclern f\u00fcr Sch\u00fcler \u2013 es finden sich tolle Aktionen wie Mottotage, Markttage, Kinotag, Weihnachtsaktion, Gestaltung von Sch\u00fclertoiletten, Mittagspausengestaltung f\u00fcr Neunt- und Zehntkl\u00e4sslerInnen sowie die Gestaltung am gumpigen Donnerstag. In regelm\u00e4\u00dfigen Sitzungen thematisieren die Sch\u00fclerinnen und Sch\u00fcler [&hellip;]<\/p>\n","protected":false},"author":4,"featured_media":0,"parent":0,"menu_order":0,"comment_status":"closed","ping_status":"closed","template":"","meta":{"_mc_calendar":[],"footnotes":""},"class_list":["post-14","page","type-page","status-publish","hentry"],"_links":{"self":[{"href":"https:\/\/www.bz-bodnegg.de\/index.php?rest_route=\/wp\/v2\/pages\/14","targetHints":{"allow":["GET"]}}],"collection":[{"href":"https:\/\/www.bz-bodnegg.de\/index.php?rest_route=\/wp\/v2\/pages"}],"about":[{"href":"https:\/\/www.bz-bodnegg.de\/index.php?rest_route=\/wp\/v2\/types\/page"}],"author":[{"embeddable":true,"href":"https:\/\/www.bz-bodnegg.de\/index.php?rest_route=\/wp\/v2\/users\/4"}],"replies":[{"embeddable":true,"href":"https:\/\/www.bz-bodnegg.de\/index.php?rest_route=%2Fwp%2Fv2%2Fcomments&post=14"}],"version-history":[{"count":22,"href":"https:\/\/www.bz-bodnegg.de\/index.php?rest_route=\/wp\/v2\/pages\/14\/revisions"}],"predecessor-version":[{"id":12747,"href":"https:\/\/www.bz-bodnegg.de\/index.php?rest_route=\/wp\/v2\/pages\/14\/revisions\/12747"}],"wp:attachment":[{"href":"https:\/\/www.bz-bodnegg.de\/index.php?rest_route=%2Fwp%2Fv2%2Fmedia&parent=14"}],"curies":[{"name":"wp","href":"https:\/\/api.w.org\/{rel}","templated":true}]}}