{"id":1854,"date":"2015-12-18T12:38:05","date_gmt":"2015-12-18T10:38:05","guid":{"rendered":"http:\/\/www.bz-bodnegg.de\/?page_id=1854"},"modified":"2017-01-17T16:38:06","modified_gmt":"2017-01-17T14:38:06","slug":"namibiakids","status":"publish","type":"page","link":"https:\/\/www.bz-bodnegg.de\/?page_id=1854","title":{"rendered":"namibiakids"},"content":{"rendered":"<p style=\"text-align: justify;\"><strong>Schule <em>aktiv<\/em> f\u00fcr namibiakids e.V.<\/strong><\/p>\n<p style=\"text-align: justify;\">Das Bildungszentrum Bodnegg war in den letzten Jahren die erste Schule Deutschlands, die aktiv f\u00fcr unicef t\u00e4tig war. Mit dem Auslaufen der erfolgreichen Unterst\u00fctzerarbeit f\u00fcr unicef wuchs die Idee f\u00fcr ein neues Projekt.<\/p>\n<p style=\"text-align: justify;\">Seit dem Schuljahr 2015\/2016 engagieren wir uns f\u00fcr den Verein namibiakids e.V. mit Sitz in Kressbronn. Der Verein unterst\u00fctzt Kinderhilfsprojekte in Namibia, wie z.B. Aufkl\u00e4rung \u00fcber Aids, Anleitung K\u00f6rperhygiene, Unterst\u00fctzung und Beratung von benachteiligten Kindern, Schulgeld\/Schuluniform\/Schulb\u00fccher und Bereitstellung bzw. Anleitung zu ausgewogenem Essen f\u00fcr Kinder. Eine Sportplatzsanierung an einer Schule wurde von namibiakids e.V. organisiert und unterst\u00fctzt.<\/p>\n<div id=\"attachment_3058\" style=\"width: 120px\" class=\"wp-caption alignnone\"><a href=\"https:\/\/www.bz-bodnegg.de\/wp-content\/uploads\/2015\/12\/DSC_0361.jpg\"><img loading=\"lazy\" decoding=\"async\" aria-describedby=\"caption-attachment-3058\" class=\"size-thumbnail wp-image-3058\" src=\"https:\/\/www.bz-bodnegg.de\/wp-content\/uploads\/2015\/12\/DSC_0361-110x110.jpg\" alt=\"Unsere Infowand \" width=\"110\" height=\"110\" srcset=\"https:\/\/www.bz-bodnegg.de\/wp-content\/uploads\/2015\/12\/DSC_0361-110x110.jpg 110w, https:\/\/www.bz-bodnegg.de\/wp-content\/uploads\/2015\/12\/DSC_0361-144x144.jpg 144w\" sizes=\"auto, (max-width: 110px) 100vw, 110px\" \/><\/a><p id=\"caption-attachment-3058\" class=\"wp-caption-text\">Unsere Infowand<\/p><\/div>\n<p>Aktuell wird die \u201ePrivate school of Rehoboth\u201c unterst\u00fctzt. Wir haben Kontakt mit Schulleiterin Vera Tune, die uns einige Informationen \u00fcber ihre Schule geben konnte:<\/p>\n<p style=\"text-align: justify;\"><em>Derzeit gehen ca. 120 Sch\u00fclerInnen in die Klassen 1-10 bei einer Klassengr\u00f6\u00dfe von h\u00f6chstens 15 Sch\u00fclerInnen. Somit k\u00f6nnen alle Bed\u00fcrfnisse der Kinder ber\u00fccksichtigt werden, die sonst in einer staatlichen Schule mit mehr als 40 Sch\u00fclerInnen untergehen w\u00fcrden.<\/em><\/p>\n<p style=\"text-align: justify;\"><em>Das Schulgeld wird bei \u00e4rmeren Familien von namibiakids \u00fcbernommen.<\/em><\/p>\n<p style=\"text-align: justify;\"><em>Ziel der \u201ePrivat school of Rehoboth\u201c ist es, ein Grundst\u00fcck zu kaufen und selbst zu bauen. Dies ist notwendig, um die Schule auf Ganztagesbetrieb umzustellen und auch andere Bereiche ausbauen zu k\u00f6nnen, um die Chancen nach der Schule auf einen beruflichen Einstieg verbessern zu k\u00f6nnen. In diesem Ganztagesbetrieb soll dann am Nachmittag die Hausaufgabenbetreuung mit eingebaut werden. Das Angebot des Mittagessens wird Mitarbeit von Sch\u00fclern angeboten und hier soll auch das selbst angebaute Gem\u00fcse mit verarbeitet werden. F\u00fcr den handwerklichen Bereich sollen Technikr\u00e4ume erstellt werden, ebenso wie ein Sportplatz. Dies steht im Moment in den sehr beengten R\u00e4umlichkeiten nicht zur Verf\u00fcgung.<\/em><\/p>\n<p style=\"text-align: justify;\">Der Verein namibiakids e.V. pflegt einen engen Austausch mit unserer Schule. Wir sehen viele M\u00f6glichkeiten, den Verein zu unterst\u00fctzen und unsere Sch\u00fclerInnen aktiv in eine Unterst\u00fctzerarbeit miteinzubeziehen. Das Sammeln von Spenden bei Klassenaktionen, Schulfest, Sportfest oder an den Markttagen der SMV\u2026.jeder freiwillige Cent z\u00e4hlt.<br \/>\nUnsere Sch\u00fclerinnen und Sch\u00fcler bilden dadurch ihre individuelle Haltung zur Welt weiter aus und erlangen einen wichtigen Beitrag f\u00fcr ihre soziale Kompetenz. Der direkte Kontakt zum Verein, aber auch nach Namibia erm\u00f6glicht eine gro\u00dfe Transparenz und schafft eine produktive N\u00e4he, die unsere Sch\u00fclerInnen \u201ehautnah\u201c erleben d\u00fcrfen.<\/p>\n<p style=\"text-align: justify;\">Unser schuleigenes Spendenkonto f\u00fcr namibiakids e.V.<\/p>\n<p style=\"text-align: center;\">Empf\u00e4nger: BZB namibiakids<br \/>\nKreissparkasse Ravensburg<br \/>\nIBAN: DE16 6505 0110 0112 0095 73<br \/>\nBIC: SOLADES1RVB<\/p>\n<p style=\"text-align: left;\"><a href=\"https:\/\/www.bz-bodnegg.de\/wp-content\/uploads\/2015\/12\/DSC_0040.jpg\"><img loading=\"lazy\" decoding=\"async\" class=\"alignnone size-thumbnail wp-image-2029\" src=\"https:\/\/www.bz-bodnegg.de\/wp-content\/uploads\/2015\/12\/DSC_0040-110x110.jpg\" alt=\"DSC_0040\" width=\"110\" height=\"110\" srcset=\"https:\/\/www.bz-bodnegg.de\/wp-content\/uploads\/2015\/12\/DSC_0040-110x110.jpg 110w, https:\/\/www.bz-bodnegg.de\/wp-content\/uploads\/2015\/12\/DSC_0040-144x144.jpg 144w\" sizes=\"auto, (max-width: 110px) 100vw, 110px\" \/><\/a>\u00a0<a href=\"https:\/\/www.bz-bodnegg.de\/wp-content\/uploads\/2015\/12\/Fu\u00df10.jpg\"><img loading=\"lazy\" decoding=\"async\" class=\"alignnone size-thumbnail wp-image-2033\" src=\"https:\/\/www.bz-bodnegg.de\/wp-content\/uploads\/2015\/12\/Fu\u00df10-110x110.jpg\" alt=\"Fu\u00df10\" width=\"110\" height=\"110\" srcset=\"https:\/\/www.bz-bodnegg.de\/wp-content\/uploads\/2015\/12\/Fu\u00df10-110x110.jpg 110w, https:\/\/www.bz-bodnegg.de\/wp-content\/uploads\/2015\/12\/Fu\u00df10-144x144.jpg 144w\" sizes=\"auto, (max-width: 110px) 100vw, 110px\" \/><\/a> <a href=\"https:\/\/www.bz-bodnegg.de\/wp-content\/uploads\/2015\/12\/Fu\u00df5.jpg\"><img loading=\"lazy\" decoding=\"async\" class=\"alignnone size-thumbnail wp-image-2034\" src=\"https:\/\/www.bz-bodnegg.de\/wp-content\/uploads\/2015\/12\/Fu\u00df5-110x110.jpg\" alt=\"Fu\u00df5\" width=\"110\" height=\"110\" srcset=\"https:\/\/www.bz-bodnegg.de\/wp-content\/uploads\/2015\/12\/Fu\u00df5-110x110.jpg 110w, https:\/\/www.bz-bodnegg.de\/wp-content\/uploads\/2015\/12\/Fu\u00df5-144x144.jpg 144w\" sizes=\"auto, (max-width: 110px) 100vw, 110px\" \/><\/a>\u00a0<a href=\"https:\/\/www.bz-bodnegg.de\/wp-content\/uploads\/2015\/12\/DSC_0041.jpg\"><img loading=\"lazy\" decoding=\"async\" class=\"alignnone size-thumbnail wp-image-2030\" src=\"https:\/\/www.bz-bodnegg.de\/wp-content\/uploads\/2015\/12\/DSC_0041-110x110.jpg\" alt=\"DSC_0041\" width=\"110\" height=\"110\" srcset=\"https:\/\/www.bz-bodnegg.de\/wp-content\/uploads\/2015\/12\/DSC_0041-110x110.jpg 110w, https:\/\/www.bz-bodnegg.de\/wp-content\/uploads\/2015\/12\/DSC_0041-144x144.jpg 144w\" sizes=\"auto, (max-width: 110px) 100vw, 110px\" \/><\/a>\u00a0<a href=\"https:\/\/www.bz-bodnegg.de\/wp-content\/uploads\/2015\/12\/DSC_0046.jpg\"><img loading=\"lazy\" decoding=\"async\" class=\"alignnone size-thumbnail wp-image-2031\" src=\"https:\/\/www.bz-bodnegg.de\/wp-content\/uploads\/2015\/12\/DSC_0046-110x110.jpg\" alt=\"DSC_0046\" width=\"110\" height=\"110\" srcset=\"https:\/\/www.bz-bodnegg.de\/wp-content\/uploads\/2015\/12\/DSC_0046-110x110.jpg 110w, https:\/\/www.bz-bodnegg.de\/wp-content\/uploads\/2015\/12\/DSC_0046-144x144.jpg 144w\" sizes=\"auto, (max-width: 110px) 100vw, 110px\" \/><\/a>\u00a0<a href=\"https:\/\/www.bz-bodnegg.de\/wp-content\/uploads\/2015\/12\/DSC_0100.jpg\"><img loading=\"lazy\" decoding=\"async\" class=\"alignnone size-thumbnail wp-image-2032\" src=\"https:\/\/www.bz-bodnegg.de\/wp-content\/uploads\/2015\/12\/DSC_0100-110x110.jpg\" alt=\"DSC_0100\" width=\"110\" height=\"110\" srcset=\"https:\/\/www.bz-bodnegg.de\/wp-content\/uploads\/2015\/12\/DSC_0100-110x110.jpg 110w, https:\/\/www.bz-bodnegg.de\/wp-content\/uploads\/2015\/12\/DSC_0100-144x144.jpg 144w\" sizes=\"auto, (max-width: 110px) 100vw, 110px\" \/><\/a>\u00a0<a href=\"https:\/\/www.bz-bodnegg.de\/wp-content\/uploads\/2016\/04\/DSC_0193.jpg\"><img loading=\"lazy\" decoding=\"async\" class=\"alignnone size-thumbnail wp-image-2211\" src=\"https:\/\/www.bz-bodnegg.de\/wp-content\/uploads\/2016\/04\/DSC_0193-110x110.jpg\" alt=\"DSC_0193\" width=\"110\" height=\"110\" srcset=\"https:\/\/www.bz-bodnegg.de\/wp-content\/uploads\/2016\/04\/DSC_0193-110x110.jpg 110w, https:\/\/www.bz-bodnegg.de\/wp-content\/uploads\/2016\/04\/DSC_0193-144x144.jpg 144w\" sizes=\"auto, (max-width: 110px) 100vw, 110px\" \/><\/a>\u00a0<a href=\"https:\/\/www.bz-bodnegg.de\/wp-content\/uploads\/2015\/12\/DSC_0202.jpg\"><img loading=\"lazy\" decoding=\"async\" class=\"alignnone size-thumbnail wp-image-2215\" src=\"https:\/\/www.bz-bodnegg.de\/wp-content\/uploads\/2015\/12\/DSC_0202-110x110.jpg\" alt=\"DSC_0202\" width=\"110\" height=\"110\" srcset=\"https:\/\/www.bz-bodnegg.de\/wp-content\/uploads\/2015\/12\/DSC_0202-110x110.jpg 110w, https:\/\/www.bz-bodnegg.de\/wp-content\/uploads\/2015\/12\/DSC_0202-144x144.jpg 144w\" sizes=\"auto, (max-width: 110px) 100vw, 110px\" \/><\/a> <a href=\"https:\/\/www.bz-bodnegg.de\/wp-content\/uploads\/2015\/12\/DSC_0203.jpg\"><img loading=\"lazy\" decoding=\"async\" class=\"alignnone size-thumbnail wp-image-2216\" src=\"https:\/\/www.bz-bodnegg.de\/wp-content\/uploads\/2015\/12\/DSC_0203-110x110.jpg\" alt=\"DSC_0203\" width=\"110\" height=\"110\" srcset=\"https:\/\/www.bz-bodnegg.de\/wp-content\/uploads\/2015\/12\/DSC_0203-110x110.jpg 110w, https:\/\/www.bz-bodnegg.de\/wp-content\/uploads\/2015\/12\/DSC_0203-144x144.jpg 144w\" sizes=\"auto, (max-width: 110px) 100vw, 110px\" \/><\/a> <a href=\"https:\/\/www.bz-bodnegg.de\/wp-content\/uploads\/2015\/12\/DSC_0209.jpg\"><img loading=\"lazy\" decoding=\"async\" class=\"alignnone size-thumbnail wp-image-2217\" src=\"https:\/\/www.bz-bodnegg.de\/wp-content\/uploads\/2015\/12\/DSC_0209-110x110.jpg\" alt=\"DSC_0209\" width=\"110\" height=\"110\" srcset=\"https:\/\/www.bz-bodnegg.de\/wp-content\/uploads\/2015\/12\/DSC_0209-110x110.jpg 110w, https:\/\/www.bz-bodnegg.de\/wp-content\/uploads\/2015\/12\/DSC_0209-144x144.jpg 144w\" sizes=\"auto, (max-width: 110px) 100vw, 110px\" \/><\/a> <a href=\"https:\/\/www.bz-bodnegg.de\/wp-content\/uploads\/2015\/12\/DSC_0204.jpg\"><img loading=\"lazy\" decoding=\"async\" class=\"alignnone size-thumbnail wp-image-2218\" src=\"https:\/\/www.bz-bodnegg.de\/wp-content\/uploads\/2015\/12\/DSC_0204-110x110.jpg\" alt=\"DSC_0204\" width=\"110\" height=\"110\" srcset=\"https:\/\/www.bz-bodnegg.de\/wp-content\/uploads\/2015\/12\/DSC_0204-110x110.jpg 110w, https:\/\/www.bz-bodnegg.de\/wp-content\/uploads\/2015\/12\/DSC_0204-144x144.jpg 144w\" sizes=\"auto, (max-width: 110px) 100vw, 110px\" \/><\/a><\/p>\n<p>&nbsp;<\/p>\n","protected":false},"excerpt":{"rendered":"<p>Schule aktiv f\u00fcr namibiakids e.V. Das Bildungszentrum Bodnegg war in den letzten Jahren die erste Schule Deutschlands, die aktiv f\u00fcr unicef t\u00e4tig war. Mit dem Auslaufen der erfolgreichen Unterst\u00fctzerarbeit f\u00fcr unicef wuchs die Idee f\u00fcr ein neues Projekt. Seit dem Schuljahr 2015\/2016 engagieren wir uns f\u00fcr den Verein namibiakids e.V. mit Sitz in Kressbronn. Der [&hellip;]<\/p>\n","protected":false},"author":4,"featured_media":1927,"parent":0,"menu_order":0,"comment_status":"closed","ping_status":"closed","template":"","meta":{"_mc_calendar":[],"footnotes":""},"class_list":["post-1854","page","type-page","status-publish","has-post-thumbnail","hentry"],"_links":{"self":[{"href":"https:\/\/www.bz-bodnegg.de\/index.php?rest_route=\/wp\/v2\/pages\/1854","targetHints":{"allow":["GET"]}}],"collection":[{"href":"https:\/\/www.bz-bodnegg.de\/index.php?rest_route=\/wp\/v2\/pages"}],"about":[{"href":"https:\/\/www.bz-bodnegg.de\/index.php?rest_route=\/wp\/v2\/types\/page"}],"author":[{"embeddable":true,"href":"https:\/\/www.bz-bodnegg.de\/index.php?rest_route=\/wp\/v2\/users\/4"}],"replies":[{"embeddable":true,"href":"https:\/\/www.bz-bodnegg.de\/index.php?rest_route=%2Fwp%2Fv2%2Fcomments&post=1854"}],"version-history":[{"count":6,"href":"https:\/\/www.bz-bodnegg.de\/index.php?rest_route=\/wp\/v2\/pages\/1854\/revisions"}],"predecessor-version":[{"id":3059,"href":"https:\/\/www.bz-bodnegg.de\/index.php?rest_route=\/wp\/v2\/pages\/1854\/revisions\/3059"}],"wp:featuredmedia":[{"embeddable":true,"href":"https:\/\/www.bz-bodnegg.de\/index.php?rest_route=\/wp\/v2\/media\/1927"}],"wp:attachment":[{"href":"https:\/\/www.bz-bodnegg.de\/index.php?rest_route=%2Fwp%2Fv2%2Fmedia&parent=1854"}],"curies":[{"name":"wp","href":"https:\/\/api.w.org\/{rel}","templated":true}]}}