{"id":1857,"date":"2015-12-18T12:40:23","date_gmt":"2015-12-18T10:40:23","guid":{"rendered":"http:\/\/www.bz-bodnegg.de\/?page_id=1857"},"modified":"2024-10-09T15:57:40","modified_gmt":"2024-10-09T13:57:40","slug":"grundschulchor","status":"publish","type":"page","link":"https:\/\/www.bz-bodnegg.de\/?page_id=1857","title":{"rendered":"Grundschulchor"},"content":{"rendered":"<p style=\"text-align: justify;\"><strong>\u00a0&#8222;Dr\u00fcckt&#8217;s dich wo &#8211; sing dich froh!&#8220;\u00a0\u00a0\u00a0\u00a0<\/strong><\/p>\n<p style=\"text-align: justify;\">Singen macht allen Kindern Spa\u00df, gemeinsam im Chor singen bereitet besonders viel Freude. Deshalb treffen sich in jedem Schuljahr mittwochs \u00fcber 50 \u201esingfreudige\u201c Kinder von Klasse 2-4 in der ersten Unterrichtsstunde unter der Leitung von Frau M\u00fcller und Frau Diehm zum Chorsingen.<\/p>\n<p style=\"text-align: justify;\"><strong>Jeder ist willkommen! <\/strong>Das fr\u00fche Aufstehen lohnt sich, denn Singen macht uns richtig fit f\u00fcr den anstrengenden Schultag! Zu Beginn m\u00fcssen wir wie im Sport den K\u00f6rper warm machen. Deshalb singen wir am Anfang der Chorstunde lustige Lieder, die wir mit Bewegungen ausgestalten. Das macht Spa\u00df und wir bereiten gleichzeitig die Stimme f\u00fcr das Singen vor. Dabei geht es auch um die richtige Atmung und die Aussprache.<\/p>\n<p style=\"text-align: justify;\">Die Chorkinder freuen sich jedes Jahr darauf, die erarbeiteten Lieder einem Publikum vorzutragen. Wir erleben und erfahren, dass Auff\u00fchrungen nur gelingen k\u00f6nnen, wenn alle zusammenarbeiten und bei der Vorbereitung mit Ernst und Konzentration dabei sind.<\/p>\n<p style=\"text-align: justify;\">Wir singen bei verschiedenen Schulfeiern, Gottesdiensten, Seniorennachmittagen, beim B\u00fcchereijubil\u00e4um und auf der Landesgartenschau. Ganz gro\u00dfe Auftritte haben wir beim Chorfestival im Europapark sowie bei 6K United in M\u00fcnchen, einem Chorfestival mit 6000 S\u00e4ngerInnen.<\/p>\n<p style=\"text-align: justify;\">\n","protected":false},"excerpt":{"rendered":"<p>\u00a0&#8222;Dr\u00fcckt&#8217;s dich wo &#8211; sing dich froh!&#8220;\u00a0\u00a0\u00a0\u00a0 Singen macht allen Kindern Spa\u00df, gemeinsam im Chor singen bereitet besonders viel Freude. Deshalb treffen sich in jedem Schuljahr mittwochs \u00fcber 50 \u201esingfreudige\u201c Kinder von Klasse 2-4 in der ersten Unterrichtsstunde unter der Leitung von Frau M\u00fcller und Frau Diehm zum Chorsingen. Jeder ist willkommen! Das fr\u00fche Aufstehen [&hellip;]<\/p>\n","protected":false},"author":4,"featured_media":11642,"parent":0,"menu_order":0,"comment_status":"closed","ping_status":"closed","template":"","meta":{"_mc_calendar":[],"footnotes":""},"class_list":["post-1857","page","type-page","status-publish","has-post-thumbnail","hentry"],"_links":{"self":[{"href":"https:\/\/www.bz-bodnegg.de\/index.php?rest_route=\/wp\/v2\/pages\/1857","targetHints":{"allow":["GET"]}}],"collection":[{"href":"https:\/\/www.bz-bodnegg.de\/index.php?rest_route=\/wp\/v2\/pages"}],"about":[{"href":"https:\/\/www.bz-bodnegg.de\/index.php?rest_route=\/wp\/v2\/types\/page"}],"author":[{"embeddable":true,"href":"https:\/\/www.bz-bodnegg.de\/index.php?rest_route=\/wp\/v2\/users\/4"}],"replies":[{"embeddable":true,"href":"https:\/\/www.bz-bodnegg.de\/index.php?rest_route=%2Fwp%2Fv2%2Fcomments&post=1857"}],"version-history":[{"count":4,"href":"https:\/\/www.bz-bodnegg.de\/index.php?rest_route=\/wp\/v2\/pages\/1857\/revisions"}],"predecessor-version":[{"id":11644,"href":"https:\/\/www.bz-bodnegg.de\/index.php?rest_route=\/wp\/v2\/pages\/1857\/revisions\/11644"}],"wp:featuredmedia":[{"embeddable":true,"href":"https:\/\/www.bz-bodnegg.de\/index.php?rest_route=\/wp\/v2\/media\/11642"}],"wp:attachment":[{"href":"https:\/\/www.bz-bodnegg.de\/index.php?rest_route=%2Fwp%2Fv2%2Fmedia&parent=1857"}],"curies":[{"name":"wp","href":"https:\/\/api.w.org\/{rel}","templated":true}]}}