{"id":1863,"date":"2015-12-18T12:41:29","date_gmt":"2015-12-18T10:41:29","guid":{"rendered":"http:\/\/www.bz-bodnegg.de\/?page_id=1863"},"modified":"2017-02-07T15:45:54","modified_gmt":"2017-02-07T13:45:54","slug":"gs-pausenstreitschlichter","status":"publish","type":"page","link":"https:\/\/www.bz-bodnegg.de\/?page_id=1863","title":{"rendered":"GS Pausenstreitschlichter"},"content":{"rendered":"<p style=\"text-align: justify;\">An der Grundschule fest etabliert ist seit dem Schuljahr 2009\/2010 das Projekt<\/p>\n<p><strong>&#8222;Gro\u00dfe Pause &#8211; PausenstreitschlichterInnen der GS im Einsatz&#8220;<\/strong><\/p>\n<p style=\"text-align: justify;\">Zehn Viertkl\u00e4sslerInnen,\u00a0 von den Grundsch\u00fclerInnen der Klassen 1-3\u00a0gew\u00e4hlt, durchlaufen in der ersten Schulwoche nach den Sommerferien eine ganzt\u00e4gige Ausbildung zum Pausenstreitschlichter. Die \u201eVierer\u201c\u00a0werden von\u00a0Claudia Kirchhoff auf ihren Einsatz in der gro\u00dfen Pause auf dem Schulhof\u00a0vorbereitet. Pro Schultag hat ein Pausenstreitschlichterpaar auf dem Grundschulpausenhof Dienst, erkennbar am hellblauen Schl\u00fcsselband mit gelbem Ausweis. Au\u00dferdem dient eine Infowand mit Fotos im Foyer der Grundschule als Erkennungsmerkmal.<br \/>\n\u00dcbergeordnetes Ziel der Pausenstreitschlichter ist \u201eAufeinander achten \u2013 f\u00fcreinander da sein\u201c. Entstehende Probleme k\u00f6nnen so schon oft im Keim erstickt werden bzw. kleinere Streitereien direkt auf dem Pausenhof geschlichtet werden. Pausenstreitschlichter setzen sich mit den Problemen und Bed\u00fcrfnissen Gleichgesinnter auseinander &#8211; ganz ohne Erwachsene.<\/p>\n<p style=\"text-align: justify;\">Die Bodnegger Pausenstreitschlichter werden jedes Jahr darauf geschult, m\u00f6glichst eine win-win L\u00f6sung herzustellen. Wenn dieses nicht m\u00f6glich ist, da der Konflikt beispielsweise zu stark ausgepr\u00e4gt ist, werden die LehrerInnen miteinbezogen. Hierzu haben alle Pausenstreitschlichter w\u00e4hrend der Ausbildung das n\u00f6tige Handwerkszeug mitbekommen.<\/p>\n","protected":false},"excerpt":{"rendered":"<p>An der Grundschule fest etabliert ist seit dem Schuljahr 2009\/2010 das Projekt &#8222;Gro\u00dfe Pause &#8211; PausenstreitschlichterInnen der GS im Einsatz&#8220; Zehn Viertkl\u00e4sslerInnen,\u00a0 von den Grundsch\u00fclerInnen der Klassen 1-3\u00a0gew\u00e4hlt, durchlaufen in der ersten Schulwoche nach den Sommerferien eine ganzt\u00e4gige Ausbildung zum Pausenstreitschlichter. Die \u201eVierer\u201c\u00a0werden von\u00a0Claudia Kirchhoff auf ihren Einsatz in der gro\u00dfen Pause auf dem Schulhof\u00a0vorbereitet. [&hellip;]<\/p>\n","protected":false},"author":4,"featured_media":1999,"parent":0,"menu_order":0,"comment_status":"closed","ping_status":"closed","template":"","meta":{"_mc_calendar":[],"footnotes":""},"class_list":["post-1863","page","type-page","status-publish","has-post-thumbnail","hentry"],"_links":{"self":[{"href":"https:\/\/www.bz-bodnegg.de\/index.php?rest_route=\/wp\/v2\/pages\/1863","targetHints":{"allow":["GET"]}}],"collection":[{"href":"https:\/\/www.bz-bodnegg.de\/index.php?rest_route=\/wp\/v2\/pages"}],"about":[{"href":"https:\/\/www.bz-bodnegg.de\/index.php?rest_route=\/wp\/v2\/types\/page"}],"author":[{"embeddable":true,"href":"https:\/\/www.bz-bodnegg.de\/index.php?rest_route=\/wp\/v2\/users\/4"}],"replies":[{"embeddable":true,"href":"https:\/\/www.bz-bodnegg.de\/index.php?rest_route=%2Fwp%2Fv2%2Fcomments&post=1863"}],"version-history":[{"count":4,"href":"https:\/\/www.bz-bodnegg.de\/index.php?rest_route=\/wp\/v2\/pages\/1863\/revisions"}],"predecessor-version":[{"id":3096,"href":"https:\/\/www.bz-bodnegg.de\/index.php?rest_route=\/wp\/v2\/pages\/1863\/revisions\/3096"}],"wp:featuredmedia":[{"embeddable":true,"href":"https:\/\/www.bz-bodnegg.de\/index.php?rest_route=\/wp\/v2\/media\/1999"}],"wp:attachment":[{"href":"https:\/\/www.bz-bodnegg.de\/index.php?rest_route=%2Fwp%2Fv2%2Fmedia&parent=1863"}],"curies":[{"name":"wp","href":"https:\/\/api.w.org\/{rel}","templated":true}]}}