{"id":1953,"date":"2016-01-26T09:33:11","date_gmt":"2016-01-26T07:33:11","guid":{"rendered":"http:\/\/www.bz-bodnegg.de\/?page_id=1953"},"modified":"2025-02-14T07:57:35","modified_gmt":"2025-02-14T05:57:35","slug":"grundschule","status":"publish","type":"page","link":"https:\/\/www.bz-bodnegg.de\/?page_id=1953","title":{"rendered":"Grundschule"},"content":{"rendered":"<p style=\"text-align: justify;\">Unsere Schule<\/p>\n<p style=\"text-align: justify;\">Die Grundschule ist die gemeinsame Grundstufe des Schulwesens. Sie vermittelt Grundkenntnisse und Grundfertigkeiten. Ihr besonderer Auftrag ist gekennzeichnet durch die allm\u00e4hliche Hinf\u00fchrung der Sch\u00fclerinnen und Sch\u00fcler von den spielerischen Formen zu den schulischen Formen des Lernens und Arbeitens.<\/p>\n<p style=\"text-align: justify;\">Dazu geh\u00f6ren die Entfaltung der verschiedenen Begabungen der Sch\u00fclerinnen und Sch\u00fcler in einem gemeinsamen Bildungsgang, die Ein\u00fcbung von Verhaltensweisen f\u00fcr das Zusammenleben sowie die F\u00f6rderung der Kr\u00e4fte des eigenen Gestaltens und des sch\u00f6pferischen Ausdrucks.<\/p>\n<p style=\"text-align: justify;\">Die Grundschule Bodnegg ist in der Dorfstra\u00dfe 26 angesiedelt. Das helle und sanierte gelbe Geb\u00e4ude bietet in ansprechenden Klassenzimmern und einem freundlichen Foyer viel Platz f\u00fcr die Erst- bis Viertkl\u00e4sslerInnen. Ein Pausenhof mit Kletterger\u00fcst, TT-Platte und viel Platz l\u00e4dt in den Pausen zum Verweilen und Bewegen ein.<\/p>\n<p style=\"text-align: justify;\">In unserer ein- bis zweiz\u00fcgigen Grundschule lernen die 100 &#8211; 120 Kinder nicht nur Lesen, Schreiben und Rechnen. Der Schultag soll mit Leben gef\u00fcllt werden. <a href=\"https:\/\/www.bz-bodnegg.de\/wp-content\/uploads\/2015\/10\/Konzeption-GSB.pdf\" target=\"_blank\" rel=\"noopener noreferrer\">Bewegung<\/a>, Spiele, der <a href=\"https:\/\/www.bz-bodnegg.de\/?page_id=1857\">Grundschulchor<\/a>, Feste und Feiern haben hier genauso ihren Platz wie das Lernen und der Erwerb grundlegender Kenntnisse und F\u00e4higkeiten.<\/p>\n<p style=\"text-align: justify;\">\u00dcberdies hinaus wollen wir Kinder in ihrer Pers\u00f6nlichkeit st\u00e4rken. So ebnen sich Wege zu einem sozialen Verhalten, einer Team- und Kooperationsf\u00e4higkeit, einer Kritikf\u00e4higkeit und auch die F\u00e4higkeit zur Selbstkritik. Der Bereich des sozialen Engagements wird an unserer Schule gro\u00df geschrieben. Das Projekt <a href=\"https:\/\/www.bz-bodnegg.de\/?page_id=1863\">\u201eGS-Pausenstreitschlichter\u201c<\/a> bew\u00e4hrt sich seit vielen Jahren.<\/p>\n<p style=\"text-align: justify;\">Mit einem stimmigen <a href=\"https:\/\/www.bz-bodnegg.de\/wp-content\/uploads\/2022\/11\/1_Beratungskonzeption-GRUNDSCHULE-BZB.pdf\" target=\"_blank\" rel=\"noopener noreferrer\">Beratungskonzept <\/a>pflegen wir einen konstanten und engen Austausch mit dem Elternhaus.<\/p>\n<p style=\"text-align: justify;\">Das gemeinsame <a href=\"https:\/\/www.bz-bodnegg.de\/?page_id=1930\">Leitbild<\/a> begleitet uns in unserem Schulleben.<\/p>\n<p><strong>Betreuung vor und nach dem Unterricht<\/strong><br \/>Die Gemeinde Bodnegg bietet unseren Sch\u00fclerinnen und Sch\u00fclern <a href=\"https:\/\/www.bz-bodnegg.de\/?page_id=8103\" target=\"_blank\" rel=\"noopener noreferrer\">Betreuungsm\u00f6glichkeiten<\/a> von 7-17 Uhr (freitags bis 15.25 Uhr) in den R\u00e4umlichkeiten auf dem Schulgel\u00e4nde.<br \/>Ansprechpartnerin im Rathaus: Diana Sterk, 07520-920812, <a href=\"mailto:sterk@bodnegg.de\" target=\"_blank\" rel=\"noopener\">sterk@bodnegg.de<\/a><\/p>\n\n\n<p><\/p>\n","protected":false},"excerpt":{"rendered":"<p>Unsere Schule Die Grundschule ist die gemeinsame Grundstufe des Schulwesens. Sie vermittelt Grundkenntnisse und Grundfertigkeiten. Ihr besonderer Auftrag ist gekennzeichnet durch die allm\u00e4hliche Hinf\u00fchrung der Sch\u00fclerinnen und Sch\u00fcler von den spielerischen Formen zu den schulischen Formen des Lernens und Arbeitens. Dazu geh\u00f6ren die Entfaltung der verschiedenen Begabungen der Sch\u00fclerinnen und Sch\u00fcler in einem gemeinsamen Bildungsgang, [&hellip;]<\/p>\n","protected":false},"author":4,"featured_media":0,"parent":0,"menu_order":0,"comment_status":"closed","ping_status":"closed","template":"","meta":{"_mc_calendar":[],"footnotes":""},"class_list":["post-1953","page","type-page","status-publish","hentry"],"_links":{"self":[{"href":"https:\/\/www.bz-bodnegg.de\/index.php?rest_route=\/wp\/v2\/pages\/1953","targetHints":{"allow":["GET"]}}],"collection":[{"href":"https:\/\/www.bz-bodnegg.de\/index.php?rest_route=\/wp\/v2\/pages"}],"about":[{"href":"https:\/\/www.bz-bodnegg.de\/index.php?rest_route=\/wp\/v2\/types\/page"}],"author":[{"embeddable":true,"href":"https:\/\/www.bz-bodnegg.de\/index.php?rest_route=\/wp\/v2\/users\/4"}],"replies":[{"embeddable":true,"href":"https:\/\/www.bz-bodnegg.de\/index.php?rest_route=%2Fwp%2Fv2%2Fcomments&post=1953"}],"version-history":[{"count":14,"href":"https:\/\/www.bz-bodnegg.de\/index.php?rest_route=\/wp\/v2\/pages\/1953\/revisions"}],"predecessor-version":[{"id":12113,"href":"https:\/\/www.bz-bodnegg.de\/index.php?rest_route=\/wp\/v2\/pages\/1953\/revisions\/12113"}],"wp:attachment":[{"href":"https:\/\/www.bz-bodnegg.de\/index.php?rest_route=%2Fwp%2Fv2%2Fmedia&parent=1953"}],"curies":[{"name":"wp","href":"https:\/\/api.w.org\/{rel}","templated":true}]}}