{"id":1959,"date":"2016-01-26T09:36:05","date_gmt":"2016-01-26T07:36:05","guid":{"rendered":"http:\/\/www.bz-bodnegg.de\/?page_id=1959"},"modified":"2021-02-09T18:03:38","modified_gmt":"2021-02-09T16:03:38","slug":"realschule","status":"publish","type":"page","link":"https:\/\/www.bz-bodnegg.de\/?page_id=1959","title":{"rendered":"Realschule"},"content":{"rendered":"<p style=\"text-align: justify;\">Die\u00a0Realschule sowie die Werkrealschule sind in\u00a0 gro\u00dfz\u00fcgigen R\u00e4umlichkeiten in den Geb\u00e4uden rund um die Dorfstra\u00dfe 34 angesiedelt.<\/p>\n<p style=\"text-align: justify;\">Am Bildungszentrum Bodnegg arbeiten die verschiedenen Schularten eng zusammen. GEMEINSAM UNTERWEGS \u2013 GEMEINSAM WACHSEN ist uns wichtig, ohne\u00a0jedoch die Ziele und Besonderheiten der\u00a0jeweiligen\u00a0Schulart aus dem Blick zu verlieren, denn die Bildungspl\u00e4ne und Vorgaben sind verpflichtend.<\/p>\n<p style=\"text-align: justify;\"><u>Realschule<\/p>\n<p><\/u><strong>Kurzfilm:<\/strong> <a href=\"https:\/\/www.youtube.com\/watch?v=S9GGA5NucsE&amp;feature=emb_logo\" target=\"_blank\" rel=\"noopener noreferrer\">Die Realschule &#8211; Eine leistungsstarke Schulart<\/a><\/p>\n<p style=\"text-align: justify;\">Die Realschule hat den Anspruch, ihre Sch\u00fclerinnen und Sch\u00fcler durch besonderen Realit\u00e4tsbezug den Zugang zu einer erweiterten Allgemeinbildung zu erm\u00f6glichen. Dazu geh\u00f6rt die Vermittlung\u00a0vertiefter praktischer und theoretischer F\u00e4higkeiten und Fertigkeiten, die den jungen Menschen die Orientierung in der gegenw\u00e4rtigen und zuk\u00fcnftigen Welt erm\u00f6glichen.<\/p>\n<p style=\"text-align: justify;\">Personale Kompetenz, Sozialkompetenz, Methodenkompetenz sowie Fachkompetenz sind f\u00fcr uns Grundlagen f\u00fcr die Bew\u00e4ltigung des zuk\u00fcnftigen Lebens in Beruf und Privatleben.<\/p>\n<p style=\"text-align: justify;\">Nach sechs Schuljahren erhalten unsere Sch\u00fclerinnen und Sch\u00fcler \u00fcber die zentral gestellte Realschulabschlusspr\u00fcfung den Zugang zu anerkannten Ausbildungsberufen sowie zu weiteren schulischen Bildungsg\u00e4ngen, die bis zur allgemeinen Hochschulreife f\u00fchren k\u00f6nnen. Theorie und Praxis sowie Pers\u00f6nlichkeitsorientierung und Sachorientierung werden in der Realschule als gleichwertig angesehen.<\/p>\n<p style=\"text-align: justify;\">Die Realschule schlie\u00dft am Ende der Klasse 10 mit der Mittleren Reife ab. Mit der erfolgreich absolvierten Realschulabschlusspr\u00fcfung bieten sich verschiedene M\u00f6glichkeiten:<\/p>\n<ul>\n<li style=\"text-align: justify;\">Besuch einer auf die Realschule aufbauenden Schulart zum Erwerb der Fachhochschulreife oder allgemeinen Hochschulreife in den beruflichen Gymnasien oder in den allgemeinbildenden Gymnasien;<\/li>\n<li style=\"text-align: justify;\">eine Berufsausbildung in Handwerk, Industrie, Handel oder Verwaltung im Rahmen einer dualen Ausbildung, einer Berufsfachschule, eines Berufskollegs oder den Eintritt in die Beamtenlaufbahn (mittlerer Dienst).<\/li>\n<\/ul>\n<p><a href=\"https:\/\/www.bildungsnavi-bw.de\/\" target=\"_blank\" rel=\"noopener noreferrer\">Finde deinen Weg &#8211; das Bildungsnavi<\/a><\/p>\n<p><strong><span style=\"color: #000000;\">Hier geht es zum Internetauftritt des Kultusministeriums zur Schulart REALSCHULE:\u00a0<\/span><\/strong><br \/>\n<a href=\"http:\/\/www.km-bw.de\/,Lde\/Startseite\/Schule\/Realschule\">Kultusministerium Baden-W\u00fcrttemberg<\/a><\/p>\n","protected":false},"excerpt":{"rendered":"<p>Die\u00a0Realschule sowie die Werkrealschule sind in\u00a0 gro\u00dfz\u00fcgigen R\u00e4umlichkeiten in den Geb\u00e4uden rund um die Dorfstra\u00dfe 34 angesiedelt. Am Bildungszentrum Bodnegg arbeiten die verschiedenen Schularten eng zusammen. GEMEINSAM UNTERWEGS \u2013 GEMEINSAM WACHSEN ist uns wichtig, ohne\u00a0jedoch die Ziele und Besonderheiten der\u00a0jeweiligen\u00a0Schulart aus dem Blick zu verlieren, denn die Bildungspl\u00e4ne und Vorgaben sind verpflichtend. Realschule Kurzfilm: Die [&hellip;]<\/p>\n","protected":false},"author":4,"featured_media":0,"parent":0,"menu_order":0,"comment_status":"closed","ping_status":"closed","template":"","meta":{"_mc_calendar":[],"footnotes":""},"class_list":["post-1959","page","type-page","status-publish","hentry"],"_links":{"self":[{"href":"https:\/\/www.bz-bodnegg.de\/index.php?rest_route=\/wp\/v2\/pages\/1959","targetHints":{"allow":["GET"]}}],"collection":[{"href":"https:\/\/www.bz-bodnegg.de\/index.php?rest_route=\/wp\/v2\/pages"}],"about":[{"href":"https:\/\/www.bz-bodnegg.de\/index.php?rest_route=\/wp\/v2\/types\/page"}],"author":[{"embeddable":true,"href":"https:\/\/www.bz-bodnegg.de\/index.php?rest_route=\/wp\/v2\/users\/4"}],"replies":[{"embeddable":true,"href":"https:\/\/www.bz-bodnegg.de\/index.php?rest_route=%2Fwp%2Fv2%2Fcomments&post=1959"}],"version-history":[{"count":6,"href":"https:\/\/www.bz-bodnegg.de\/index.php?rest_route=\/wp\/v2\/pages\/1959\/revisions"}],"predecessor-version":[{"id":7641,"href":"https:\/\/www.bz-bodnegg.de\/index.php?rest_route=\/wp\/v2\/pages\/1959\/revisions\/7641"}],"wp:attachment":[{"href":"https:\/\/www.bz-bodnegg.de\/index.php?rest_route=%2Fwp%2Fv2%2Fmedia&parent=1959"}],"curies":[{"name":"wp","href":"https:\/\/api.w.org\/{rel}","templated":true}]}}