{"id":2053,"date":"2016-02-20T09:53:00","date_gmt":"2016-02-20T07:53:00","guid":{"rendered":"http:\/\/www.bz-bodnegg.de\/?page_id=2053"},"modified":"2016-02-22T13:36:47","modified_gmt":"2016-02-22T11:36:47","slug":"gsb","status":"publish","type":"page","link":"https:\/\/www.bz-bodnegg.de\/?page_id=2053","title":{"rendered":"GSB"},"content":{"rendered":"<p style=\"text-align: justify;\">Durch gezielte Aktionen f\u00f6rdern wir die Bewegungsmomente im Schulalltag. Wissenschaftliche Studien belegen, dass sich Bewegung positiv auf die sensorische, physische, motorische, kognitive und soziale Entwicklung der Kinder auswirkt.<\/p>\n<p style=\"text-align: justify;\"><span style=\"text-decoration: underline;\">Unser Konzept im \u00dcberblick:<\/span><\/p>\n<ul>\n<li style=\"text-align: justify;\"><strong>Sportunterricht wird (soweit m\u00f6glich) in Einzelstunden erteilt.<\/strong><\/li>\n<li style=\"text-align: justify;\"><strong>Sch\u00fclerinnen und Sch\u00fcler der Klassen 1-4 erhalten Schwimmunterricht.<\/strong><\/li>\n<li style=\"text-align: justify;\"><strong>Rhythmisierter Schulvormittag\/Schultag<\/strong>\n<ul>\n<li>Gro\u00dfe Pause als Aktivpause mit angeleiteten Angeboten der Pausenmentoren im Rahmen \u201eSoziales Engagement\u201c der Neuntkl\u00e4sslerInnen<\/li>\n<li>Trennung Vesperpause \/ Gro\u00dfe Pause (Kl.1+2)<\/li>\n<li>Bedarfsorientierte Bewegungs- bzw. Entspannungspausen zwischen oder w\u00e4hrend der Unterrichtsstunden<\/li>\n<li>\u201eBewegtes Lernen\u201c mit und durch Bewegung<\/li>\n<li>In der Mittagspause gibt es beaufsichtigte Bewegungs- und Sportangebote, die u.a. von Schulsportmentoren (9. Klasse) mitgestaltet werden.<\/li>\n<\/ul>\n<\/li>\n<li><strong>Teilnahme an Sportwettbewerben:<\/strong>\n<ul>\n<li>Bundesjugendspiele<\/li>\n<li>Sportabzeichen<\/li>\n<li>Ravensburg l\u00e4uft<\/li>\n<li>Jugend trainiert f\u00fcr Olympia (Schwimmen)<\/li>\n<\/ul>\n<\/li>\n<\/ul>\n","protected":false},"excerpt":{"rendered":"<p>Durch gezielte Aktionen f\u00f6rdern wir die Bewegungsmomente im Schulalltag. Wissenschaftliche Studien belegen, dass sich Bewegung positiv auf die sensorische, physische, motorische, kognitive und soziale Entwicklung der Kinder auswirkt. Unser Konzept im \u00dcberblick: Sportunterricht wird (soweit m\u00f6glich) in Einzelstunden erteilt. Sch\u00fclerinnen und Sch\u00fcler der Klassen 1-4 erhalten Schwimmunterricht. Rhythmisierter Schulvormittag\/Schultag Gro\u00dfe Pause als Aktivpause mit angeleiteten [&hellip;]<\/p>\n","protected":false},"author":4,"featured_media":2057,"parent":0,"menu_order":0,"comment_status":"closed","ping_status":"closed","template":"","meta":{"_mc_calendar":[],"footnotes":""},"class_list":["post-2053","page","type-page","status-publish","has-post-thumbnail","hentry"],"_links":{"self":[{"href":"https:\/\/www.bz-bodnegg.de\/index.php?rest_route=\/wp\/v2\/pages\/2053","targetHints":{"allow":["GET"]}}],"collection":[{"href":"https:\/\/www.bz-bodnegg.de\/index.php?rest_route=\/wp\/v2\/pages"}],"about":[{"href":"https:\/\/www.bz-bodnegg.de\/index.php?rest_route=\/wp\/v2\/types\/page"}],"author":[{"embeddable":true,"href":"https:\/\/www.bz-bodnegg.de\/index.php?rest_route=\/wp\/v2\/users\/4"}],"replies":[{"embeddable":true,"href":"https:\/\/www.bz-bodnegg.de\/index.php?rest_route=%2Fwp%2Fv2%2Fcomments&post=2053"}],"version-history":[{"count":3,"href":"https:\/\/www.bz-bodnegg.de\/index.php?rest_route=\/wp\/v2\/pages\/2053\/revisions"}],"predecessor-version":[{"id":2058,"href":"https:\/\/www.bz-bodnegg.de\/index.php?rest_route=\/wp\/v2\/pages\/2053\/revisions\/2058"}],"wp:featuredmedia":[{"embeddable":true,"href":"https:\/\/www.bz-bodnegg.de\/index.php?rest_route=\/wp\/v2\/media\/2057"}],"wp:attachment":[{"href":"https:\/\/www.bz-bodnegg.de\/index.php?rest_route=%2Fwp%2Fv2%2Fmedia&parent=2053"}],"curies":[{"name":"wp","href":"https:\/\/api.w.org\/{rel}","templated":true}]}}