{"id":2221,"date":"2016-04-12T18:09:49","date_gmt":"2016-04-12T16:09:49","guid":{"rendered":"http:\/\/www.bz-bodnegg.de\/?page_id=2221"},"modified":"2019-09-04T08:22:37","modified_gmt":"2019-09-04T06:22:37","slug":"schulhunde","status":"publish","type":"page","link":"https:\/\/www.bz-bodnegg.de\/?page_id=2221","title":{"rendered":"Schulhunde"},"content":{"rendered":"<p>[ezcol_1third] <a href=\"https:\/\/www.bz-bodnegg.de\/wp-content\/uploads\/2019\/09\/Fred-mit-Fliege.jpg\"><img loading=\"lazy\" decoding=\"async\" class=\"alignnone wp-image-5754 size-medium\" src=\"https:\/\/www.bz-bodnegg.de\/wp-content\/uploads\/2019\/09\/Fred-mit-Fliege-e1567577590619-225x300.jpg\" alt=\"\" width=\"225\" height=\"300\" srcset=\"https:\/\/www.bz-bodnegg.de\/wp-content\/uploads\/2019\/09\/Fred-mit-Fliege-e1567577590619-225x300.jpg 225w, https:\/\/www.bz-bodnegg.de\/wp-content\/uploads\/2019\/09\/Fred-mit-Fliege-e1567577590619-768x1024.jpg 768w, https:\/\/www.bz-bodnegg.de\/wp-content\/uploads\/2019\/09\/Fred-mit-Fliege-e1567577590619-624x832.jpg 624w\" sizes=\"auto, (max-width: 225px) 100vw, 225px\" \/><\/a>\u00a0<a href=\"https:\/\/www.bz-bodnegg.de\/wp-content\/uploads\/2019\/09\/Fred-und-Frau-Joseph.jpg\"><img loading=\"lazy\" decoding=\"async\" class=\"alignnone wp-image-5753 size-medium\" src=\"https:\/\/www.bz-bodnegg.de\/wp-content\/uploads\/2019\/09\/Fred-und-Frau-Joseph-e1567577633772-225x300.jpg\" alt=\"\" width=\"225\" height=\"300\" srcset=\"https:\/\/www.bz-bodnegg.de\/wp-content\/uploads\/2019\/09\/Fred-und-Frau-Joseph-e1567577633772-225x300.jpg 225w, https:\/\/www.bz-bodnegg.de\/wp-content\/uploads\/2019\/09\/Fred-und-Frau-Joseph-e1567577633772-768x1024.jpg 768w, https:\/\/www.bz-bodnegg.de\/wp-content\/uploads\/2019\/09\/Fred-und-Frau-Joseph-e1567577633772-624x832.jpg 624w\" sizes=\"auto, (max-width: 225px) 100vw, 225px\" \/><\/a> [\/ezcol_1third]<\/p>\n<p style=\"text-align: justify;\">Hallo, ich bin\u00a0<strong>Fred Bones<\/strong>. Ich wurde am 22. Mai 2013 geboren. Man trifft mich \u00fcberall dort, wo mein Frauchen, Frau Joseph ist. Wir sind immer im Team unterwegs. Dank meiner Ausbildung zum Schulhund habe ich die Erlaubnis, im Unterricht und bei den Freizeitaktivit\u00e4ten der Schule dabei zu sein. Ich bin ein Australian Labradoodle, d.h., dass ich nicht haare, damit keiner eine Tierhaarallergie wegen mir bef\u00fcrchten muss. Ich liebe Kinder \u00fcber alles und lasse mich gern streicheln.<br \/>\nDadurch, dass ich schon in das BZB gehe, seit ich 15 Wochen alt war, macht mir der L\u00e4rm im Schulhof nichts aus. Im Klassenzimmer verstecken die Kinder dann den M\u00fcll, mit dem ich so gern spielen w\u00fcrde immer in einem Ding, das sie M\u00fclleimer nennen \u2026 und Frauchen l\u00e4sst mich da nicht ran! Gemein! Jetzt ist der Fu\u00dfboden immer sauber. Auch die Schultaschen mit den leckeren Schulbroten drin, sind immer zu, damit ich darin nicht rumschn\u00fcffeln kann. Mein Frauchen meint, dass die Kinder so schnell lernen, nur ihr Arbeitsmaterial auf dem Tisch zu haben und sich dadurch besser konzentrieren k\u00f6nnen, anstatt in der Tasche zu w\u00fchlen.<\/p>\n<p style=\"text-align: justify;\">Total nett finde ich von den Kindern, dass sie leise sind, wenn ich da bin. Frauchen meint, sie k\u00f6nnen dadurch auch besser lernen. Im Klassenzimmer habe ich einen Platz mit Decke und Trinkwasser f\u00fcr mich. Wenn ich m\u00f6chte, darf ich aber auch rumlaufen und mich streicheln lassen. Meistens d\u00fcrfen das die Sch\u00fcler, die mit ihren Aufgaben schon vor den anderen fertig sind. Nat\u00fcrlich tr\u00f6ste ich traurige Kinder auch gerne oder mache zappelige Kinder entspannter \u2026 und ihr glaubt gar nicht, wie viele Geheimnisse mir die Kinder schon anvertraut haben\u2026 aber versprochen: Ich sage nichts weiter!<\/p>\n<p style=\"text-align: justify;\">In der Hunde-FZG habe ich viel Spa\u00df! Die Kinder dort lernen, wie man mit Hunden umgeht, was mir das Verstehen der Kinder echt leichter macht. Dann gehen wir regelm\u00e4\u00dfig gemeinsam Gassi und spielen tolle Spiele, die sich die Kinder ausdenken.<\/p>\n<p style=\"text-align: justify;\">Und jetzt noch ein pers\u00f6nlicher Wunsch: Bitte werft eure angebissenen Pausenbrote nicht auf den Boden, weil ich die gerne esse und dann immer mit meinem Frauchen \u00c4rger bekomme!<\/p>\n<p style=\"text-align: center;\"><strong>Schulhunde sind:<\/strong><br \/>\nStressfresser<br \/>\nGespr\u00e4chspartner<br \/>\nStimmungsaufheller<br \/>\nMutmacher<br \/>\nSeelentr\u00f6ster<br \/>\nAggressionshemmer<br \/>\nWohlf\u00fchlf\u00f6rderer<br \/>\nLernbeschleuniger<br \/>\nL\u00e4rmd\u00e4mpfer<br \/>\nStreitschlichter<\/p>\n<p>[ezcol_2third_end]<\/p>\n<p style=\"text-align: center;\"><span style=\"color: #800080;\">\u00a0<\/span><\/p>\n<p style=\"text-align: center;\">\n","protected":false},"excerpt":{"rendered":"<p>[ezcol_1third] \u00a0 [\/ezcol_1third] Hallo, ich bin\u00a0Fred Bones. Ich wurde am 22. Mai 2013 geboren. Man trifft mich \u00fcberall dort, wo mein Frauchen, Frau Joseph ist. Wir sind immer im Team unterwegs. Dank meiner Ausbildung zum Schulhund habe ich die Erlaubnis, im Unterricht und bei den Freizeitaktivit\u00e4ten der Schule dabei zu sein. Ich bin ein Australian [&hellip;]<\/p>\n","protected":false},"author":4,"featured_media":0,"parent":0,"menu_order":0,"comment_status":"closed","ping_status":"closed","template":"","meta":{"_mc_calendar":[],"footnotes":""},"class_list":["post-2221","page","type-page","status-publish","hentry"],"_links":{"self":[{"href":"https:\/\/www.bz-bodnegg.de\/index.php?rest_route=\/wp\/v2\/pages\/2221","targetHints":{"allow":["GET"]}}],"collection":[{"href":"https:\/\/www.bz-bodnegg.de\/index.php?rest_route=\/wp\/v2\/pages"}],"about":[{"href":"https:\/\/www.bz-bodnegg.de\/index.php?rest_route=\/wp\/v2\/types\/page"}],"author":[{"embeddable":true,"href":"https:\/\/www.bz-bodnegg.de\/index.php?rest_route=\/wp\/v2\/users\/4"}],"replies":[{"embeddable":true,"href":"https:\/\/www.bz-bodnegg.de\/index.php?rest_route=%2Fwp%2Fv2%2Fcomments&post=2221"}],"version-history":[{"count":9,"href":"https:\/\/www.bz-bodnegg.de\/index.php?rest_route=\/wp\/v2\/pages\/2221\/revisions"}],"predecessor-version":[{"id":5756,"href":"https:\/\/www.bz-bodnegg.de\/index.php?rest_route=\/wp\/v2\/pages\/2221\/revisions\/5756"}],"wp:attachment":[{"href":"https:\/\/www.bz-bodnegg.de\/index.php?rest_route=%2Fwp%2Fv2%2Fmedia&parent=2221"}],"curies":[{"name":"wp","href":"https:\/\/api.w.org\/{rel}","templated":true}]}}