{"id":3098,"date":"2017-02-08T08:08:03","date_gmt":"2017-02-08T06:08:03","guid":{"rendered":"http:\/\/www.bz-bodnegg.de\/?page_id=3098"},"modified":"2022-11-30T09:50:59","modified_gmt":"2022-11-30T07:50:59","slug":"lernentwicklungsgespraeche","status":"publish","type":"page","link":"https:\/\/www.bz-bodnegg.de\/?page_id=3098","title":{"rendered":"LERNENTWICKLUNGSGESPR\u00c4CHE"},"content":{"rendered":"<p style=\"text-align: justify;\"><a href=\"https:\/\/www.bz-bodnegg.de\/wp-content\/uploads\/2017\/02\/DSC_0507.jpg\"><img loading=\"lazy\" decoding=\"async\" class=\"alignnone size-large wp-image-3157\" src=\"https:\/\/www.bz-bodnegg.de\/wp-content\/uploads\/2017\/02\/DSC_0507-1024x683.jpg\" alt=\"DSC_0507\" width=\"625\" height=\"417\" srcset=\"https:\/\/www.bz-bodnegg.de\/wp-content\/uploads\/2017\/02\/DSC_0507.jpg 1024w, https:\/\/www.bz-bodnegg.de\/wp-content\/uploads\/2017\/02\/DSC_0507-300x200.jpg 300w, https:\/\/www.bz-bodnegg.de\/wp-content\/uploads\/2017\/02\/DSC_0507-768x512.jpg 768w, https:\/\/www.bz-bodnegg.de\/wp-content\/uploads\/2017\/02\/DSC_0507-624x416.jpg 624w, https:\/\/www.bz-bodnegg.de\/wp-content\/uploads\/2017\/02\/DSC_0507-900x600.jpg 900w\" sizes=\"auto, (max-width: 625px) 100vw, 625px\" \/><\/a><br \/>\nDie LEGS (Lernentwicklungsgespr\u00e4che) finden in regelm\u00e4\u00dfigen Abst\u00e4nden \u00fcber das ganze Schuljahr verteilt statt. Jeder Sch\u00fclerin und jedem Sch\u00fcler wird daf\u00fcr\u00a0 ein pers\u00f6nlicher Tutor (Lernbegleitlehrer) zugeordnet, der diesen auf seinem Weg kompetent anleitet, begleitet und auf vertraulicher Ebene diese hilfestellenden und\u00a0 wegweisenden Lernentwicklungsgespr\u00e4che f\u00fchrt. Das bedeutet die Sch\u00fclerin oder der Sch\u00fcler kann mit seinem Tutor\u00a0 \u00fcber seine Erfolge und Probleme offen sprechen und sicher sein, dass das Gespr\u00e4ch unter vier Ohren bleibt, es sei denn es handelt sich um Themen die mit gegenseitigem Einverst\u00e4ndnis auch mit anderen (Lehrern oder Sch\u00fclern) besprochen werden sollten.<\/p>\n<p style=\"text-align: justify;\">Ein vorgefertigtes Protokollblatt hilft, sich sp\u00e4ter bei Folgegespr\u00e4chen\u00a0 an den protokollierten Inhalten zu orientieren und gegebenenfalls ankn\u00fcpfen zu k\u00f6nnen. Das Protokoll des Sch\u00fclers wird am Ende vom Sch\u00fcler und vom Tutor unterschrieben. Hierdurch wird dem Sch\u00fcler auch verst\u00e4rkt bewusst, dass seine Notizen durchaus wertgesch\u00e4tzt werden.<\/p>\n","protected":false},"excerpt":{"rendered":"<p>Die LEGS (Lernentwicklungsgespr\u00e4che) finden in regelm\u00e4\u00dfigen Abst\u00e4nden \u00fcber das ganze Schuljahr verteilt statt. Jeder Sch\u00fclerin und jedem Sch\u00fcler wird daf\u00fcr\u00a0 ein pers\u00f6nlicher Tutor (Lernbegleitlehrer) zugeordnet, der diesen auf seinem Weg kompetent anleitet, begleitet und auf vertraulicher Ebene diese hilfestellenden und\u00a0 wegweisenden Lernentwicklungsgespr\u00e4che f\u00fchrt. Das bedeutet die Sch\u00fclerin oder der Sch\u00fcler kann mit seinem Tutor\u00a0 \u00fcber [&hellip;]<\/p>\n","protected":false},"author":4,"featured_media":0,"parent":0,"menu_order":0,"comment_status":"closed","ping_status":"closed","template":"","meta":{"_mc_calendar":[],"footnotes":""},"class_list":["post-3098","page","type-page","status-publish","hentry"],"_links":{"self":[{"href":"https:\/\/www.bz-bodnegg.de\/index.php?rest_route=\/wp\/v2\/pages\/3098","targetHints":{"allow":["GET"]}}],"collection":[{"href":"https:\/\/www.bz-bodnegg.de\/index.php?rest_route=\/wp\/v2\/pages"}],"about":[{"href":"https:\/\/www.bz-bodnegg.de\/index.php?rest_route=\/wp\/v2\/types\/page"}],"author":[{"embeddable":true,"href":"https:\/\/www.bz-bodnegg.de\/index.php?rest_route=\/wp\/v2\/users\/4"}],"replies":[{"embeddable":true,"href":"https:\/\/www.bz-bodnegg.de\/index.php?rest_route=%2Fwp%2Fv2%2Fcomments&post=3098"}],"version-history":[{"count":4,"href":"https:\/\/www.bz-bodnegg.de\/index.php?rest_route=\/wp\/v2\/pages\/3098\/revisions"}],"predecessor-version":[{"id":9362,"href":"https:\/\/www.bz-bodnegg.de\/index.php?rest_route=\/wp\/v2\/pages\/3098\/revisions\/9362"}],"wp:attachment":[{"href":"https:\/\/www.bz-bodnegg.de\/index.php?rest_route=%2Fwp%2Fv2%2Fmedia&parent=3098"}],"curies":[{"name":"wp","href":"https:\/\/api.w.org\/{rel}","templated":true}]}}