{"id":3595,"date":"2017-07-10T11:37:25","date_gmt":"2017-07-10T09:37:25","guid":{"rendered":"http:\/\/www.bz-bodnegg.de\/?page_id=3595"},"modified":"2023-12-07T15:49:03","modified_gmt":"2023-12-07T13:49:03","slug":"schulkleidung","status":"publish","type":"page","link":"https:\/\/www.bz-bodnegg.de\/?page_id=3595","title":{"rendered":"Schulkleidung"},"content":{"rendered":"\n<div class=\"wp-block-media-text alignwide is-stacked-on-mobile\" style=\"grid-template-columns:40% auto\"><figure class=\"wp-block-media-text__media\"><a href=\"https:\/\/shops.schulkleidung.de\/Bildungszentrum-Bodnegg\" target=\"_blank\" rel=\"noreferrer noopener\"><img loading=\"lazy\" decoding=\"async\" width=\"300\" height=\"250\" src=\"https:\/\/www.bz-bodnegg.de\/wp-content\/uploads\/2023\/02\/300x250.jpg\" alt=\"\" class=\"wp-image-9701 size-full\"\/><\/a><\/figure><div class=\"wp-block-media-text__content\">\n<p><strong>&#8222;Coole Klamotten mit Schullogo drauf?&#8220;\u00a0Warum nicht?<\/strong><br>Schule ist f\u00fcr uns ein wichtiger Lebensraum, der neben vielen Dingen Werte vermitteln und den Zusammenhalt f\u00f6rdern will. GEMEINSAM WACHSEN &#8211; GEMEINSAM UNTERWEGS.<br>Sch\u00fclerinnen und Sch\u00fcler identifizieren sich mit ihrer Schule und sind stolz, dazu zu geh\u00f6ren. Unser Schulkleidungsangebot, versehen mit einem unserer zwei Schullogos, besteht aus T-Shirts, Poloshirts,  Hoodies, Sweatshirtjacken und n\u00fctzlichen Accessoires wie Turnbeutel, Umh\u00e4ngetasche und Tasse.<\/p>\n<\/div><\/div>\n\n\n\n<div class=\"wp-block-media-text alignwide is-stacked-on-mobile\" style=\"grid-template-columns:40% auto\"><figure class=\"wp-block-media-text__media\"><a href=\"https:\/\/shops.schulkleidung.de\/Bildungszentrum-Bodnegg\" target=\"_blank\" rel=\"noreferrer noopener\"><img loading=\"lazy\" decoding=\"async\" width=\"336\" height=\"280\" src=\"https:\/\/www.bz-bodnegg.de\/wp-content\/uploads\/2023\/02\/336x280_GS.jpg\" alt=\"\" class=\"wp-image-9702 size-full\" srcset=\"https:\/\/www.bz-bodnegg.de\/wp-content\/uploads\/2023\/02\/336x280_GS.jpg 336w, https:\/\/www.bz-bodnegg.de\/wp-content\/uploads\/2023\/02\/336x280_GS-300x250.jpg 300w\" sizes=\"auto, (max-width: 336px) 100vw, 336px\" \/><\/a><\/figure><div class=\"wp-block-media-text__content\">\n<p>Im Kaufpreis ist ein Beitrag von 0,50\u20ac enthalten, mit dem wir unser schulisches Unterst\u00fctzerprojekt &#8222;namibiakids e.V.&#8220; unterst\u00fctzen.<\/p>\n\n\n\n<p>Das Tragen von Schulkleidung ist an unserer Schule freiwillig.<br>Mit der Firma Hi5 konnten wir einen kompetenten Partner in Sachen Schulkleidung gewinnen. Innerhalb des Schuljahres gibt es einen Bestellzeitraum im Herbst.<\/p>\n<\/div><\/div>\n\n\n\n<p>Der genaue Bestellzeitraum wird rechtzeitig bekannt gegeben. Nach Beendigung des Bestellzeitraumes wird die Schulkleidung gedruckt und als Sammelpaket an die Schule geliefert. Somit entfallen die Versandkosten f\u00fcr jeden einzelnen Haushalt.<\/p>\n\n\n\n<p>Als Verbundschule mit drei Schularten bieten wir Schulkleidung mit zwei verschiedenen Logos an, so dass f\u00fcr jeden etwas dabei ist. Die Logos wurden von unseren Sch\u00fclerinnen und Sch\u00fclern gew\u00e4hlt. Unsere Schulkleidung kann im Bestellzeitraum bequem von zu Hause \u00fcber den Online-Shop auf unserer Homepage erworben werden.<br><a rel=\"noreferrer noopener\" href=\"https:\/\/schulkleidung.de\/shop\/index.php?nr=LFJTZYU2\" target=\"_blank\">Online-Shop Schulkleidung<\/a><\/p>\n\n\n\n<div class=\"wp-block-columns is-layout-flex wp-container-core-columns-is-layout-9d6595d7 wp-block-columns-is-layout-flex\">\n<div class=\"wp-block-column is-layout-flow wp-block-column-is-layout-flow\">\n<figure class=\"wp-block-image size-large\"><img decoding=\"async\" src=\"https:\/\/www.bz-bodnegg.de\/wp-content\/uploads\/2017\/07\/Logo1.jpg\" alt=\"\"\/><\/figure>\n<\/div>\n\n\n\n<div class=\"wp-block-column is-layout-flow wp-block-column-is-layout-flow\">\n<figure class=\"wp-block-image size-large\"><img decoding=\"async\" src=\"https:\/\/www.bz-bodnegg.de\/wp-content\/uploads\/2017\/07\/Logo2.jpg\" alt=\"\"\/><\/figure>\n<\/div>\n<\/div>\n\n\n\n<p><strong><a rel=\"noreferrer noopener\" href=\"https:\/\/www.bz-bodnegg.de\/?page_id=9134\" target=\"_blank\">SECOND HAND MARKT Schulkleidung<\/a><\/strong><br>Gut erhaltene Kleidung kann bei Frau Kirchhoff zum Verkauf gemeldet werden. Richten Sie Ihre Email an <a rel=\"noreferrer noopener\" href=\"mailto:c.kirchhoff@bz-bodnegg.de\" target=\"_blank\">c.kirchhoff@bz-bodnegg.de<\/a>.<\/p>\n","protected":false},"excerpt":{"rendered":"<p>&#8222;Coole Klamotten mit Schullogo drauf?&#8220;\u00a0Warum nicht?Schule ist f\u00fcr uns ein wichtiger Lebensraum, der neben vielen Dingen Werte vermitteln und den Zusammenhalt f\u00f6rdern will. GEMEINSAM WACHSEN &#8211; GEMEINSAM UNTERWEGS.Sch\u00fclerinnen und Sch\u00fcler identifizieren sich mit ihrer Schule und sind stolz, dazu zu geh\u00f6ren. Unser Schulkleidungsangebot, versehen mit einem unserer zwei Schullogos, besteht aus T-Shirts, Poloshirts, Hoodies, Sweatshirtjacken [&hellip;]<\/p>\n","protected":false},"author":4,"featured_media":0,"parent":0,"menu_order":0,"comment_status":"closed","ping_status":"closed","template":"","meta":{"_mc_calendar":[],"footnotes":""},"class_list":["post-3595","page","type-page","status-publish","hentry"],"_links":{"self":[{"href":"https:\/\/www.bz-bodnegg.de\/index.php?rest_route=\/wp\/v2\/pages\/3595","targetHints":{"allow":["GET"]}}],"collection":[{"href":"https:\/\/www.bz-bodnegg.de\/index.php?rest_route=\/wp\/v2\/pages"}],"about":[{"href":"https:\/\/www.bz-bodnegg.de\/index.php?rest_route=\/wp\/v2\/types\/page"}],"author":[{"embeddable":true,"href":"https:\/\/www.bz-bodnegg.de\/index.php?rest_route=\/wp\/v2\/users\/4"}],"replies":[{"embeddable":true,"href":"https:\/\/www.bz-bodnegg.de\/index.php?rest_route=%2Fwp%2Fv2%2Fcomments&post=3595"}],"version-history":[{"count":18,"href":"https:\/\/www.bz-bodnegg.de\/index.php?rest_route=\/wp\/v2\/pages\/3595\/revisions"}],"predecessor-version":[{"id":10778,"href":"https:\/\/www.bz-bodnegg.de\/index.php?rest_route=\/wp\/v2\/pages\/3595\/revisions\/10778"}],"wp:attachment":[{"href":"https:\/\/www.bz-bodnegg.de\/index.php?rest_route=%2Fwp%2Fv2%2Fmedia&parent=3595"}],"curies":[{"name":"wp","href":"https:\/\/api.w.org\/{rel}","templated":true}]}}