{"id":379,"date":"2014-09-18T11:38:05","date_gmt":"2014-09-18T09:38:05","guid":{"rendered":"http:\/\/www.bz-bodnegg.de\/?page_id=379"},"modified":"2022-11-30T10:44:25","modified_gmt":"2022-11-30T08:44:25","slug":"mittagessen","status":"publish","type":"page","link":"https:\/\/www.bz-bodnegg.de\/?page_id=379","title":{"rendered":"Mittagessen"},"content":{"rendered":"<div class=\"page\" title=\"Page 1\">\n<div class=\"section\">\n<div class=\"layoutArea\">\n<div class=\"column\">\n<p><a href=\"https:\/\/www.bz-bodnegg.de\/wp-content\/uploads\/2014\/09\/DSC_0397.jpg\"><img loading=\"lazy\" decoding=\"async\" class=\"alignnone size-full wp-image-3065\" src=\"https:\/\/www.bz-bodnegg.de\/wp-content\/uploads\/2014\/09\/DSC_0397.jpg\" alt=\"DSC_0397\" width=\"1024\" height=\"510\" srcset=\"https:\/\/www.bz-bodnegg.de\/wp-content\/uploads\/2014\/09\/DSC_0397.jpg 1024w, https:\/\/www.bz-bodnegg.de\/wp-content\/uploads\/2014\/09\/DSC_0397-300x149.jpg 300w, https:\/\/www.bz-bodnegg.de\/wp-content\/uploads\/2014\/09\/DSC_0397-768x383.jpg 768w, https:\/\/www.bz-bodnegg.de\/wp-content\/uploads\/2014\/09\/DSC_0397-624x311.jpg 624w, https:\/\/www.bz-bodnegg.de\/wp-content\/uploads\/2014\/09\/DSC_0397-900x448.jpg 900w\" sizes=\"auto, (max-width: 1024px) 100vw, 1024px\" \/><\/a><br \/>\nAm BZB wird t\u00e4glich frisch und mit regionalen Produkten gekocht. Unter Mitwirkung von Sch\u00fclerInnen bereitet unser K\u00fcchenteam um Chefkoch Thomas Schupp jeden Tag ein leckeres und ausgewogenes Mittagessen vor. Der Speiseplan ist auf dieser Homepage im DOWNLOADBEREICH oder am rechten Rand in der Desktopversion einsehbar.<\/p>\n<p><a href=\"https:\/\/www.bz-bodnegg.de\/wp-content\/uploads\/2014\/09\/DSC_0392.jpg\"><img loading=\"lazy\" decoding=\"async\" class=\"alignnone size-thumbnail wp-image-3066\" src=\"https:\/\/www.bz-bodnegg.de\/wp-content\/uploads\/2014\/09\/DSC_0392-110x110.jpg\" alt=\"DSC_0392\" width=\"110\" height=\"110\" srcset=\"https:\/\/www.bz-bodnegg.de\/wp-content\/uploads\/2014\/09\/DSC_0392-110x110.jpg 110w, https:\/\/www.bz-bodnegg.de\/wp-content\/uploads\/2014\/09\/DSC_0392-144x144.jpg 144w\" sizes=\"auto, (max-width: 110px) 100vw, 110px\" \/><\/a> <a href=\"https:\/\/www.bz-bodnegg.de\/wp-content\/uploads\/2014\/09\/DSC_0394.jpg\"><img loading=\"lazy\" decoding=\"async\" class=\"alignnone size-thumbnail wp-image-3067\" src=\"https:\/\/www.bz-bodnegg.de\/wp-content\/uploads\/2014\/09\/DSC_0394-110x110.jpg\" alt=\"DSC_0394\" width=\"110\" height=\"110\" srcset=\"https:\/\/www.bz-bodnegg.de\/wp-content\/uploads\/2014\/09\/DSC_0394-110x110.jpg 110w, https:\/\/www.bz-bodnegg.de\/wp-content\/uploads\/2014\/09\/DSC_0394-144x144.jpg 144w\" sizes=\"auto, (max-width: 110px) 100vw, 110px\" \/><\/a> <a href=\"https:\/\/www.bz-bodnegg.de\/wp-content\/uploads\/2014\/09\/DSC_0395.jpg\"><img loading=\"lazy\" decoding=\"async\" class=\"alignnone size-thumbnail wp-image-3068\" src=\"https:\/\/www.bz-bodnegg.de\/wp-content\/uploads\/2014\/09\/DSC_0395-110x110.jpg\" alt=\"DSC_0395\" width=\"110\" height=\"110\" srcset=\"https:\/\/www.bz-bodnegg.de\/wp-content\/uploads\/2014\/09\/DSC_0395-110x110.jpg 110w, https:\/\/www.bz-bodnegg.de\/wp-content\/uploads\/2014\/09\/DSC_0395-144x144.jpg 144w\" sizes=\"auto, (max-width: 110px) 100vw, 110px\" \/><\/a><\/p>\n<p>zu beachten:<br \/>\n<a style=\"line-height: 1.714285714; font-size: 1rem;\" href=\"https:\/\/www.bz-bodnegg.de\/wp-content\/uploads\/2014\/09\/Information-allergene-Stoffe.pdf\">Information allergene Stoffe<\/a><\/p>\n<\/div>\n<\/div>\n<\/div>\n<\/div>\n<p><a href=\"https:\/\/www.bz-bodnegg.de\/wp-content\/uploads\/2014\/09\/Speiseplan-KW46-ab-10.11.pdf\"><br \/>\n<\/a><a href=\"https:\/\/www.bz-bodnegg.de\/wp-content\/uploads\/2014\/09\/Speiseplan-KW45-ab-03.11.pdf\" target=\"_blank\" rel=\"noopener\"><br \/>\n<\/a><a href=\"https:\/\/www.bz-bodnegg.de\/wp-content\/uploads\/2014\/09\/Speiseplan-KW40_ab-29.09..pdf\"><br \/>\n<\/a><a href=\"https:\/\/www.bz-bodnegg.de\/wp-content\/uploads\/2014\/09\/SpeiseplanKW39_ab22.09..pdf\" target=\"_blank\" rel=\"noopener\"><br \/>\n<\/a><\/p>\n","protected":false},"excerpt":{"rendered":"<p>Am BZB wird t\u00e4glich frisch und mit regionalen Produkten gekocht. Unter Mitwirkung von Sch\u00fclerInnen bereitet unser K\u00fcchenteam um Chefkoch Thomas Schupp jeden Tag ein leckeres und ausgewogenes Mittagessen vor. Der Speiseplan ist auf dieser Homepage im DOWNLOADBEREICH oder am rechten Rand in der Desktopversion einsehbar. zu beachten: Information allergene Stoffe<\/p>\n","protected":false},"author":4,"featured_media":0,"parent":0,"menu_order":0,"comment_status":"closed","ping_status":"closed","template":"","meta":{"_mc_calendar":[],"footnotes":""},"class_list":["post-379","page","type-page","status-publish","hentry"],"_links":{"self":[{"href":"https:\/\/www.bz-bodnegg.de\/index.php?rest_route=\/wp\/v2\/pages\/379","targetHints":{"allow":["GET"]}}],"collection":[{"href":"https:\/\/www.bz-bodnegg.de\/index.php?rest_route=\/wp\/v2\/pages"}],"about":[{"href":"https:\/\/www.bz-bodnegg.de\/index.php?rest_route=\/wp\/v2\/types\/page"}],"author":[{"embeddable":true,"href":"https:\/\/www.bz-bodnegg.de\/index.php?rest_route=\/wp\/v2\/users\/4"}],"replies":[{"embeddable":true,"href":"https:\/\/www.bz-bodnegg.de\/index.php?rest_route=%2Fwp%2Fv2%2Fcomments&post=379"}],"version-history":[{"count":32,"href":"https:\/\/www.bz-bodnegg.de\/index.php?rest_route=\/wp\/v2\/pages\/379\/revisions"}],"predecessor-version":[{"id":9372,"href":"https:\/\/www.bz-bodnegg.de\/index.php?rest_route=\/wp\/v2\/pages\/379\/revisions\/9372"}],"wp:attachment":[{"href":"https:\/\/www.bz-bodnegg.de\/index.php?rest_route=%2Fwp%2Fv2%2Fmedia&parent=379"}],"curies":[{"name":"wp","href":"https:\/\/api.w.org\/{rel}","templated":true}]}}