{"id":54,"date":"2014-09-11T07:01:43","date_gmt":"2014-09-11T05:01:43","guid":{"rendered":"http:\/\/www.bz-bodnegg.de\/?page_id=54"},"modified":"2026-01-27T16:13:06","modified_gmt":"2026-01-27T14:13:06","slug":"schulsozialarbeit","status":"publish","type":"page","link":"https:\/\/www.bz-bodnegg.de\/?page_id=54","title":{"rendered":"Schulsozialarbeit"},"content":{"rendered":"\n<div class=\"wp-block-columns is-layout-flex wp-container-core-columns-is-layout-9d6595d7 wp-block-columns-is-layout-flex\">\n<div class=\"wp-block-column is-layout-flow wp-block-column-is-layout-flow\">\n<figure class=\"wp-block-image size-large is-resized\"><img decoding=\"async\" src=\"https:\/\/www.bz-bodnegg.de\/wp-content\/uploads\/2016\/12\/Bild-Anja-Schule_klein-1.jpg\" alt=\"\" style=\"width:132px;height:169px\"\/><\/figure>\n\n\n\n<p><strong>Schulsozialarbeiterin<br>Sekundarstufe<\/strong><br><strong>Anja&nbsp;Dvorski<\/strong><br>07520 \u2013 9207 16<br><a rel=\"noreferrer noopener\" href=\"mailto:a.dvorski@bz-bodnegg.de\" target=\"_blank\">a.dvorski@bz-bodnegg.de<\/a><br><a rel=\"noreferrer noopener\" href=\"mailto:schulsozialarbeit@bz-bodnegg.de\" target=\"_blank\">schulsozialarbeit@bz-bodnegg.de<\/a>  <\/p>\n\n\n\n<p><strong>Sprechzeiten:<br><\/strong>Mo. &#8211; Do. 8:30 &#8211; 15:30 Uhr<br>Fr. &nbsp;8.30 &#8211; 14.00 Uhr<br>und nach Vereinbarung<\/p>\n<\/div>\n\n\n\n<div class=\"wp-block-column is-layout-flow wp-block-column-is-layout-flow\">\n<figure class=\"wp-block-image size-large is-resized\"><img decoding=\"async\" src=\"https:\/\/www.bz-bodnegg.de\/wp-content\/uploads\/2021\/03\/K-S.jpg\" alt=\"\" style=\"width:113px;height:170px\"\/><\/figure>\n\n\n\n<p><strong>Schulsozialarbeiterin<br>Grundschule <br><\/strong><strong>Barbara Kuhn-Schwarz<\/strong><br>07520 \u2013 9207 38<br><a href=\"mailto:b.kuhn-schwarz@bz-bodnegg.de\" target=\"_blank\" rel=\"noreferrer noopener\">b.kuhn-schwarz@bz-bodnegg.de<\/a> <br><br><strong>Sprechzeiten:<br><\/strong>Di, Mi, Do 08:30 Uhr &#8211; 15:30 Uhr<br>und nach Vereinbarung<br><\/p>\n<\/div>\n<\/div>\n\n\n\n<p><\/p>\n\n\n\n<figure class=\"wp-block-image\"><a href=\"https:\/\/www.instagram.com\/schulsozialarbeitbzb\/\" target=\"_blank\" rel=\"noopener noreferrer\"><img decoding=\"async\" src=\"https:\/\/www.bz-bodnegg.de\/wp-content\/uploads\/2020\/04\/Instagram.jpg\" alt=\"\"\/><\/a><\/figure>\n\n\n\n<figure class=\"wp-block-image\"><a href=\"https:\/\/www.facebook.com\/schulsozialabeit.bzbbodnegg.3\" target=\"_blank\" rel=\"noopener noreferrer\"><img decoding=\"async\" src=\"https:\/\/www.bz-bodnegg.de\/wp-content\/uploads\/2020\/04\/Facebook.png\" alt=\"\"\/><\/a><\/figure>\n\n\n\n<p><\/p>\n\n\n\n<p><strong>Was ist Schulsozialarbeit?<br><\/strong>Schulsozialarbeit ist ein <strong>freiwilliges, kostenloses <\/strong>und <strong>vertrauliches <\/strong>Angebot an einer Schule. Sie <strong>f\u00f6rdert <\/strong>junge Menschen in ihrer <strong>pers\u00f6nlichen<\/strong> und <strong>sozialen Entwicklung<\/strong>, mit dem Ziel, dass der Schulalltag gelingt und die Sch\u00fclerinnen und Sch\u00fcler gerne in die Schule gehen. <strong>Grundlage<\/strong> daf\u00fcr ist das <strong>Kinder \u2013 und Jugendhilfegesetz (SGB VIII) <\/strong>und das Schulgesetz des Landes Baden \u2013 W\u00fcrttemberg.<\/p>\n\n\n\n<p><strong>MITTENDRIN\u2026<\/strong><br>An unserer Schule gibt es die&nbsp;<strong>M\u00f6glichkeit<\/strong>, f\u00fcr alles, was<br>Sch\u00fclerinnen und Sch\u00fcler,<br>Eltern,<br>Lehrerinnen und Lehrer<br>besch\u00e4ftigt und bewegt,<br><strong>Unterst\u00fctzung<\/strong> zu bekommen und <strong>L\u00f6sungsans\u00e4tze<\/strong> zu erarbeiten.<\/p>\n\n\n\n<p><strong>WIR SIND F\u00dcR DICH DA!<\/strong><br>Ein Angebot f\u00fcr Sch\u00fclerinnen und Sch\u00fcler<\/p>\n\n\n\n<ul class=\"wp-block-list\">\n<li>Wir sind f\u00fcr dich da,<\/li>\n\n\n\n<li>h\u00f6ren dir zu<\/li>\n\n\n\n<li>und finden mit dir zusammen L\u00f6sungen und Wege.<\/li>\n<\/ul>\n\n\n\n<p><strong>WEGE SEHEN\u2026<\/strong><br>Ein Angebot f\u00fcr Eltern<\/p>\n\n\n\n<ul class=\"wp-block-list\">\n<li>Wir bieten Ihnen unverbindliche und neutrale Beratung.<\/li>\n\n\n\n<li>Wir informieren und vermitteln Kontakte zu weiterf\u00fchrenden Angeboten.<\/li>\n\n\n\n<li>Wir sind ein Bindeglied zwischen Eltern und Lehrpersonen.<\/li>\n<\/ul>\n\n\n\n<p><strong>UNTERST\u00dcTZUNG BEKOMMEN\u2026<\/strong><br>Ein Angebot f\u00fcr Lehrerinnen und Lehrer<\/p>\n\n\n\n<ul class=\"wp-block-list\">\n<li>Wir intervenieren und f\u00fchren Projekte in den Klassen durch.<\/li>\n\n\n\n<li>Wir beraten und unterst\u00fctze bei Konflikten.<\/li>\n\n\n\n<li>Wir begleiten Elterngespr\u00e4che.<\/li>\n\n\n\n<li>Wir geben Entlastung bei Problemen mit sozialem Hintergrund.<\/li>\n<\/ul>\n\n\n\n<p><strong>ERKL\u00c4RUNGEN, M\u00d6GLICHKEITEN, HILFESYSTEME &#8211; ein <a href=\"https:\/\/padlet.com\/lernwerkstattrv\/1jnv3f2kaf1pg3q\" target=\"_blank\" rel=\"noopener\">Padlet<\/a> f\u00fcr Eltern<\/strong><\/p>\n\n\n\n<p><a href=\"https:\/\/padlet.com\/lernwerkstattrv\/1jnv3f2kaf1pg3q\"><img loading=\"lazy\" decoding=\"async\" class=\"alignnone wp-image-9208 size-full\" src=\"https:\/\/www.bz-bodnegg.de\/wp-content\/uploads\/2022\/11\/Unbenannt.jpg\" alt=\"\" width=\"2406\" height=\"434\" srcset=\"https:\/\/www.bz-bodnegg.de\/wp-content\/uploads\/2022\/11\/Unbenannt.jpg 2406w, https:\/\/www.bz-bodnegg.de\/wp-content\/uploads\/2022\/11\/Unbenannt-300x54.jpg 300w, https:\/\/www.bz-bodnegg.de\/wp-content\/uploads\/2022\/11\/Unbenannt-1024x185.jpg 1024w, https:\/\/www.bz-bodnegg.de\/wp-content\/uploads\/2022\/11\/Unbenannt-768x139.jpg 768w, https:\/\/www.bz-bodnegg.de\/wp-content\/uploads\/2022\/11\/Unbenannt-1536x277.jpg 1536w, https:\/\/www.bz-bodnegg.de\/wp-content\/uploads\/2022\/11\/Unbenannt-2048x369.jpg 2048w, https:\/\/www.bz-bodnegg.de\/wp-content\/uploads\/2022\/11\/Unbenannt-624x113.jpg 624w\" sizes=\"auto, (max-width: 2406px) 100vw, 2406px\" \/><\/a><br>News, Notfall\/Hilfe, Finanzielle Unterst\u00fctzungen, Trennung &#8211; Eltern bleiben, Medienpr\u00e4vention GS + Sek, Suchtpr\u00e4vention, Gewaltpr\u00e4vention, Resilienz\/Achtsamkeit, Respekt, Kinderrechte\/Demokratie, Diversit\u00e4t, Mobbing, Essst\u00f6rungen, Sch\u00f6nheitsideale, AD(H)S, Autismus, Trauma, Tod\/Trauer, &#8230;<\/p>\n\n\n\n<p><span style=\"font-size: revert;\"><a href=\"https:\/\/www.bz-bodnegg.de\/wp-content\/uploads\/2023\/01\/qr_code-1.png\"><img loading=\"lazy\" decoding=\"async\" width=\"180\" height=\"180\" class=\"alignnone  wp-image-9537\" src=\"https:\/\/www.bz-bodnegg.de\/wp-content\/uploads\/2023\/01\/qr_code-1.png\" alt=\"\" srcset=\"https:\/\/www.bz-bodnegg.de\/wp-content\/uploads\/2023\/01\/qr_code-1.png 1280w, https:\/\/www.bz-bodnegg.de\/wp-content\/uploads\/2023\/01\/qr_code-1-300x300.png 300w, https:\/\/www.bz-bodnegg.de\/wp-content\/uploads\/2023\/01\/qr_code-1-1024x1024.png 1024w, https:\/\/www.bz-bodnegg.de\/wp-content\/uploads\/2023\/01\/qr_code-1-110x110.png 110w, https:\/\/www.bz-bodnegg.de\/wp-content\/uploads\/2023\/01\/qr_code-1-768x768.png 768w, https:\/\/www.bz-bodnegg.de\/wp-content\/uploads\/2023\/01\/qr_code-1-144x144.png 144w, https:\/\/www.bz-bodnegg.de\/wp-content\/uploads\/2023\/01\/qr_code-1-624x624.png 624w\" sizes=\"auto, (max-width: 180px) 100vw, 180px\" \/><\/a><\/span><\/p>\n","protected":false},"excerpt":{"rendered":"<p>SchulsozialarbeiterinSekundarstufeAnja&nbsp;Dvorski07520 \u2013 9207 16a.dvorski@bz-bodnegg.deschulsozialarbeit@bz-bodnegg.de Sprechzeiten:Mo. &#8211; Do. 8:30 &#8211; 15:30 UhrFr. &nbsp;8.30 &#8211; 14.00 Uhrund nach Vereinbarung SchulsozialarbeiterinGrundschule Barbara Kuhn-Schwarz07520 \u2013 9207 38b.kuhn-schwarz@bz-bodnegg.de Sprechzeiten:Di, Mi, Do 08:30 Uhr &#8211; 15:30 Uhrund nach Vereinbarung Was ist Schulsozialarbeit?Schulsozialarbeit ist ein freiwilliges, kostenloses und vertrauliches Angebot an einer Schule. Sie f\u00f6rdert junge Menschen in ihrer pers\u00f6nlichen und sozialen [&hellip;]<\/p>\n","protected":false},"author":4,"featured_media":0,"parent":0,"menu_order":0,"comment_status":"closed","ping_status":"closed","template":"","meta":{"_mc_calendar":[],"footnotes":""},"class_list":["post-54","page","type-page","status-publish","hentry"],"_links":{"self":[{"href":"https:\/\/www.bz-bodnegg.de\/index.php?rest_route=\/wp\/v2\/pages\/54","targetHints":{"allow":["GET"]}}],"collection":[{"href":"https:\/\/www.bz-bodnegg.de\/index.php?rest_route=\/wp\/v2\/pages"}],"about":[{"href":"https:\/\/www.bz-bodnegg.de\/index.php?rest_route=\/wp\/v2\/types\/page"}],"author":[{"embeddable":true,"href":"https:\/\/www.bz-bodnegg.de\/index.php?rest_route=\/wp\/v2\/users\/4"}],"replies":[{"embeddable":true,"href":"https:\/\/www.bz-bodnegg.de\/index.php?rest_route=%2Fwp%2Fv2%2Fcomments&post=54"}],"version-history":[{"count":82,"href":"https:\/\/www.bz-bodnegg.de\/index.php?rest_route=\/wp\/v2\/pages\/54\/revisions"}],"predecessor-version":[{"id":12898,"href":"https:\/\/www.bz-bodnegg.de\/index.php?rest_route=\/wp\/v2\/pages\/54\/revisions\/12898"}],"wp:attachment":[{"href":"https:\/\/www.bz-bodnegg.de\/index.php?rest_route=%2Fwp%2Fv2%2Fmedia&parent=54"}],"curies":[{"name":"wp","href":"https:\/\/api.w.org\/{rel}","templated":true}]}}