{"id":5956,"date":"2019-11-21T11:14:32","date_gmt":"2019-11-21T09:14:32","guid":{"rendered":"https:\/\/www.bz-bodnegg.de\/?page_id=5956"},"modified":"2020-03-25T08:59:56","modified_gmt":"2020-03-25T06:59:56","slug":"infos","status":"publish","type":"page","link":"https:\/\/www.bz-bodnegg.de\/?page_id=5956","title":{"rendered":"Infos"},"content":{"rendered":"<p style=\"text-align: justify;\"><a href=\"https:\/\/www.bz-bodnegg.de\/wp-content\/uploads\/2019\/11\/Logo.jpg\"><img loading=\"lazy\" decoding=\"async\" class=\"alignnone wp-image-5999 size-large\" src=\"https:\/\/www.bz-bodnegg.de\/wp-content\/uploads\/2019\/11\/Logo-1024x666.jpg\" alt=\"\" width=\"625\" height=\"406\" \/><\/a><br \/>In diesem Schuljahr findet am BZ-Bodnegg das <strong>Projekt \u201eSchule als Stadt\u201c<\/strong> statt. Es ist ein von der SMV ins Leben gerufene Projekt, bei dem sich unsere Schule f\u00fcr eine Woche in eine Stadt verwandelt. In dieser Zeit sind alle am Schulleben beteiligten Personen gleichberechtigter Teil dieser Stadt, welche \u00fcber eine eigene Verfassung, W\u00e4hrung und einer funktionierenden Infrastruktur verf\u00fcgt. G\u00e4ste von au\u00dferhalb sind herzlich willkommen.<\/p>\n<p style=\"text-align: justify;\">Auf dieser Homepage wollen wir allen Interessierten die M\u00f6glichkeit geben, sich \u00fcber unser Projekt zu informieren. Sie finden hier die anstehenden Termine, Erkl\u00e4rungen zu unserer Stadtform und viele weitere Infos rund um das Projekt.<br \/>Wir w\u00fcnschen viel Spa\u00df beim Durchst\u00f6bern und freuen uns nat\u00fcrlich \u00fcber viele Besucher.<\/p>\n<p style=\"text-align: justify;\">Unseren Sch\u00fclerinnen und Sch\u00fclern soll die Homepage einen \u00dcberblick \u00fcber die M\u00f6glichkeiten geben, die sich ihnen w\u00e4hrend des Projektes bieten werden. Hier findet sich ein Leitfaden, wie eine eigene Partei oder ein eigener Betrieb gegr\u00fcndet werden kann, sowie die neusten Infos zu\u00a0 \u201eSchule als Stadt\u201c.<br \/>Es lohnt sich also immer, die Homepage zu besuchen!<\/p>\n<p>Bei Fragen \/ Anregungen:\u00a0<a href=\"mailto:schulealsstadt@bz-bodnegg.de\" target=\"_blank\" rel=\"noopener noreferrer\">schulealsstadt@bz-bodnegg.de<\/a><\/p>\n<p><strong>Das Organisationsteam:<\/strong><br \/><a href=\"https:\/\/www.bz-bodnegg.de\/wp-content\/uploads\/2019\/11\/3Inhalt-INFO-Foto1.jpg\"><img loading=\"lazy\" decoding=\"async\" class=\"alignnone size-medium wp-image-5976\" src=\"https:\/\/www.bz-bodnegg.de\/wp-content\/uploads\/2019\/11\/3Inhalt-INFO-Foto1-300x200.jpg\" alt=\"\" width=\"300\" height=\"200\" srcset=\"https:\/\/www.bz-bodnegg.de\/wp-content\/uploads\/2019\/11\/3Inhalt-INFO-Foto1-300x200.jpg 300w, https:\/\/www.bz-bodnegg.de\/wp-content\/uploads\/2019\/11\/3Inhalt-INFO-Foto1-768x512.jpg 768w, https:\/\/www.bz-bodnegg.de\/wp-content\/uploads\/2019\/11\/3Inhalt-INFO-Foto1-1024x683.jpg 1024w, https:\/\/www.bz-bodnegg.de\/wp-content\/uploads\/2019\/11\/3Inhalt-INFO-Foto1-624x416.jpg 624w\" sizes=\"auto, (max-width: 300px) 100vw, 300px\" \/><\/a><\/p>\n<p><strong>Teilnehmerinnen und Teilnehmer der FZG \u201eSchule als Stadt\u201c<\/strong><br \/><a href=\"https:\/\/www.bz-bodnegg.de\/wp-content\/uploads\/2019\/11\/4Inhalt-INFO-Foto2.jpg\"><img loading=\"lazy\" decoding=\"async\" class=\"alignnone wp-image-5977 size-large\" src=\"https:\/\/www.bz-bodnegg.de\/wp-content\/uploads\/2019\/11\/4Inhalt-INFO-Foto2-1024x511.jpg\" alt=\"\" width=\"625\" height=\"312\" srcset=\"https:\/\/www.bz-bodnegg.de\/wp-content\/uploads\/2019\/11\/4Inhalt-INFO-Foto2-1024x511.jpg 1024w, https:\/\/www.bz-bodnegg.de\/wp-content\/uploads\/2019\/11\/4Inhalt-INFO-Foto2-300x150.jpg 300w, https:\/\/www.bz-bodnegg.de\/wp-content\/uploads\/2019\/11\/4Inhalt-INFO-Foto2-768x383.jpg 768w, https:\/\/www.bz-bodnegg.de\/wp-content\/uploads\/2019\/11\/4Inhalt-INFO-Foto2-624x311.jpg 624w, https:\/\/www.bz-bodnegg.de\/wp-content\/uploads\/2019\/11\/4Inhalt-INFO-Foto2.jpg 1269w\" sizes=\"auto, (max-width: 625px) 100vw, 625px\" \/><\/a><\/p>\n<p><img loading=\"lazy\" decoding=\"async\" class=\"\" src=\"https:\/\/www.bz-bodnegg.de\/wp-content\/uploads\/2020\/03\/Vorbereitungsteam5und6er-1024x768.jpg\" alt=\"Dieses Bild hat ein leeres Alt-Attribut. Der Dateiname ist Vorbereitungsteam5und6er-1024x768.jpg\" width=\"329\" height=\"247\" \/><br \/>An unserem SaS-Brett im Pavillon kann man sich jederzeit auf den neuesten Stand bringen:<br \/><a href=\"https:\/\/www.bz-bodnegg.de\/wp-content\/uploads\/2019\/12\/20191203_143623.jpg\"><img loading=\"lazy\" decoding=\"async\" class=\"alignnone size-medium wp-image-6055\" src=\"https:\/\/www.bz-bodnegg.de\/wp-content\/uploads\/2019\/12\/20191203_143623-300x225.jpg\" alt=\"\" width=\"300\" height=\"225\" srcset=\"https:\/\/www.bz-bodnegg.de\/wp-content\/uploads\/2019\/12\/20191203_143623-300x225.jpg 300w, https:\/\/www.bz-bodnegg.de\/wp-content\/uploads\/2019\/12\/20191203_143623-768x576.jpg 768w, https:\/\/www.bz-bodnegg.de\/wp-content\/uploads\/2019\/12\/20191203_143623-1024x768.jpg 1024w, https:\/\/www.bz-bodnegg.de\/wp-content\/uploads\/2019\/12\/20191203_143623-624x468.jpg 624w\" sizes=\"auto, (max-width: 300px) 100vw, 300px\" \/><\/a><\/p>\n\n\n<p> 25.03.2020 <em><strong><a rel=\"noreferrer noopener\" href=\"https:\/\/www.bz-bodnegg.de\/wp-content\/uploads\/2020\/03\/Aktuelle-Situation-SaS.pdf\" target=\"_blank\">Brief von Herrn Sachs an alle Sch\u00fclerInnen und KollegInnen<\/a><\/strong><\/em> <\/p>\n","protected":false},"excerpt":{"rendered":"<p>In diesem Schuljahr findet am BZ-Bodnegg das Projekt \u201eSchule als Stadt\u201c statt. Es ist ein von der SMV ins Leben gerufene Projekt, bei dem sich unsere Schule f\u00fcr eine Woche in eine Stadt verwandelt. In dieser Zeit sind alle am Schulleben beteiligten Personen gleichberechtigter Teil dieser Stadt, welche \u00fcber eine eigene Verfassung, W\u00e4hrung und einer [&hellip;]<\/p>\n","protected":false},"author":4,"featured_media":0,"parent":0,"menu_order":0,"comment_status":"closed","ping_status":"closed","template":"","meta":{"_mc_calendar":[],"footnotes":""},"class_list":["post-5956","page","type-page","status-publish","hentry"],"_links":{"self":[{"href":"https:\/\/www.bz-bodnegg.de\/index.php?rest_route=\/wp\/v2\/pages\/5956","targetHints":{"allow":["GET"]}}],"collection":[{"href":"https:\/\/www.bz-bodnegg.de\/index.php?rest_route=\/wp\/v2\/pages"}],"about":[{"href":"https:\/\/www.bz-bodnegg.de\/index.php?rest_route=\/wp\/v2\/types\/page"}],"author":[{"embeddable":true,"href":"https:\/\/www.bz-bodnegg.de\/index.php?rest_route=\/wp\/v2\/users\/4"}],"replies":[{"embeddable":true,"href":"https:\/\/www.bz-bodnegg.de\/index.php?rest_route=%2Fwp%2Fv2%2Fcomments&post=5956"}],"version-history":[{"count":9,"href":"https:\/\/www.bz-bodnegg.de\/index.php?rest_route=\/wp\/v2\/pages\/5956\/revisions"}],"predecessor-version":[{"id":6600,"href":"https:\/\/www.bz-bodnegg.de\/index.php?rest_route=\/wp\/v2\/pages\/5956\/revisions\/6600"}],"wp:attachment":[{"href":"https:\/\/www.bz-bodnegg.de\/index.php?rest_route=%2Fwp%2Fv2%2Fmedia&parent=5956"}],"curies":[{"name":"wp","href":"https:\/\/api.w.org\/{rel}","templated":true}]}}