{"id":5963,"date":"2019-11-21T11:12:01","date_gmt":"2019-11-21T09:12:01","guid":{"rendered":"https:\/\/www.bz-bodnegg.de\/?page_id=5963"},"modified":"2020-03-09T15:22:02","modified_gmt":"2020-03-09T13:22:02","slug":"politik","status":"publish","type":"page","link":"https:\/\/www.bz-bodnegg.de\/?page_id=5963","title":{"rendered":"Politik"},"content":{"rendered":"<p><strong>Wahl des Stadtrates \/ Wahl des B\u00fcrgermeisters<br \/><a href=\"https:\/\/www.bz-bodnegg.de\/wp-content\/uploads\/2020\/03\/WAHLERGEBNIS-2020.pdf\" target=\"_blank\" rel=\"noopener noreferrer\">Wahlergebnisse<\/a><br \/><\/strong><\/p>\n<p><strong>Stadtrat<\/strong><br \/>Aufgaben eines Stadtrates:\u00a0 <a href=\"https:\/\/www.bz-bodnegg.de\/wp-content\/uploads\/2020\/02\/Aufgaben-eines-Stadtrates.docx\" target=\"_blank\" rel=\"noopener noreferrer\">Klicke hier<\/a><br \/>Wahlsystem: <a href=\"https:\/\/www.bz-bodnegg.de\/wp-content\/uploads\/2020\/02\/Wahlsystem.pdf\" target=\"_blank\" rel=\"noopener noreferrer\">Klicke hier<\/a><\/p>\n<p><strong>B\u00fcrgermeisterin \/ B\u00fcrgermeister Kandidatur<br \/><\/strong>Mit diesem <a href=\"https:\/\/www.bz-bodnegg.de\/wp-content\/uploads\/2020\/01\/Formular-B\u00fcrgermeisterkandidatur.docx\" target=\"_blank\" rel=\"noopener noreferrer\">Formular <\/a>\u00a0bewirbst du dich.<br \/>Hier findest du die Aufgaben eines B\u00fcrgermeisters:\u00a0<a href=\"https:\/\/www.bz-bodnegg.de\/wp-content\/uploads\/2020\/02\/Aufgaben-des-B\u00fcrgermeisters.docx\" target=\"_blank\" rel=\"noopener noreferrer\">Klicke hier<\/a><\/p>\n<p><strong><br \/>Informationen zur Parteigr\u00fcndung &#8211; IHR k\u00f6nnt unsere Stadt gestalten!<br \/><\/strong><\/p>\n<p>So gr\u00fcndet ihr eure eigene Partei:<\/p>\n<ul>\n<li>Eure Partei muss mindestens <strong>5 Mitglieder <\/strong>haben.<\/li>\n<li>Bitte f\u00fcllt das Formular \u201eParteigr\u00fcndung\u201c aus.<\/li>\n<li>Eure Partei sollte einen <strong>Parteivorsitzenden <\/strong>festlegen.<\/li>\n<li>Alle Politiker k\u00f6nnen zus\u00e4tzlich einen eigenen Betrieb gr\u00fcnden.<\/li>\n<li>Als gew\u00e4hlter Stadtrat nehmt ihr an den regelm\u00e4\u00dfigen Stadtratssitzungen teil, bestimmt \u00fcber die Gesetze der Stadt und bekommt daf\u00fcr ein Gehalt.<\/li>\n<li>Euer Parteiprogramm darf nicht gegen die Verfassung versto\u00dfen.<\/li>\n<\/ul>\n<p><strong>Formulare gibt es hier oder unter DOWNLOADS und an unserem \u201eSchule als Stadt\u201c-Brett.<br \/><a href=\"https:\/\/www.bz-bodnegg.de\/wp-content\/uploads\/2019\/11\/Formular-Parteigr\u00fcndung.pdf\">Formular Parteigr\u00fcndung<\/a><br \/><\/strong><\/p>\n<p><strong>ACHTUNG TERMIN: Die Parteigr\u00fcndung sollte bis Weihnachten abgeschlossen sein.<\/strong><\/p>\n<p><strong>Diese Parteien gibt es bereits:<br \/><\/strong>Mit einem Klick auf das Logo kommst du zum Parteiprogramm.<br \/><strong><br \/><a href=\"https:\/\/www.bz-bodnegg.de\/wp-content\/uploads\/2019\/12\/Parteiprogramm-Moin-PDF-.pdf\" target=\"_blank\" rel=\"noopener noreferrer\"><img loading=\"lazy\" decoding=\"async\" class=\"alignnone wp-image-6082\" src=\"https:\/\/www.bz-bodnegg.de\/wp-content\/uploads\/2019\/12\/Logo-MoinPartei-293x300.jpg\" alt=\"\" width=\"244\" height=\"250\" srcset=\"https:\/\/www.bz-bodnegg.de\/wp-content\/uploads\/2019\/12\/Logo-MoinPartei-293x300.jpg 293w, https:\/\/www.bz-bodnegg.de\/wp-content\/uploads\/2019\/12\/Logo-MoinPartei-624x640.jpg 624w, https:\/\/www.bz-bodnegg.de\/wp-content\/uploads\/2019\/12\/Logo-MoinPartei.jpg 666w\" sizes=\"auto, (max-width: 244px) 100vw, 244px\" \/><\/a> \u00a0\u00a0\u00a0<\/strong><\/p>\n\n\n<figure class=\"wp-block-image size-medium\"><a href=\"https:\\\\www.afb-bodnegg.de\" target=\"_blank\" rel=\"noreferrer noopener\"><img loading=\"lazy\" decoding=\"async\" width=\"300\" height=\"233\" src=\"https:\/\/www.bz-bodnegg.de\/wp-content\/uploads\/2019\/12\/Unbenannt-300x233.jpg\" alt=\"\" class=\"wp-image-6092\" srcset=\"https:\/\/www.bz-bodnegg.de\/wp-content\/uploads\/2019\/12\/Unbenannt-300x233.jpg 300w, https:\/\/www.bz-bodnegg.de\/wp-content\/uploads\/2019\/12\/Unbenannt-768x596.jpg 768w, https:\/\/www.bz-bodnegg.de\/wp-content\/uploads\/2019\/12\/Unbenannt-1024x794.jpg 1024w, https:\/\/www.bz-bodnegg.de\/wp-content\/uploads\/2019\/12\/Unbenannt-624x484.jpg 624w, https:\/\/www.bz-bodnegg.de\/wp-content\/uploads\/2019\/12\/Unbenannt.jpg 1047w\" sizes=\"auto, (max-width: 300px) 100vw, 300px\" \/><\/a><\/figure>\n\n\n\n<figure class=\"wp-block-image size-medium\"><a href=\"http:\/\/uggp-bodnegg.de\/Startseite\" target=\"_blank\" rel=\"noreferrer noopener\"><img loading=\"lazy\" decoding=\"async\" width=\"300\" height=\"169\" src=\"https:\/\/www.bz-bodnegg.de\/wp-content\/uploads\/2019\/12\/Unbenannt-2-300x169.jpg\" alt=\"\" class=\"wp-image-6109\" srcset=\"https:\/\/www.bz-bodnegg.de\/wp-content\/uploads\/2019\/12\/Unbenannt-2-300x169.jpg 300w, https:\/\/www.bz-bodnegg.de\/wp-content\/uploads\/2019\/12\/Unbenannt-2-1024x577.jpg 1024w, https:\/\/www.bz-bodnegg.de\/wp-content\/uploads\/2019\/12\/Unbenannt-2-768x433.jpg 768w, https:\/\/www.bz-bodnegg.de\/wp-content\/uploads\/2019\/12\/Unbenannt-2-1536x865.jpg 1536w, https:\/\/www.bz-bodnegg.de\/wp-content\/uploads\/2019\/12\/Unbenannt-2-624x352.jpg 624w, https:\/\/www.bz-bodnegg.de\/wp-content\/uploads\/2019\/12\/Unbenannt-2.jpg 1793w\" sizes=\"auto, (max-width: 300px) 100vw, 300px\" \/><\/a><\/figure>\n\n\n\n<figure class=\"wp-block-image size-medium\"><a href=\"https:\/\/www.bz-bodnegg.de\/wp-content\/uploads\/2019\/12\/1.pdf\" target=\"_blank\" rel=\"noreferrer noopener\"><img loading=\"lazy\" decoding=\"async\" width=\"300\" height=\"178\" src=\"https:\/\/www.bz-bodnegg.de\/wp-content\/uploads\/2019\/12\/Unbenannt-6-300x178.jpg\" alt=\"\" class=\"wp-image-6235\" srcset=\"https:\/\/www.bz-bodnegg.de\/wp-content\/uploads\/2019\/12\/Unbenannt-6-300x178.jpg 300w, https:\/\/www.bz-bodnegg.de\/wp-content\/uploads\/2019\/12\/Unbenannt-6-1024x607.jpg 1024w, https:\/\/www.bz-bodnegg.de\/wp-content\/uploads\/2019\/12\/Unbenannt-6-768x455.jpg 768w, https:\/\/www.bz-bodnegg.de\/wp-content\/uploads\/2019\/12\/Unbenannt-6-624x370.jpg 624w, https:\/\/www.bz-bodnegg.de\/wp-content\/uploads\/2019\/12\/Unbenannt-6.jpg 1242w\" sizes=\"auto, (max-width: 300px) 100vw, 300px\" \/><\/a><\/figure>\n\n\n\n<figure class=\"wp-block-image size-medium\"><a href=\"https:\/\/www.bz-bodnegg.de\/wp-content\/uploads\/2019\/12\/SDPB.pdf\" target=\"_blank\" rel=\"noreferrer noopener\"><img loading=\"lazy\" decoding=\"async\" width=\"300\" height=\"283\" src=\"https:\/\/www.bz-bodnegg.de\/wp-content\/uploads\/2019\/12\/112-300x283.jpg\" alt=\"\" class=\"wp-image-6243\" srcset=\"https:\/\/www.bz-bodnegg.de\/wp-content\/uploads\/2019\/12\/112-300x283.jpg 300w, https:\/\/www.bz-bodnegg.de\/wp-content\/uploads\/2019\/12\/112.jpg 538w\" sizes=\"auto, (max-width: 300px) 100vw, 300px\" \/><\/a><\/figure>\n","protected":false},"excerpt":{"rendered":"<p>Wahl des Stadtrates \/ Wahl des B\u00fcrgermeistersWahlergebnisse StadtratAufgaben eines Stadtrates:\u00a0 Klicke hierWahlsystem: Klicke hier B\u00fcrgermeisterin \/ B\u00fcrgermeister KandidaturMit diesem Formular \u00a0bewirbst du dich.Hier findest du die Aufgaben eines B\u00fcrgermeisters:\u00a0Klicke hier Informationen zur Parteigr\u00fcndung &#8211; IHR k\u00f6nnt unsere Stadt gestalten! So gr\u00fcndet ihr eure eigene Partei: Eure Partei muss mindestens 5 Mitglieder haben. Bitte f\u00fcllt das [&hellip;]<\/p>\n","protected":false},"author":4,"featured_media":0,"parent":0,"menu_order":0,"comment_status":"closed","ping_status":"closed","template":"","meta":{"_mc_calendar":[],"footnotes":""},"class_list":["post-5963","page","type-page","status-publish","hentry"],"_links":{"self":[{"href":"https:\/\/www.bz-bodnegg.de\/index.php?rest_route=\/wp\/v2\/pages\/5963","targetHints":{"allow":["GET"]}}],"collection":[{"href":"https:\/\/www.bz-bodnegg.de\/index.php?rest_route=\/wp\/v2\/pages"}],"about":[{"href":"https:\/\/www.bz-bodnegg.de\/index.php?rest_route=\/wp\/v2\/types\/page"}],"author":[{"embeddable":true,"href":"https:\/\/www.bz-bodnegg.de\/index.php?rest_route=\/wp\/v2\/users\/4"}],"replies":[{"embeddable":true,"href":"https:\/\/www.bz-bodnegg.de\/index.php?rest_route=%2Fwp%2Fv2%2Fcomments&post=5963"}],"version-history":[{"count":22,"href":"https:\/\/www.bz-bodnegg.de\/index.php?rest_route=\/wp\/v2\/pages\/5963\/revisions"}],"predecessor-version":[{"id":6534,"href":"https:\/\/www.bz-bodnegg.de\/index.php?rest_route=\/wp\/v2\/pages\/5963\/revisions\/6534"}],"wp:attachment":[{"href":"https:\/\/www.bz-bodnegg.de\/index.php?rest_route=%2Fwp%2Fv2%2Fmedia&parent=5963"}],"curies":[{"name":"wp","href":"https:\/\/api.w.org\/{rel}","templated":true}]}}