{"id":631,"date":"2015-02-04T09:13:20","date_gmt":"2015-02-04T07:13:20","guid":{"rendered":"http:\/\/www.bz-bodnegg.de\/?page_id=631"},"modified":"2020-03-09T16:31:39","modified_gmt":"2020-03-09T14:31:39","slug":"631-2","status":"publish","type":"page","link":"https:\/\/www.bz-bodnegg.de\/?page_id=631","title":{"rendered":"Ohne Wir kein Ich"},"content":{"rendered":"\n<figure class=\"wp-block-gallery columns-3 is-cropped wp-block-gallery-1 is-layout-flex wp-block-gallery-is-layout-flex\"><ul class=\"blocks-gallery-grid\"><li class=\"blocks-gallery-item\"><figure><a href=\"https:\/\/www.bz-bodnegg.de\/wp-content\/uploads\/2020\/03\/theater2018a-scaled.jpg\"><img loading=\"lazy\" decoding=\"async\" width=\"1024\" height=\"768\" src=\"https:\/\/www.bz-bodnegg.de\/wp-content\/uploads\/2020\/03\/theater2018a-1024x768.jpg\" alt=\"\" data-id=\"6538\" data-full-url=\"https:\/\/www.bz-bodnegg.de\/wp-content\/uploads\/2020\/03\/theater2018a-scaled.jpg\" data-link=\"https:\/\/www.bz-bodnegg.de\/?attachment_id=6538\" class=\"wp-image-6538\" srcset=\"https:\/\/www.bz-bodnegg.de\/wp-content\/uploads\/2020\/03\/theater2018a-1024x768.jpg 1024w, https:\/\/www.bz-bodnegg.de\/wp-content\/uploads\/2020\/03\/theater2018a-300x225.jpg 300w, https:\/\/www.bz-bodnegg.de\/wp-content\/uploads\/2020\/03\/theater2018a-768x576.jpg 768w, https:\/\/www.bz-bodnegg.de\/wp-content\/uploads\/2020\/03\/theater2018a-1536x1152.jpg 1536w, https:\/\/www.bz-bodnegg.de\/wp-content\/uploads\/2020\/03\/theater2018a-2048x1536.jpg 2048w, https:\/\/www.bz-bodnegg.de\/wp-content\/uploads\/2020\/03\/theater2018a-624x468.jpg 624w\" sizes=\"auto, (max-width: 1024px) 100vw, 1024px\" \/><\/a><\/figure><\/li><li class=\"blocks-gallery-item\"><figure><a href=\"https:\/\/www.bz-bodnegg.de\/wp-content\/uploads\/2020\/03\/Clown2018a-scaled.jpg\"><img loading=\"lazy\" decoding=\"async\" width=\"1024\" height=\"768\" src=\"https:\/\/www.bz-bodnegg.de\/wp-content\/uploads\/2020\/03\/Clown2018a-1024x768.jpg\" alt=\"\" data-id=\"6537\" data-full-url=\"https:\/\/www.bz-bodnegg.de\/wp-content\/uploads\/2020\/03\/Clown2018a-scaled.jpg\" data-link=\"https:\/\/www.bz-bodnegg.de\/?attachment_id=6537\" class=\"wp-image-6537\" srcset=\"https:\/\/www.bz-bodnegg.de\/wp-content\/uploads\/2020\/03\/Clown2018a-1024x768.jpg 1024w, https:\/\/www.bz-bodnegg.de\/wp-content\/uploads\/2020\/03\/Clown2018a-300x225.jpg 300w, https:\/\/www.bz-bodnegg.de\/wp-content\/uploads\/2020\/03\/Clown2018a-768x576.jpg 768w, https:\/\/www.bz-bodnegg.de\/wp-content\/uploads\/2020\/03\/Clown2018a-1536x1152.jpg 1536w, https:\/\/www.bz-bodnegg.de\/wp-content\/uploads\/2020\/03\/Clown2018a-2048x1536.jpg 2048w, https:\/\/www.bz-bodnegg.de\/wp-content\/uploads\/2020\/03\/Clown2018a-624x468.jpg 624w\" sizes=\"auto, (max-width: 1024px) 100vw, 1024px\" \/><\/a><\/figure><\/li><li class=\"blocks-gallery-item\"><figure><a href=\"https:\/\/www.bz-bodnegg.de\/wp-content\/uploads\/2020\/03\/Breakdance_2018a-scaled.jpg\"><img loading=\"lazy\" decoding=\"async\" width=\"1024\" height=\"768\" src=\"https:\/\/www.bz-bodnegg.de\/wp-content\/uploads\/2020\/03\/Breakdance_2018a-1024x768.jpg\" alt=\"\" data-id=\"6536\" data-full-url=\"https:\/\/www.bz-bodnegg.de\/wp-content\/uploads\/2020\/03\/Breakdance_2018a-scaled.jpg\" data-link=\"https:\/\/www.bz-bodnegg.de\/?attachment_id=6536\" class=\"wp-image-6536\" srcset=\"https:\/\/www.bz-bodnegg.de\/wp-content\/uploads\/2020\/03\/Breakdance_2018a-1024x768.jpg 1024w, https:\/\/www.bz-bodnegg.de\/wp-content\/uploads\/2020\/03\/Breakdance_2018a-300x225.jpg 300w, https:\/\/www.bz-bodnegg.de\/wp-content\/uploads\/2020\/03\/Breakdance_2018a-768x576.jpg 768w, https:\/\/www.bz-bodnegg.de\/wp-content\/uploads\/2020\/03\/Breakdance_2018a-1536x1152.jpg 1536w, https:\/\/www.bz-bodnegg.de\/wp-content\/uploads\/2020\/03\/Breakdance_2018a-2048x1536.jpg 2048w, https:\/\/www.bz-bodnegg.de\/wp-content\/uploads\/2020\/03\/Breakdance_2018a-624x468.jpg 624w\" sizes=\"auto, (max-width: 1024px) 100vw, 1024px\" \/><\/a><\/figure><\/li><\/ul><\/figure>\n\n\n<p>Im September eines jeden Jahres\u00a0starten unsere F\u00fcnftkl\u00e4ssler mit dem Projekt \u201eOhne Wir kein Ich\u201c in ihr erstes Schuljahr am Bildungszentrum Bodnegg. Das Projekt soll das Zusammengeh\u00f6rigkeitsgef\u00fchl st\u00e4rken und die Integration in die neue Umgebung erleichtern.<br \/><br \/><strong>Wie verl\u00e4uft das Projekt?<br \/><\/strong>Jede Klasse beginnt das Schuljahr mit ihrem\/ihrer Klassenlehrer\/in und Co- Klassenlehrer\/in. Es werden Kennlern- und Teamspiele durchgef\u00fchrt. Gemeinsam legen wir Regeln und Umgangsformen fest, die f\u00fcr uns alle in der neuen Schule gelten sollen.<\/p>\n<p>Vier Wochen nach Schuljahresbeginn sucht sich dann jede Klasse ein eigenes Klassenprojekt, das gemeinsam erarbeitet wird: ein Theaterst\u00fcck, eine Zirkusvorf\u00fchrung, ein Trommelworkshop etc. Jedes Kind hat dabei eine wichtige Rolle im Projekt. Wenn ein Kind seinen Teil zum Projekt nicht beitr\u00e4gt, kann das ganze Projekt scheitern.<\/p>\n<p><strong>Welche Projekte fanden im Schuljahr 2019\/2020 statt? <br \/><\/strong>In diesem Schuljahr haben die Sch\u00fclerinnen und Sch\u00fcler folgende Klassenprojekte durchgef\u00fchrt:<\/p>\n<ul>\n<li>Die Klasse 5A (Frau Bewermeier) hat zusammen mit dem Tanz-P\u00e4dagogen Tim Schadt (Tanzschule Desweemer) die Grundlagen von Breakdance kennengelernt und eine Breakdance- Auff\u00fchrung vorbereitet.<\/li>\n<li>Die Klasse 5B (Frau Gr\u00e4\u00dfer-Wiesbauer) inszenierte mit Alex Niess vom Theater Ravensburg ein Theaterst\u00fcck,<\/li>\n<li>Ebenso wie die Klasse 5C (Frau Schneemann) mit Frau Kleiner vom Theater Ravensburg<\/li>\n<li>Die Klasse 5D (Herr Fischer) trommelte mit Peter Kr\u00e4mer vom Weltenklanghaus auf Cajons und gestaltete einen musikalischen Nachmittag f\u00fcr die Eltern,<\/li>\n<li>Die Klasse 5E (Frau Laur) stellte mit Andreas Weisser von der Ravensburger Clownschule eine kleine Clown-Revue auf die Beine.<\/li>\n<\/ul>\n<p><strong>Mehr Teamgeist und Selbstbewusstsein<br \/><\/strong>Wie auch in den letzten Jahren war das Programm \u201eOhne Wir kein Ich\u201c f\u00fcr die Sch\u00fclerinnen und Sch\u00fcler sehr bereichernd. Insbesondere die Klassenprojekte haben gegenseitiges Vertrauen und Teamgeist aufgebaut und das Verantwortungsgef\u00fchl f\u00fcr andere gef\u00f6rdert. Da jedes Kind f\u00fcr das Projekt wichtig ist und seine eigene Aufgabe hat, wurden zudem Selbstbewusstsein und Pers\u00f6nlichkeit der Sch\u00fclerinnen und Sch\u00fcler gest\u00e4rkt.<\/p>\n<p><strong>Wie finanziert sich das Projekt?<br \/><\/strong>Diese j\u00e4hrliche Durchf\u00fchrung des Projekts \u201eOhne Wir kein Ich\u201c ist nur m\u00f6glich, weil verschiedene Sponsoren die Finanzierung der Klassenprojekte \u00fcbernehmen. In diesen Schuljahr unterst\u00fctzte uns die <strong>Bildungsstiftung der Kreissparkasse Ravensburg<\/strong>. Vielen Dank hierf\u00fcr!<\/p>\n\n\n<iframe frameborder=\"0\" marginheight=\"0\" marginwidth=\"0\" \nsrc=\"https:\/\/www.betterplace-widget.org\/projects\/76703?l=de\" \nwidth=\"100%\" height=\"320\" style=\"border: 0; padding:0; margin:0;\">Informieren und spenden: <a href='https:\/\/www.betterplace.org\/de\/projects\/76703-ohne-wir-kein-ich' target='_blank' rel=\"noopener noreferrer\">\u201eOhne Wir kein Ich\u201c<\/a> auf betterplace.org \u00f6ffnen.<\/iframe>\n\n\n\n\n<p><\/p>\n","protected":false},"excerpt":{"rendered":"<p>Im September eines jeden Jahres\u00a0starten unsere F\u00fcnftkl\u00e4ssler mit dem Projekt \u201eOhne Wir kein Ich\u201c in ihr erstes Schuljahr am Bildungszentrum Bodnegg. Das Projekt soll das Zusammengeh\u00f6rigkeitsgef\u00fchl st\u00e4rken und die Integration in die neue Umgebung erleichtern. Wie verl\u00e4uft das Projekt?Jede Klasse beginnt das Schuljahr mit ihrem\/ihrer Klassenlehrer\/in und Co- Klassenlehrer\/in. Es werden Kennlern- und Teamspiele durchgef\u00fchrt. [&hellip;]<\/p>\n","protected":false},"author":4,"featured_media":0,"parent":0,"menu_order":0,"comment_status":"closed","ping_status":"closed","template":"","meta":{"_mc_calendar":[],"footnotes":""},"class_list":["post-631","page","type-page","status-publish","hentry"],"_links":{"self":[{"href":"https:\/\/www.bz-bodnegg.de\/index.php?rest_route=\/wp\/v2\/pages\/631","targetHints":{"allow":["GET"]}}],"collection":[{"href":"https:\/\/www.bz-bodnegg.de\/index.php?rest_route=\/wp\/v2\/pages"}],"about":[{"href":"https:\/\/www.bz-bodnegg.de\/index.php?rest_route=\/wp\/v2\/types\/page"}],"author":[{"embeddable":true,"href":"https:\/\/www.bz-bodnegg.de\/index.php?rest_route=\/wp\/v2\/users\/4"}],"replies":[{"embeddable":true,"href":"https:\/\/www.bz-bodnegg.de\/index.php?rest_route=%2Fwp%2Fv2%2Fcomments&post=631"}],"version-history":[{"count":7,"href":"https:\/\/www.bz-bodnegg.de\/index.php?rest_route=\/wp\/v2\/pages\/631\/revisions"}],"predecessor-version":[{"id":6541,"href":"https:\/\/www.bz-bodnegg.de\/index.php?rest_route=\/wp\/v2\/pages\/631\/revisions\/6541"}],"wp:attachment":[{"href":"https:\/\/www.bz-bodnegg.de\/index.php?rest_route=%2Fwp%2Fv2%2Fmedia&parent=631"}],"curies":[{"name":"wp","href":"https:\/\/api.w.org\/{rel}","templated":true}]}}