{"id":6360,"date":"2020-01-30T12:40:58","date_gmt":"2020-01-30T10:40:58","guid":{"rendered":"https:\/\/www.bz-bodnegg.de\/?page_id=6360"},"modified":"2025-10-02T15:48:01","modified_gmt":"2025-10-02T13:48:01","slug":"mitgliedschaft","status":"publish","type":"page","link":"https:\/\/www.bz-bodnegg.de\/?page_id=6360","title":{"rendered":"Mitgliedschaft &amp; Unterst\u00fctzung"},"content":{"rendered":"\n<figure class=\"wp-block-image size-large is-resized\"><img loading=\"lazy\" decoding=\"async\" width=\"1024\" height=\"483\" src=\"https:\/\/www.bz-bodnegg.de\/wp-content\/uploads\/2020\/01\/IMG_5356-1-1024x483.jpg\" alt=\"\" class=\"wp-image-6377\" style=\"width:578px;height:223px\" srcset=\"https:\/\/www.bz-bodnegg.de\/wp-content\/uploads\/2020\/01\/IMG_5356-1-1024x483.jpg 1024w, https:\/\/www.bz-bodnegg.de\/wp-content\/uploads\/2020\/01\/IMG_5356-1-300x142.jpg 300w, https:\/\/www.bz-bodnegg.de\/wp-content\/uploads\/2020\/01\/IMG_5356-1-768x363.jpg 768w, https:\/\/www.bz-bodnegg.de\/wp-content\/uploads\/2020\/01\/IMG_5356-1-1536x725.jpg 1536w, https:\/\/www.bz-bodnegg.de\/wp-content\/uploads\/2020\/01\/IMG_5356-1-624x295.jpg 624w, https:\/\/www.bz-bodnegg.de\/wp-content\/uploads\/2020\/01\/IMG_5356-1.jpg 1989w\" sizes=\"auto, (max-width: 1024px) 100vw, 1024px\" \/><\/figure>\n\n\n\n<p class=\"has-text-align-left\"><strong>Unterst\u00fctzen Sie uns und werden Mitglied &#8211; jederzeit! <\/strong><\/p>\n\n\n\n<p>Der Jahresbeitrag betr\u00e4gt 10,- \u20ac.<br>Helfen Sie mit, weitere Aktionen zu unterst\u00fctzen, um die Schule noch sch\u00f6ner und besser werden zu lassen.<br>Auch Ihr Kind profitiert durch Ihren Beitritt in die F\u00f6rdergemeinschaft.<br><br><strong>Mitgliedsantrag<\/strong>: <a href=\"https:\/\/www.bz-bodnegg.de\/wp-content\/uploads\/2025\/02\/Beitrittserklaerung_20.01.2025.pdf\" target=\"_blank\" rel=\"noreferrer noopener\">HIER<\/a><br>Diesen k\u00f6nnen Sie bequem Ihrem Kind mitgeben. <br>Alternativ k\u00f6nnen Sie ihn pers\u00f6nlich im Sekretariat abgeben oder per Post an die Schule schicken.<br><br><strong>Antrag auf Unterst\u00fctzung<\/strong>: <a href=\"https:\/\/www.bz-bodnegg.de\/wp-content\/uploads\/2025\/10\/Antrag-auf-Unterstuetzung_1025.pdf\" target=\"_blank\" rel=\"noreferrer noopener\">HIER<\/a><br><\/p>\n\n\n\n<p><br><strong>Unabh\u00e4ngig von einer Mitgliedschaft gibt es die M\u00f6glichkeit, uns eine Geldspende zukommen zu lassen. Gerne stellen wir Ihnen eine Spendenbescheinigung aus.<\/strong><\/p>\n\n\n\n<p><strong>Bankverbindung<\/strong> <br>F\u00f6rdergemeinschaft e.V. BZ Bodnegg<br><strong>IBAN:  DE42 6519 1500 0051 7500 07<\/strong><br>BIC: GENODES1TET<br>Volksbank Bodensee-Oberschaben eG<br><br><\/p>\n","protected":false},"excerpt":{"rendered":"<p>Unterst\u00fctzen Sie uns und werden Mitglied &#8211; jederzeit! Der Jahresbeitrag betr\u00e4gt 10,- \u20ac.Helfen Sie mit, weitere Aktionen zu unterst\u00fctzen, um die Schule noch sch\u00f6ner und besser werden zu lassen.Auch Ihr Kind profitiert durch Ihren Beitritt in die F\u00f6rdergemeinschaft. Mitgliedsantrag: HIERDiesen k\u00f6nnen Sie bequem Ihrem Kind mitgeben. Alternativ k\u00f6nnen Sie ihn pers\u00f6nlich im Sekretariat abgeben oder [&hellip;]<\/p>\n","protected":false},"author":4,"featured_media":0,"parent":0,"menu_order":0,"comment_status":"closed","ping_status":"closed","template":"","meta":{"_mc_calendar":[],"footnotes":""},"class_list":["post-6360","page","type-page","status-publish","hentry"],"_links":{"self":[{"href":"https:\/\/www.bz-bodnegg.de\/index.php?rest_route=\/wp\/v2\/pages\/6360","targetHints":{"allow":["GET"]}}],"collection":[{"href":"https:\/\/www.bz-bodnegg.de\/index.php?rest_route=\/wp\/v2\/pages"}],"about":[{"href":"https:\/\/www.bz-bodnegg.de\/index.php?rest_route=\/wp\/v2\/types\/page"}],"author":[{"embeddable":true,"href":"https:\/\/www.bz-bodnegg.de\/index.php?rest_route=\/wp\/v2\/users\/4"}],"replies":[{"embeddable":true,"href":"https:\/\/www.bz-bodnegg.de\/index.php?rest_route=%2Fwp%2Fv2%2Fcomments&post=6360"}],"version-history":[{"count":21,"href":"https:\/\/www.bz-bodnegg.de\/index.php?rest_route=\/wp\/v2\/pages\/6360\/revisions"}],"predecessor-version":[{"id":12643,"href":"https:\/\/www.bz-bodnegg.de\/index.php?rest_route=\/wp\/v2\/pages\/6360\/revisions\/12643"}],"wp:attachment":[{"href":"https:\/\/www.bz-bodnegg.de\/index.php?rest_route=%2Fwp%2Fv2%2Fmedia&parent=6360"}],"curies":[{"name":"wp","href":"https:\/\/api.w.org\/{rel}","templated":true}]}}