{"id":6364,"date":"2020-01-30T13:02:23","date_gmt":"2020-01-30T11:02:23","guid":{"rendered":"https:\/\/www.bz-bodnegg.de\/?page_id=6364"},"modified":"2025-09-23T07:51:46","modified_gmt":"2025-09-23T05:51:46","slug":"projekte-und-aktionen","status":"publish","type":"page","link":"https:\/\/www.bz-bodnegg.de\/?page_id=6364","title":{"rendered":"Projekte und Aktionen"},"content":{"rendered":"\n<figure class=\"wp-block-image size-large\"><img loading=\"lazy\" decoding=\"async\" width=\"771\" height=\"181\" src=\"https:\/\/www.bz-bodnegg.de\/wp-content\/uploads\/2020\/01\/Unbenannt-1.jpg\" alt=\"\" class=\"wp-image-6394\" srcset=\"https:\/\/www.bz-bodnegg.de\/wp-content\/uploads\/2020\/01\/Unbenannt-1.jpg 771w, https:\/\/www.bz-bodnegg.de\/wp-content\/uploads\/2020\/01\/Unbenannt-1-300x70.jpg 300w, https:\/\/www.bz-bodnegg.de\/wp-content\/uploads\/2020\/01\/Unbenannt-1-768x180.jpg 768w, https:\/\/www.bz-bodnegg.de\/wp-content\/uploads\/2020\/01\/Unbenannt-1-624x146.jpg 624w\" sizes=\"auto, (max-width: 771px) 100vw, 771px\" \/><\/figure>\n\n\n\n<p><strong>Wir unterst\u00fctzen vielf\u00e4ltige Bereiche im schulischen Leben. <\/strong><\/p>\n\n\n\n<p><strong>Individuelle Unterst\u00fctzung<\/strong><\/p>\n\n\n\n<ul class=\"wp-block-list\">\n<li>Hilfe f\u00fcr einzelne Sch\u00fclerInnen in Belangen des Unterrichts oder bei Klassen- und Abschlussfahrten<\/li>\n<\/ul>\n\n\n\n<p><br><strong>Klassenweise Unterst\u00fctzung<\/strong><\/p>\n\n\n\n<ul class=\"wp-block-list\">\n<li>Bildungs- und Lehrfahrten (Grundschulausfahrten, INATURA, Limes-Museum,\u2026)<\/li>\n\n\n\n<li>Klassen- und Abschlussfahrten<\/li>\n\n\n\n<li>Workshops (Positiver Start ins Leben als Frau \/ Was Jungen \u00fcber ihren K\u00f6rper wissen sollten \/ Antimobbing \/ Sozialkompetenz)<\/li>\n<\/ul>\n\n\n\n<p><br><strong>Schulweite Unterst\u00fctzung \/ Anschaffungen<\/strong><\/p>\n\n\n\n<ul class=\"wp-block-list\">\n<li>Projektwoche<\/li>\n\n\n\n<li>Workshops klassen\u00fcbergreifend<\/li>\n\n\n\n<li>Navigationsger\u00e4te<\/li>\n\n\n\n<li>Kletterger\u00fcst<\/li>\n\n\n\n<li>Sessel f\u00fcr die B\u00fccherei<\/li>\n\n\n\n<li>CD Player f\u00fcr das Marburger Konzentrationstraining<\/li>\n<\/ul>\n\n\n\n<p><strong>Weitere Unterst\u00fctzungen<\/strong><\/p>\n\n\n\n<ul class=\"wp-block-list\">\n<li>Kostenbeteiligung am Schultimer<\/li>\n\n\n\n<li>Lehrerausbildung Marburger Konzentrationstraining \/ \u00dcbernahme der Ausbildungskosten f\u00fcr zwei Lehrkr\u00e4fte<\/li>\n<\/ul>\n\n\n\n<p><strong>F\u00f6rderantr\u00e4ge an die F\u00f6rdergemeinschaft stellen Sie bitte fr\u00fchestm\u00f6glich, idealerweise nicht sp\u00e4ter als 6-8 Wochen vor F\u00e4lligkeit. Dies erleichtert uns die fristgerechte Bearbeitung und Entscheidung.<\/strong><\/p>\n\n\n\n<p><strong>Veranstaltungen<\/strong><\/p>\n\n\n\n<ul class=\"wp-block-list\">\n<li>Bewirtung am Tag der offenen T\u00fcr<\/li>\n<\/ul>\n\n\n\n<p><strong>Sch\u00fclerpreise<\/strong><br>Die F\u00f6rdergemeinschaft des Bildungszentrums Bodnegg hat es sich zur Aufgabe gemacht, schulische Projekte zu unterst\u00fctzen.<br>Da aber auch immer der soziale Aspekt eine Rolle spielt, loben wir seit einigen Jahren Preise f\u00fcr besonderes soziales Engagement aus.<br>Diese Preise erhalten Sch\u00fclerinnen und Sch\u00fcler auf der Abschlussfeier, die sich w\u00e4hrend der gesamten Schulzeit am Bildungszentrum durch ihr soziales Engagement ausgezeichnet haben. <br> <br>Je Abschlussklasse kann maximal ein Preis vergeben werden. Die Preistr\u00e4ger werden durch die KlassenlehrerInnen und\/ oder die Schulleitung nominiert.<br> <br><\/p>\n\n\n\n<p><\/p>\n\n\n\n<p><\/p>\n","protected":false},"excerpt":{"rendered":"<p>Wir unterst\u00fctzen vielf\u00e4ltige Bereiche im schulischen Leben. Individuelle Unterst\u00fctzung Klassenweise Unterst\u00fctzung Schulweite Unterst\u00fctzung \/ Anschaffungen Weitere Unterst\u00fctzungen F\u00f6rderantr\u00e4ge an die F\u00f6rdergemeinschaft stellen Sie bitte fr\u00fchestm\u00f6glich, idealerweise nicht sp\u00e4ter als 6-8 Wochen vor F\u00e4lligkeit. Dies erleichtert uns die fristgerechte Bearbeitung und Entscheidung. Veranstaltungen Sch\u00fclerpreiseDie F\u00f6rdergemeinschaft des Bildungszentrums Bodnegg hat es sich zur Aufgabe gemacht, schulische Projekte [&hellip;]<\/p>\n","protected":false},"author":4,"featured_media":0,"parent":0,"menu_order":0,"comment_status":"closed","ping_status":"closed","template":"","meta":{"_mc_calendar":[],"footnotes":""},"class_list":["post-6364","page","type-page","status-publish","hentry"],"_links":{"self":[{"href":"https:\/\/www.bz-bodnegg.de\/index.php?rest_route=\/wp\/v2\/pages\/6364","targetHints":{"allow":["GET"]}}],"collection":[{"href":"https:\/\/www.bz-bodnegg.de\/index.php?rest_route=\/wp\/v2\/pages"}],"about":[{"href":"https:\/\/www.bz-bodnegg.de\/index.php?rest_route=\/wp\/v2\/types\/page"}],"author":[{"embeddable":true,"href":"https:\/\/www.bz-bodnegg.de\/index.php?rest_route=\/wp\/v2\/users\/4"}],"replies":[{"embeddable":true,"href":"https:\/\/www.bz-bodnegg.de\/index.php?rest_route=%2Fwp%2Fv2%2Fcomments&post=6364"}],"version-history":[{"count":7,"href":"https:\/\/www.bz-bodnegg.de\/index.php?rest_route=\/wp\/v2\/pages\/6364\/revisions"}],"predecessor-version":[{"id":12597,"href":"https:\/\/www.bz-bodnegg.de\/index.php?rest_route=\/wp\/v2\/pages\/6364\/revisions\/12597"}],"wp:attachment":[{"href":"https:\/\/www.bz-bodnegg.de\/index.php?rest_route=%2Fwp%2Fv2%2Fmedia&parent=6364"}],"curies":[{"name":"wp","href":"https:\/\/api.w.org\/{rel}","templated":true}]}}