{"id":6819,"date":"2020-07-08T08:57:36","date_gmt":"2020-07-08T06:57:36","guid":{"rendered":"https:\/\/www.bz-bodnegg.de\/?page_id=6819"},"modified":"2020-07-08T08:57:39","modified_gmt":"2020-07-08T06:57:39","slug":"moodle-lernplattform","status":"publish","type":"page","link":"https:\/\/www.bz-bodnegg.de\/?page_id=6819","title":{"rendered":"Moodle Lernplattform"},"content":{"rendered":"\n<figure class=\"wp-block-image size-large\"><a href=\"https:\/\/moodle.bz-bodnegg.de\/moodle\/\" target=\"_blank\" rel=\"noreferrer noopener\"><img loading=\"lazy\" decoding=\"async\" width=\"267\" height=\"189\" src=\"https:\/\/www.bz-bodnegg.de\/wp-content\/uploads\/2020\/03\/Moodle.png\" alt=\"\" class=\"wp-image-6570\"\/><\/a><\/figure>\n\n\n\n<p><a rel=\"noreferrer noopener\" aria-label=\"Moodle Erkl\u00e4rvideo f\u00fcr Sch\u00fclerInnen (\u00f6ffnet in neuem Tab)\" href=\"https:\/\/www.youtube.com\/watch?v=QZoOu7Heyh8&amp;feature=youtu.be\" target=\"_blank\">Moodle Erkl\u00e4rvideo f\u00fcr Sch\u00fclerInnen<\/a><br><a href=\"https:\/\/www.bz-bodnegg.de\/wp-content\/uploads\/2020\/03\/Moodle-App-einrichten.pdf\" target=\"_blank\" rel=\"noreferrer noopener\" aria-label=\"Moodle App einrichten (\u00f6ffnet in neuem Tab)\">Moodle App einrichten<\/a><\/p>\n\n\n\n<p><strong>Weitere n\u00fctzliche Seiten bzw. Apps f\u00fcr Sch\u00fclerInnen \/ Eltern Kl. 1-10<\/strong><\/p>\n\n\n\n<p><a rel=\"noreferrer noopener\" href=\"https:\/\/quizlet.com\/de\" target=\"_blank\">Quizlet<\/a><br><a rel=\"noreferrer noopener\" href=\"https:\/\/learningapps.org\/index.php?overview&amp;s=&amp;category=0&amp;tool=\" target=\"_blank\">LearningApps.org<\/a><br><a rel=\"noreferrer noopener\" href=\"https:\/\/de.duolingo.com\/\" target=\"_blank\">Duolingo<\/a>&nbsp;(Eine Sprache von Grund auf lernen oder Erweitern der bestehenden Fremdsprachenkenntnisse erweitern.)<br><a rel=\"noreferrer noopener\" href=\"https:\/\/www.legakids.net\/\" target=\"_blank\">Stiftung Legakids<\/a>&nbsp;(LRS, Legasthenie, Lese-, Rechtschreibschw\u00e4che)<br><a rel=\"noreferrer noopener\" href=\"https:\/\/de.serlo.org\/\" target=\"_blank\">Serlo<\/a>&nbsp;(Bio, DaZ, Mathe, BNE \/ GS, Sek I)<br><a rel=\"noreferrer noopener\" href=\"https:\/\/www.br.de\/fernsehen\/ard-alpha\/sendungen\/schulfernsehen\/index.html\" target=\"_blank\">Alpha \u2013 Bildungsfernsehen der ARD<\/a><br><a rel=\"noreferrer noopener\" href=\"https:\/\/www.daserste.de\/specials\/service\/schule-daheim-lernangebote-schueler-corona-krise100.html\" target=\"_blank\">Schule daheim \u2013 ARD-weite Lernangebote f\u00fcr Sch\u00fcler<\/a><br><a rel=\"noreferrer noopener\" href=\"https:\/\/www.planet-schule.de\/\" target=\"_blank\">Planet Schule<\/a><br><a rel=\"noreferrer noopener\" href=\"http:\/\/www.mathe-kaenguru.de\/\" target=\"_blank\">K\u00e4nguru der Mathematik<\/a>&nbsp;(Jeden Tag kleine Aufgaben und Knobeleien)<br><a rel=\"noreferrer noopener\" href=\"https:\/\/www.mathematik-olympiaden.de\/moev\/index.php\" target=\"_blank\">Mathematik Olympiade<\/a><br><a rel=\"noreferrer noopener\" href=\"https:\/\/www.agj-freiburg.de\/images\/downloads\/KJS\/ElternWissen_Corona.pdf\" target=\"_blank\">AGJ-Fachverband f\u00fcr Pr\u00e4vention und Rehabilitation \u2013 Brosch\u00fcre Corona<\/a><br><a rel=\"noreferrer noopener\" href=\"https:\/\/www.kirche-und-religionsunterricht.de\/\" target=\"_blank\">Schulseelsorge-Chat-Angebot<\/a><br>\u201eMach mit \u2013 bleib fit!\u201c F\u00fcr euch Sch\u00fclerInnen ab 06.04. t\u00e4glich um 10 Uhr bei Regio TV oder in der Regio TV-<a rel=\"noreferrer noopener\" href=\"http:\/\/www.regio-tv.de\/mediathek\/\" target=\"_blank\">Mediathek<\/a><br>Sondersendung der Aktion Schulstunde:&nbsp;<a rel=\"noreferrer noopener\" href=\"https:\/\/www.rbb-online.de\/schulstunde\/\" target=\"_blank\">Der kleine Philosoph Knietzsche und das Coronavirus<\/a><br>Tipps zum Bewegen zuhause:&nbsp;<a rel=\"noreferrer noopener\" href=\"https:\/\/www.bz-bodnegg.de\/wp-content\/uploads\/2020\/04\/GSB-und-WSB_Anregungen-f%C3%BCr-Bewegungspausen-mit-Rudi_Linkliste-2.pdf\" target=\"_blank\">Linkliste<\/a><br><a rel=\"noreferrer noopener\" href=\"https:\/\/www.bz-bodnegg.de\/wp-content\/uploads\/2020\/04\/WSB_Sport-f%C3%BCr-zuhause-mit-Rudi.pdf\" target=\"_blank\">Sport mit Rudi (ab Klasse 5)<\/a><br><a rel=\"noreferrer noopener\" href=\"https:\/\/www.bz-bodnegg.de\/wp-content\/uploads\/2020\/04\/GSB_WSB-Sport-f%C3%BCr-zuhause-mit-Rudi-GS-und-Kl.-5-und-6.pdf\" target=\"_blank\">Sport mit Rudi (ab Klasse 1)<\/a><\/p>\n","protected":false},"excerpt":{"rendered":"<p>Moodle Erkl\u00e4rvideo f\u00fcr Sch\u00fclerInnenMoodle App einrichten Weitere n\u00fctzliche Seiten bzw. Apps f\u00fcr Sch\u00fclerInnen \/ Eltern Kl. 1-10 QuizletLearningApps.orgDuolingo&nbsp;(Eine Sprache von Grund auf lernen oder Erweitern der bestehenden Fremdsprachenkenntnisse erweitern.)Stiftung Legakids&nbsp;(LRS, Legasthenie, Lese-, Rechtschreibschw\u00e4che)Serlo&nbsp;(Bio, DaZ, Mathe, BNE \/ GS, Sek I)Alpha \u2013 Bildungsfernsehen der ARDSchule daheim \u2013 ARD-weite Lernangebote f\u00fcr Sch\u00fclerPlanet SchuleK\u00e4nguru der Mathematik&nbsp;(Jeden Tag kleine [&hellip;]<\/p>\n","protected":false},"author":4,"featured_media":0,"parent":0,"menu_order":0,"comment_status":"closed","ping_status":"closed","template":"","meta":{"_mc_calendar":[],"footnotes":""},"class_list":["post-6819","page","type-page","status-publish","hentry"],"_links":{"self":[{"href":"https:\/\/www.bz-bodnegg.de\/index.php?rest_route=\/wp\/v2\/pages\/6819","targetHints":{"allow":["GET"]}}],"collection":[{"href":"https:\/\/www.bz-bodnegg.de\/index.php?rest_route=\/wp\/v2\/pages"}],"about":[{"href":"https:\/\/www.bz-bodnegg.de\/index.php?rest_route=\/wp\/v2\/types\/page"}],"author":[{"embeddable":true,"href":"https:\/\/www.bz-bodnegg.de\/index.php?rest_route=\/wp\/v2\/users\/4"}],"replies":[{"embeddable":true,"href":"https:\/\/www.bz-bodnegg.de\/index.php?rest_route=%2Fwp%2Fv2%2Fcomments&post=6819"}],"version-history":[{"count":2,"href":"https:\/\/www.bz-bodnegg.de\/index.php?rest_route=\/wp\/v2\/pages\/6819\/revisions"}],"predecessor-version":[{"id":6822,"href":"https:\/\/www.bz-bodnegg.de\/index.php?rest_route=\/wp\/v2\/pages\/6819\/revisions\/6822"}],"wp:attachment":[{"href":"https:\/\/www.bz-bodnegg.de\/index.php?rest_route=%2Fwp%2Fv2%2Fmedia&parent=6819"}],"curies":[{"name":"wp","href":"https:\/\/api.w.org\/{rel}","templated":true}]}}