{"id":7428,"date":"2021-02-02T09:42:31","date_gmt":"2021-02-02T07:42:31","guid":{"rendered":"https:\/\/www.bz-bodnegg.de\/?page_id=7428"},"modified":"2021-02-03T11:34:10","modified_gmt":"2021-02-03T09:34:10","slug":"faq","status":"publish","type":"page","link":"https:\/\/www.bz-bodnegg.de\/?page_id=7428","title":{"rendered":"FAQ"},"content":{"rendered":"\n<figure class=\"wp-block-table\"><table class=\"\"><tbody><tr><td>Wie kommt mein Kind zur Schule?<\/td><td>Wir verf\u00fcgen \u00fcber ein weit verzweigtes Busnetz, welches Ihr Kind direkt zum BZB bringt. Ihren Weg zu uns finden Sie auf unserer Homepage <a href=\"https:\/\/www.bz-bodnegg.de\/?page_id=2373\" target=\"_blank\" rel=\"noreferrer noopener\" aria-label=\"hier (\u00f6ffnet in neuem Tab)\">hier<\/a>.<\/td><\/tr><tr><td>Was macht mein Kind in den Mittagspausen?<\/td><td>Ihr Kind kann in den Mittagspausen ins Tierhaus, ins Sch\u00fclercaf\u00e9, in den Billard- und Tischkickerraum, in die Spieleausgabe, in die B\u00fccherei, in die Sporthalle oder ins Schwimmbad gehen, sowie unser gro\u00dfz\u00fcgiges Schulgel\u00e4nde nutzen.<\/td><\/tr><tr><td>Gibt es Mittagessen?<\/td><td>Ja, dieses wird von unserem eigenen Koch mit Team t\u00e4glich frisch zubereitet. Auf unserer Homepage findet man den Speiseplan am rechten Rand. <\/td><\/tr><tr><td>Was kostet ein Mittagessen?<\/td><td>Unser Mittagessen kostet pro Mahlzeit mit Salat, Hauptgang, Nachtisch und Getr\u00e4nk 3,90\u20ac. <br>Weitere Informationen finden Sie im <a rel=\"noreferrer noopener\" aria-label=\"DOWNLOAD (\u00f6ffnet in neuem Tab)\" href=\"https:\/\/www.bz-bodnegg.de\/?page_id=34\" target=\"_blank\">DOWNLOAD<\/a>-Bereich unserer Homepage. (Infoblatt Essenmarken)<\/td><\/tr><tr><td>Wie sind die Unterrichtszeiten?<\/td><td>Bitte hier anklicken: <a href=\"https:\/\/www.bz-bodnegg.de\/?page_id=5210\" target=\"_blank\" rel=\"noreferrer noopener\" aria-label=\"Unterrichtszeiten (\u00f6ffnet in neuem Tab)\">Unterrichtszeiten<\/a><\/td><\/tr><tr><td>Hat mein Kind an drei Nachmittagen Unterricht?<\/td><td>Nein, ihr Kind hat bis Klasse 8 an zwei Tagen Fachunterricht. Dazu kommt ein weiterer Nachmittag mit vielf\u00e4ltigen und w\u00e4hlbaren Freizeitangeboten aus den Bereichen Kunst, Sport, Handwerk, Kochen, Theater, Tierhaus, Musik, uvm. <br>Ein freiwilliger 4. Nachmittag mit Aufgabenbetreuung sowie F\u00f6rderkursen kann zus\u00e4tzlich gew\u00e4hlt werden.<\/td><\/tr><tr><td>Was kostet das?<\/td><td>Wir sind eine \u00f6ffentliche Schule. Daher wird kein Schulgeld erhoben.<\/td><\/tr><tr><td>Gibt es Hausaufgaben?<\/td><td>In aller Regel nicht. Ziel ist es, dass die Sch\u00fclerInnen ihre Aufgaben in der Schule w\u00e4hrend der daf\u00fcr vorgesehen Lernzeiten erledigen. Nat\u00fcrlich lernen einige Sch\u00fclerInnen ihre Vokabeln lieber zu Hause oder bereiten sich auf Klassenarbeiten vor. <\/td><\/tr><\/tbody><\/table><\/figure>\n\n\n\n<p><\/p>\n","protected":false},"excerpt":{"rendered":"<p>Wie kommt mein Kind zur Schule? Wir verf\u00fcgen \u00fcber ein weit verzweigtes Busnetz, welches Ihr Kind direkt zum BZB bringt. Ihren Weg zu uns finden Sie auf unserer Homepage hier. Was macht mein Kind in den Mittagspausen? Ihr Kind kann in den Mittagspausen ins Tierhaus, ins Sch\u00fclercaf\u00e9, in den Billard- und Tischkickerraum, in die Spieleausgabe, [&hellip;]<\/p>\n","protected":false},"author":4,"featured_media":7409,"parent":0,"menu_order":0,"comment_status":"closed","ping_status":"closed","template":"","meta":{"_mc_calendar":[],"footnotes":""},"class_list":["post-7428","page","type-page","status-publish","has-post-thumbnail","hentry"],"_links":{"self":[{"href":"https:\/\/www.bz-bodnegg.de\/index.php?rest_route=\/wp\/v2\/pages\/7428","targetHints":{"allow":["GET"]}}],"collection":[{"href":"https:\/\/www.bz-bodnegg.de\/index.php?rest_route=\/wp\/v2\/pages"}],"about":[{"href":"https:\/\/www.bz-bodnegg.de\/index.php?rest_route=\/wp\/v2\/types\/page"}],"author":[{"embeddable":true,"href":"https:\/\/www.bz-bodnegg.de\/index.php?rest_route=\/wp\/v2\/users\/4"}],"replies":[{"embeddable":true,"href":"https:\/\/www.bz-bodnegg.de\/index.php?rest_route=%2Fwp%2Fv2%2Fcomments&post=7428"}],"version-history":[{"count":5,"href":"https:\/\/www.bz-bodnegg.de\/index.php?rest_route=\/wp\/v2\/pages\/7428\/revisions"}],"predecessor-version":[{"id":7599,"href":"https:\/\/www.bz-bodnegg.de\/index.php?rest_route=\/wp\/v2\/pages\/7428\/revisions\/7599"}],"wp:featuredmedia":[{"embeddable":true,"href":"https:\/\/www.bz-bodnegg.de\/index.php?rest_route=\/wp\/v2\/media\/7409"}],"wp:attachment":[{"href":"https:\/\/www.bz-bodnegg.de\/index.php?rest_route=%2Fwp%2Fv2%2Fmedia&parent=7428"}],"curies":[{"name":"wp","href":"https:\/\/api.w.org\/{rel}","templated":true}]}}