{"id":748,"date":"2015-02-14T09:47:09","date_gmt":"2015-02-14T07:47:09","guid":{"rendered":"http:\/\/www.bz-bodnegg.de\/?page_id=748"},"modified":"2023-01-25T13:17:42","modified_gmt":"2023-01-25T11:17:42","slug":"748-2","status":"publish","type":"page","link":"https:\/\/www.bz-bodnegg.de\/?page_id=748","title":{"rendered":"Die Offene Freizeit (OF)"},"content":{"rendered":"\n<div class=\"wp-block-columns is-layout-flex wp-container-core-columns-is-layout-9d6595d7 wp-block-columns-is-layout-flex\">\n<div class=\"wp-block-column is-layout-flow wp-block-column-is-layout-flow\">\n<p>Jede Mittagspause (t\u00e4glich 12.50-13.50 Uhr) haben die Sch\u00fcler die M\u00f6glichkeit, sich in der Offenen Freizeit (OF) zu entspannen, vergn\u00fcgen, auszutauschen oder einfach nur\u00a0Spa\u00df zu haben. Die\u00a0Angebote werden von\u00a0LehrerInnen und Gemeindemitarbeiterinnen betreut.\u00a0Einige Angebote werden, im Rahmen des Projekts &#8222;Soziales Engagement&#8220; von Sch\u00fclermentoren begleitet.<\/p>\n<\/div>\n\n\n\n<div class=\"wp-block-column is-layout-flow wp-block-column-is-layout-flow\">\n<p><strong>Angebote der Offenen Freizeit:<\/strong><br>&#8211; Billard &amp; Tischfu\u00dfball<br>&#8211; B\u00fccherei<br>&#8211; Spieleausgabe<br>&#8211; <a href=\"https:\/\/www.bz-bodnegg.de\/?page_id=178\">Sch\u00fclercaf\u00e9<\/a><br>&#8211; Sporthalle<br>&#8211; Hallenbad<br>&#8211; Nachhilfementoren<br>&#8211; <a href=\"https:\/\/www.bz-bodnegg.de\/?page_id=690\">Tierhaus<\/a><br>&#8211; Offener Kunstraum<br>&#8211; Offener Technikraum<br>&#8211; Bandraum<\/p>\n<\/div>\n<\/div>\n\n\n\n<figure class=\"wp-block-gallery has-nested-images columns-4 is-cropped wp-block-gallery-1 is-layout-flex wp-block-gallery-is-layout-flex\">\n<figure class=\"wp-block-image size-large\"><a href=\"https:\/\/www.bz-bodnegg.de\/wp-content\/uploads\/2023\/01\/Hallenbad.jpg\"><img loading=\"lazy\" decoding=\"async\" width=\"597\" height=\"352\" data-id=\"9635\" src=\"https:\/\/www.bz-bodnegg.de\/wp-content\/uploads\/2023\/01\/Hallenbad.jpg\" alt=\"\" class=\"wp-image-9635\" srcset=\"https:\/\/www.bz-bodnegg.de\/wp-content\/uploads\/2023\/01\/Hallenbad.jpg 597w, https:\/\/www.bz-bodnegg.de\/wp-content\/uploads\/2023\/01\/Hallenbad-300x177.jpg 300w\" sizes=\"auto, (max-width: 597px) 100vw, 597px\" \/><\/a><\/figure>\n\n\n\n<figure class=\"wp-block-image size-large\"><a href=\"https:\/\/www.bz-bodnegg.de\/wp-content\/uploads\/2023\/01\/DSC_0391.jpg\"><img loading=\"lazy\" decoding=\"async\" width=\"1024\" height=\"683\" data-id=\"9634\" src=\"https:\/\/www.bz-bodnegg.de\/wp-content\/uploads\/2023\/01\/DSC_0391.jpg\" alt=\"\" class=\"wp-image-9634\" srcset=\"https:\/\/www.bz-bodnegg.de\/wp-content\/uploads\/2023\/01\/DSC_0391.jpg 1024w, https:\/\/www.bz-bodnegg.de\/wp-content\/uploads\/2023\/01\/DSC_0391-300x200.jpg 300w, https:\/\/www.bz-bodnegg.de\/wp-content\/uploads\/2023\/01\/DSC_0391-768x512.jpg 768w, https:\/\/www.bz-bodnegg.de\/wp-content\/uploads\/2023\/01\/DSC_0391-624x416.jpg 624w\" sizes=\"auto, (max-width: 1024px) 100vw, 1024px\" \/><\/a><\/figure>\n\n\n\n<figure class=\"wp-block-image size-large\"><a href=\"https:\/\/www.bz-bodnegg.de\/wp-content\/uploads\/2023\/01\/DSC_0371.jpg\"><img loading=\"lazy\" decoding=\"async\" width=\"1024\" height=\"683\" data-id=\"9630\" src=\"https:\/\/www.bz-bodnegg.de\/wp-content\/uploads\/2023\/01\/DSC_0371.jpg\" alt=\"\" class=\"wp-image-9630\" srcset=\"https:\/\/www.bz-bodnegg.de\/wp-content\/uploads\/2023\/01\/DSC_0371.jpg 1024w, https:\/\/www.bz-bodnegg.de\/wp-content\/uploads\/2023\/01\/DSC_0371-300x200.jpg 300w, https:\/\/www.bz-bodnegg.de\/wp-content\/uploads\/2023\/01\/DSC_0371-768x512.jpg 768w, https:\/\/www.bz-bodnegg.de\/wp-content\/uploads\/2023\/01\/DSC_0371-624x416.jpg 624w\" sizes=\"auto, (max-width: 1024px) 100vw, 1024px\" \/><\/a><\/figure>\n\n\n\n<figure class=\"wp-block-image size-large\"><a href=\"https:\/\/www.bz-bodnegg.de\/wp-content\/uploads\/2023\/01\/DSC_0367.jpg\"><img loading=\"lazy\" decoding=\"async\" width=\"1024\" height=\"683\" data-id=\"9629\" src=\"https:\/\/www.bz-bodnegg.de\/wp-content\/uploads\/2023\/01\/DSC_0367.jpg\" alt=\"\" class=\"wp-image-9629\" srcset=\"https:\/\/www.bz-bodnegg.de\/wp-content\/uploads\/2023\/01\/DSC_0367.jpg 1024w, https:\/\/www.bz-bodnegg.de\/wp-content\/uploads\/2023\/01\/DSC_0367-300x200.jpg 300w, https:\/\/www.bz-bodnegg.de\/wp-content\/uploads\/2023\/01\/DSC_0367-768x512.jpg 768w, https:\/\/www.bz-bodnegg.de\/wp-content\/uploads\/2023\/01\/DSC_0367-624x416.jpg 624w\" sizes=\"auto, (max-width: 1024px) 100vw, 1024px\" \/><\/a><\/figure>\n\n\n\n<figure class=\"wp-block-image size-large\"><a href=\"https:\/\/www.bz-bodnegg.de\/wp-content\/uploads\/2023\/01\/DSC_0366.jpg\"><img loading=\"lazy\" decoding=\"async\" width=\"1024\" height=\"683\" data-id=\"9628\" src=\"https:\/\/www.bz-bodnegg.de\/wp-content\/uploads\/2023\/01\/DSC_0366.jpg\" alt=\"\" class=\"wp-image-9628\" srcset=\"https:\/\/www.bz-bodnegg.de\/wp-content\/uploads\/2023\/01\/DSC_0366.jpg 1024w, https:\/\/www.bz-bodnegg.de\/wp-content\/uploads\/2023\/01\/DSC_0366-300x200.jpg 300w, https:\/\/www.bz-bodnegg.de\/wp-content\/uploads\/2023\/01\/DSC_0366-768x512.jpg 768w, https:\/\/www.bz-bodnegg.de\/wp-content\/uploads\/2023\/01\/DSC_0366-624x416.jpg 624w\" sizes=\"auto, (max-width: 1024px) 100vw, 1024px\" \/><\/a><\/figure>\n\n\n\n<figure class=\"wp-block-image size-large\"><a href=\"https:\/\/www.bz-bodnegg.de\/wp-content\/uploads\/2023\/01\/DSC_0364.jpg\"><img loading=\"lazy\" decoding=\"async\" width=\"1024\" height=\"683\" data-id=\"9627\" src=\"https:\/\/www.bz-bodnegg.de\/wp-content\/uploads\/2023\/01\/DSC_0364.jpg\" alt=\"\" class=\"wp-image-9627\" srcset=\"https:\/\/www.bz-bodnegg.de\/wp-content\/uploads\/2023\/01\/DSC_0364.jpg 1024w, https:\/\/www.bz-bodnegg.de\/wp-content\/uploads\/2023\/01\/DSC_0364-300x200.jpg 300w, https:\/\/www.bz-bodnegg.de\/wp-content\/uploads\/2023\/01\/DSC_0364-768x512.jpg 768w, https:\/\/www.bz-bodnegg.de\/wp-content\/uploads\/2023\/01\/DSC_0364-624x416.jpg 624w\" sizes=\"auto, (max-width: 1024px) 100vw, 1024px\" \/><\/a><\/figure>\n\n\n\n<figure class=\"wp-block-image size-large\"><a href=\"https:\/\/www.bz-bodnegg.de\/wp-content\/uploads\/2023\/01\/DSC_0362.jpg\"><img loading=\"lazy\" decoding=\"async\" width=\"1024\" height=\"683\" data-id=\"9625\" src=\"https:\/\/www.bz-bodnegg.de\/wp-content\/uploads\/2023\/01\/DSC_0362.jpg\" alt=\"\" class=\"wp-image-9625\" srcset=\"https:\/\/www.bz-bodnegg.de\/wp-content\/uploads\/2023\/01\/DSC_0362.jpg 1024w, https:\/\/www.bz-bodnegg.de\/wp-content\/uploads\/2023\/01\/DSC_0362-300x200.jpg 300w, https:\/\/www.bz-bodnegg.de\/wp-content\/uploads\/2023\/01\/DSC_0362-768x512.jpg 768w, https:\/\/www.bz-bodnegg.de\/wp-content\/uploads\/2023\/01\/DSC_0362-624x416.jpg 624w\" sizes=\"auto, (max-width: 1024px) 100vw, 1024px\" \/><\/a><\/figure>\n\n\n\n<figure class=\"wp-block-image size-large\"><a href=\"https:\/\/www.bz-bodnegg.de\/wp-content\/uploads\/2023\/01\/DSC_0269.jpg\"><img loading=\"lazy\" decoding=\"async\" width=\"1024\" height=\"683\" data-id=\"9624\" src=\"https:\/\/www.bz-bodnegg.de\/wp-content\/uploads\/2023\/01\/DSC_0269.jpg\" alt=\"\" class=\"wp-image-9624\" srcset=\"https:\/\/www.bz-bodnegg.de\/wp-content\/uploads\/2023\/01\/DSC_0269.jpg 1024w, https:\/\/www.bz-bodnegg.de\/wp-content\/uploads\/2023\/01\/DSC_0269-300x200.jpg 300w, https:\/\/www.bz-bodnegg.de\/wp-content\/uploads\/2023\/01\/DSC_0269-768x512.jpg 768w, https:\/\/www.bz-bodnegg.de\/wp-content\/uploads\/2023\/01\/DSC_0269-624x416.jpg 624w\" sizes=\"auto, (max-width: 1024px) 100vw, 1024px\" \/><\/a><\/figure>\n\n\n\n<figure class=\"wp-block-image size-large\"><a href=\"https:\/\/www.bz-bodnegg.de\/wp-content\/uploads\/2023\/01\/DSC_0264.jpg\"><img loading=\"lazy\" decoding=\"async\" width=\"1024\" height=\"683\" data-id=\"9621\" src=\"https:\/\/www.bz-bodnegg.de\/wp-content\/uploads\/2023\/01\/DSC_0264.jpg\" alt=\"\" class=\"wp-image-9621\" srcset=\"https:\/\/www.bz-bodnegg.de\/wp-content\/uploads\/2023\/01\/DSC_0264.jpg 1024w, https:\/\/www.bz-bodnegg.de\/wp-content\/uploads\/2023\/01\/DSC_0264-300x200.jpg 300w, https:\/\/www.bz-bodnegg.de\/wp-content\/uploads\/2023\/01\/DSC_0264-768x512.jpg 768w, https:\/\/www.bz-bodnegg.de\/wp-content\/uploads\/2023\/01\/DSC_0264-624x416.jpg 624w\" sizes=\"auto, (max-width: 1024px) 100vw, 1024px\" \/><\/a><\/figure>\n\n\n\n<figure class=\"wp-block-image size-large\"><a href=\"https:\/\/www.bz-bodnegg.de\/wp-content\/uploads\/2022\/02\/IMG_4728.jpg\"><img loading=\"lazy\" decoding=\"async\" width=\"1024\" height=\"768\" data-id=\"8573\" src=\"https:\/\/www.bz-bodnegg.de\/wp-content\/uploads\/2022\/02\/IMG_4728-1024x768.jpg\" alt=\"\" class=\"wp-image-8573\" srcset=\"https:\/\/www.bz-bodnegg.de\/wp-content\/uploads\/2022\/02\/IMG_4728-1024x768.jpg 1024w, https:\/\/www.bz-bodnegg.de\/wp-content\/uploads\/2022\/02\/IMG_4728-300x225.jpg 300w, https:\/\/www.bz-bodnegg.de\/wp-content\/uploads\/2022\/02\/IMG_4728-768x576.jpg 768w, https:\/\/www.bz-bodnegg.de\/wp-content\/uploads\/2022\/02\/IMG_4728-624x468.jpg 624w, https:\/\/www.bz-bodnegg.de\/wp-content\/uploads\/2022\/02\/IMG_4728.jpg 1511w\" sizes=\"auto, (max-width: 1024px) 100vw, 1024px\" \/><\/a><\/figure>\n\n\n\n<figure class=\"wp-block-image size-large\"><img loading=\"lazy\" decoding=\"async\" width=\"1024\" height=\"683\" data-id=\"9639\" src=\"https:\/\/www.bz-bodnegg.de\/wp-content\/uploads\/2023\/01\/DSC_0258-1.jpg\" alt=\"\" class=\"wp-image-9639\" srcset=\"https:\/\/www.bz-bodnegg.de\/wp-content\/uploads\/2023\/01\/DSC_0258-1.jpg 1024w, https:\/\/www.bz-bodnegg.de\/wp-content\/uploads\/2023\/01\/DSC_0258-1-300x200.jpg 300w, https:\/\/www.bz-bodnegg.de\/wp-content\/uploads\/2023\/01\/DSC_0258-1-768x512.jpg 768w, https:\/\/www.bz-bodnegg.de\/wp-content\/uploads\/2023\/01\/DSC_0258-1-624x416.jpg 624w\" sizes=\"auto, (max-width: 1024px) 100vw, 1024px\" \/><\/figure>\n<\/figure>\n","protected":false},"excerpt":{"rendered":"<p>Jede Mittagspause (t\u00e4glich 12.50-13.50 Uhr) haben die Sch\u00fcler die M\u00f6glichkeit, sich in der Offenen Freizeit (OF) zu entspannen, vergn\u00fcgen, auszutauschen oder einfach nur\u00a0Spa\u00df zu haben. Die\u00a0Angebote werden von\u00a0LehrerInnen und Gemeindemitarbeiterinnen betreut.\u00a0Einige Angebote werden, im Rahmen des Projekts &#8222;Soziales Engagement&#8220; von Sch\u00fclermentoren begleitet. Angebote der Offenen Freizeit:&#8211; Billard &amp; Tischfu\u00dfball&#8211; B\u00fccherei&#8211; Spieleausgabe&#8211; Sch\u00fclercaf\u00e9&#8211; Sporthalle&#8211; Hallenbad&#8211; Nachhilfementoren&#8211; [&hellip;]<\/p>\n","protected":false},"author":4,"featured_media":0,"parent":0,"menu_order":0,"comment_status":"closed","ping_status":"closed","template":"","meta":{"_mc_calendar":[],"footnotes":""},"class_list":["post-748","page","type-page","status-publish","hentry"],"_links":{"self":[{"href":"https:\/\/www.bz-bodnegg.de\/index.php?rest_route=\/wp\/v2\/pages\/748","targetHints":{"allow":["GET"]}}],"collection":[{"href":"https:\/\/www.bz-bodnegg.de\/index.php?rest_route=\/wp\/v2\/pages"}],"about":[{"href":"https:\/\/www.bz-bodnegg.de\/index.php?rest_route=\/wp\/v2\/types\/page"}],"author":[{"embeddable":true,"href":"https:\/\/www.bz-bodnegg.de\/index.php?rest_route=\/wp\/v2\/users\/4"}],"replies":[{"embeddable":true,"href":"https:\/\/www.bz-bodnegg.de\/index.php?rest_route=%2Fwp%2Fv2%2Fcomments&post=748"}],"version-history":[{"count":23,"href":"https:\/\/www.bz-bodnegg.de\/index.php?rest_route=\/wp\/v2\/pages\/748\/revisions"}],"predecessor-version":[{"id":9640,"href":"https:\/\/www.bz-bodnegg.de\/index.php?rest_route=\/wp\/v2\/pages\/748\/revisions\/9640"}],"wp:attachment":[{"href":"https:\/\/www.bz-bodnegg.de\/index.php?rest_route=%2Fwp%2Fv2%2Fmedia&parent=748"}],"curies":[{"name":"wp","href":"https:\/\/api.w.org\/{rel}","templated":true}]}}