{"id":7539,"date":"2024-02-02T11:59:47","date_gmt":"2024-02-02T09:59:47","guid":{"rendered":"https:\/\/www.bz-bodnegg.de\/?page_id=7539"},"modified":"2026-03-26T15:17:48","modified_gmt":"2026-03-26T13:17:48","slug":"anmeldung-5-klasse","status":"publish","type":"page","link":"https:\/\/www.bz-bodnegg.de\/?page_id=7539","title":{"rendered":"Anfrage Schulplatz &amp; Anmeldeportal"},"content":{"rendered":"\n<div class=\"wp-block-media-text is-stacked-on-mobile\" style=\"grid-template-columns:30% auto\"><figure class=\"wp-block-media-text__media\"><a href=\"https:\/\/www.bz-bodnegg.de\/wp-content\/uploads\/2026\/03\/Anfrage-fuer-einen-Schulplatz-am-BZ-Bodnegg.pdf\" target=\"_blank\" rel=\" noreferrer noopener\"><img loading=\"lazy\" decoding=\"async\" width=\"1024\" height=\"1024\" src=\"https:\/\/www.bz-bodnegg.de\/wp-content\/uploads\/2026\/03\/eae96f66-129e-4c31-8d8c-5a5e7c341bf3.png\" alt=\"\" class=\"wp-image-13071 size-full\" srcset=\"https:\/\/www.bz-bodnegg.de\/wp-content\/uploads\/2026\/03\/eae96f66-129e-4c31-8d8c-5a5e7c341bf3.png 1024w, https:\/\/www.bz-bodnegg.de\/wp-content\/uploads\/2026\/03\/eae96f66-129e-4c31-8d8c-5a5e7c341bf3-300x300.png 300w, https:\/\/www.bz-bodnegg.de\/wp-content\/uploads\/2026\/03\/eae96f66-129e-4c31-8d8c-5a5e7c341bf3-110x110.png 110w, https:\/\/www.bz-bodnegg.de\/wp-content\/uploads\/2026\/03\/eae96f66-129e-4c31-8d8c-5a5e7c341bf3-768x768.png 768w, https:\/\/www.bz-bodnegg.de\/wp-content\/uploads\/2026\/03\/eae96f66-129e-4c31-8d8c-5a5e7c341bf3-624x624.png 624w\" sizes=\"auto, (max-width: 1024px) 100vw, 1024px\" \/><\/a><\/figure><div class=\"wp-block-media-text__content\">\n<p>Sie m\u00f6chten Ihr Kind an unserer Realschule, Werkrealschule oder Grundschule <strong>unterj\u00e4hrig<\/strong> anmelden? Dann stellen Sie zun\u00e4chst eine <strong><a href=\"https:\/\/www.bz-bodnegg.de\/wp-content\/uploads\/2026\/03\/Anfrage-fuer-einen-Schulplatz-am-BZ-Bodnegg.pdf\" target=\"_blank\" rel=\"noreferrer noopener\">ANFRAGE auf einen Schulplatz<\/a> <\/strong>bei uns und leiten diese an <a href=\"mailto:sekretariat@bz-bodnegg.de\">sekretariat@bz-bodnegg.de<\/a>.<\/p>\n<\/div><\/div>\n\n\n\n<p><\/p>\n\n\n\n<p><strong>Sie m\u00f6chten Ihr Kind f\u00fcr Klasse 1 bzw. Klasse 5<\/strong> an unserer Realschule, Werkrealschule oder Grundschule anmelden?<br>Klicken Sie auf den entsprechenden Anmeldelink oder scannen den QR-Code.<br><\/p>\n\n\n\n<div class=\"wp-block-media-text is-stacked-on-mobile\" style=\"grid-template-columns:21% auto\"><figure class=\"wp-block-media-text__media\"><img loading=\"lazy\" decoding=\"async\" width=\"516\" height=\"515\" src=\"https:\/\/www.bz-bodnegg.de\/wp-content\/uploads\/2025\/01\/2-1.jpg\" alt=\"\" class=\"wp-image-12025 size-full\" srcset=\"https:\/\/www.bz-bodnegg.de\/wp-content\/uploads\/2025\/01\/2-1.jpg 516w, https:\/\/www.bz-bodnegg.de\/wp-content\/uploads\/2025\/01\/2-1-300x300.jpg 300w, https:\/\/www.bz-bodnegg.de\/wp-content\/uploads\/2025\/01\/2-1-110x110.jpg 110w\" sizes=\"auto, (max-width: 516px) 100vw, 516px\" \/><\/figure><div class=\"wp-block-media-text__content\">\n<p><a href=\"https:\/\/bz-bodnegg.schulanmeldungen.com\/anmeldeformulare\/realschule\" target=\"_blank\" rel=\"noreferrer noopener\">Anmeldelink <strong>REALSCHULE<\/strong><\/a><\/p>\n<\/div><\/div>\n\n\n\n<div class=\"wp-block-media-text is-stacked-on-mobile\" style=\"grid-template-columns:21% auto\"><figure class=\"wp-block-media-text__media\"><img loading=\"lazy\" decoding=\"async\" width=\"523\" height=\"522\" src=\"https:\/\/www.bz-bodnegg.de\/wp-content\/uploads\/2025\/01\/Unbenannt.jpg\" alt=\"\" class=\"wp-image-12022 size-full\" srcset=\"https:\/\/www.bz-bodnegg.de\/wp-content\/uploads\/2025\/01\/Unbenannt.jpg 523w, https:\/\/www.bz-bodnegg.de\/wp-content\/uploads\/2025\/01\/Unbenannt-300x300.jpg 300w, https:\/\/www.bz-bodnegg.de\/wp-content\/uploads\/2025\/01\/Unbenannt-110x110.jpg 110w\" sizes=\"auto, (max-width: 523px) 100vw, 523px\" \/><\/figure><div class=\"wp-block-media-text__content\">\n<p><a href=\"https:\/\/bz-bodnegg.schulanmeldungen.com\/anmeldeformulare\/werkrealschule\" target=\"_blank\" rel=\"noreferrer noopener\">Anmeldelink <strong>WERKREALSCHULE<\/strong><\/a><\/p>\n<\/div><\/div>\n\n\n\n<div class=\"wp-block-media-text is-stacked-on-mobile\" style=\"grid-template-columns:21% auto\"><figure class=\"wp-block-media-text__media\"><img loading=\"lazy\" decoding=\"async\" width=\"200\" height=\"201\" src=\"https:\/\/www.bz-bodnegg.de\/wp-content\/uploads\/2025\/02\/Unbenannt.jpg\" alt=\"\" class=\"wp-image-12066 size-full\" srcset=\"https:\/\/www.bz-bodnegg.de\/wp-content\/uploads\/2025\/02\/Unbenannt.jpg 200w, https:\/\/www.bz-bodnegg.de\/wp-content\/uploads\/2025\/02\/Unbenannt-110x110.jpg 110w\" sizes=\"auto, (max-width: 200px) 100vw, 200px\" \/><\/figure><div class=\"wp-block-media-text__content\">\n<p><a href=\"https:\/\/bz-bodnegg.schulanmeldungen.com\/anmeldeformulare\/grundschule\" target=\"_blank\" rel=\"noreferrer noopener\">Anmeldelink <strong>GRUNDSCHULE<\/strong><\/a><\/p>\n<\/div><\/div>\n\n\n\n<p><strong>Fast geschafft&#8230;wir ben\u00f6tigen folgende Unterlagen<\/strong>, die Sie pers\u00f6nlich vorbeibringen oder zeitig per Post schicken. <br><br><strong>1. Formulare ausgedruckt* aus der Onlineanmeldung<\/strong><br>(Anmeldeformular, SEPA Mandat Essensmarken, DSGVO Datenschutzerkl\u00e4rung)<strong><br>2. NAVI 4 <em>(Grundschulempfehlung)<\/em> Blatt 3 <em>(bei Anmeldung in Kl. 5)<\/em><br>3. Kopie der Geburtsurkunde Ihres Kindes<\/strong><\/p>\n\n\n\n<p><strong>Bitte beachten Sie f\u00fcr die Anmeldung in Klasse 5 jeweils die zentralen Anmeldetage im M\u00e4rz eines jeden Jahres.<\/strong><\/p>\n\n\n\n<hr class=\"wp-block-separator has-css-opacity\"\/>\n\n\n\n<p>Ihre Ansprechpartnerin bei Fragen rund um den Anmeldeprozess:<br><a aria-label=\" (\u00f6ffnet in neuem Tab)\" href=\"mailto:sekretariat@bz-bodnegg.de\" target=\"_blank\" rel=\"noreferrer noopener\">Schulsekretariat<\/a> Daniela Eberle <br>07520 &#8211; 920711<\/p>\n\n\n\n<p>Bildungszentrum Bodnegg<br>Sekretariat Frau Eberle <br>Dorfstra\u00dfe 34<br>88285 Bodnegg<\/p>\n\n\n\n<p><em>* Falls Sie keine M\u00f6glichkeit haben, die Formulare auszudrucken, \u00fcbernehmen wir das gerne f\u00fcr Sie.<\/em><br><\/p>\n","protected":false},"excerpt":{"rendered":"<p>Sie m\u00f6chten Ihr Kind an unserer Realschule, Werkrealschule oder Grundschule unterj\u00e4hrig anmelden? Dann stellen Sie zun\u00e4chst eine ANFRAGE auf einen Schulplatz bei uns und leiten diese an sekretariat@bz-bodnegg.de. Sie m\u00f6chten Ihr Kind f\u00fcr Klasse 1 bzw. Klasse 5 an unserer Realschule, Werkrealschule oder Grundschule anmelden?Klicken Sie auf den entsprechenden Anmeldelink oder scannen den QR-Code. Anmeldelink [&hellip;]<\/p>\n","protected":false},"author":4,"featured_media":0,"parent":0,"menu_order":0,"comment_status":"closed","ping_status":"closed","template":"","meta":{"_mc_calendar":[],"footnotes":""},"class_list":["post-7539","page","type-page","status-publish","hentry"],"_links":{"self":[{"href":"https:\/\/www.bz-bodnegg.de\/index.php?rest_route=\/wp\/v2\/pages\/7539","targetHints":{"allow":["GET"]}}],"collection":[{"href":"https:\/\/www.bz-bodnegg.de\/index.php?rest_route=\/wp\/v2\/pages"}],"about":[{"href":"https:\/\/www.bz-bodnegg.de\/index.php?rest_route=\/wp\/v2\/types\/page"}],"author":[{"embeddable":true,"href":"https:\/\/www.bz-bodnegg.de\/index.php?rest_route=\/wp\/v2\/users\/4"}],"replies":[{"embeddable":true,"href":"https:\/\/www.bz-bodnegg.de\/index.php?rest_route=%2Fwp%2Fv2%2Fcomments&post=7539"}],"version-history":[{"count":51,"href":"https:\/\/www.bz-bodnegg.de\/index.php?rest_route=\/wp\/v2\/pages\/7539\/revisions"}],"predecessor-version":[{"id":13078,"href":"https:\/\/www.bz-bodnegg.de\/index.php?rest_route=\/wp\/v2\/pages\/7539\/revisions\/13078"}],"wp:attachment":[{"href":"https:\/\/www.bz-bodnegg.de\/index.php?rest_route=%2Fwp%2Fv2%2Fmedia&parent=7539"}],"curies":[{"name":"wp","href":"https:\/\/api.w.org\/{rel}","templated":true}]}}