{"id":755,"date":"2015-02-14T09:59:19","date_gmt":"2015-02-14T07:59:19","guid":{"rendered":"http:\/\/www.bz-bodnegg.de\/?page_id=755"},"modified":"2023-02-09T12:14:25","modified_gmt":"2023-02-09T10:14:25","slug":"freizeitgemeinschaften-fzg","status":"publish","type":"page","link":"https:\/\/www.bz-bodnegg.de\/?page_id=755","title":{"rendered":"Freizeitgemeinschaften (FZG)"},"content":{"rendered":"\n<figure class=\"wp-block-video\"><video controls preload=\"none\" src=\"https:\/\/www.bz-bodnegg.de\/wp-content\/uploads\/2015\/02\/FZG-TRAILER2015_1.mp4\"><\/video><\/figure>\n\n\n\n<p>Die Klassen 5\/6 sowie 7\/8 haben an getrennten Nachmittagen (jeweils Dienstag und Mittwoch) die M\u00f6glichkeit sich aus einer Vielzahl an Angeboten, das passende auszusuchen um sich neue Dinge anzueignen oder bereits vorhandene Interessen zu vertiefen, fit zu bleiben bzw. zu werden, mit Freunden zu spielen und gemeinsame Zeit auch \u00fcber den eigenen Klassenverband hinaus an der Schule zu verbringen.<\/p>\n\n\n\n<p>Eine Auswahl der immer wieder wechselnden Angebote der FZG (zum Teil von der Jahreszeit abh\u00e4ngig):<\/p>\n\n\n\n<div class=\"wp-block-columns is-layout-flex wp-container-core-columns-is-layout-9d6595d7 wp-block-columns-is-layout-flex\">\n<div class=\"wp-block-column is-layout-flow wp-block-column-is-layout-flow\">\n<p>Tierhaus<br>Fr\u00e4sen mit Kosy<br>Fu\u00dfball<br>Tennis<br>Kunstturnen<br>Zirkus<br>Basketball<br>N\u00e4hen mit der N\u00e4hmaschine<br>Bau eines Fahrzeugs mit E-Antrieb<br>Ballspiele<br>Kochen &amp; Backen<br>Audio-Technik-Team<br>Fit durch den Winter<br>Schwimmen \/ Tauchen<br>M\u00e4dchenfu\u00dfball<br>Beauty Basics<br>Bouldern<br>Bau von Flugobjekten<br>Sportspiele<br>Fitness<br>T\u00f6pfern<br>Geocaching<br>Papierwerkstatt<\/p>\n<\/div>\n\n\n\n<div class=\"wp-block-column is-layout-flow wp-block-column-is-layout-flow\">\n<p>Badminton<br>Spiele drinnen &amp; drau\u00dfen<br>Mountainbiken<br>Virtuelle Welten mit Co-Spaces<br>Sch\u00fclerfirma Textil<br>Natur erleben &amp; sch\u00fctzen<br>Kreativwerkstatt<br>Naturkosmetik herstellen<br>Sound Kids<br>Ukulele<br>Badminton<br>H\u00e4keln von M\u00fctzen &amp; Schals<br>Technikprojekte<br>Fotografie<br>Billard &amp; Tischkicker<br>Guitar Heroes<br>Tischtennis<br>Bau von Longboards<br>Kunst-Projekt<br>Lego Mindstorms Robotic<br>Kleine Geschenke mit Betonguss<br>Musical<br>Stricken<br>Teenies teach Oldies<br><br><\/p>\n<\/div>\n<\/div>\n","protected":false},"excerpt":{"rendered":"<p>Die Klassen 5\/6 sowie 7\/8 haben an getrennten Nachmittagen (jeweils Dienstag und Mittwoch) die M\u00f6glichkeit sich aus einer Vielzahl an Angeboten, das passende auszusuchen um sich neue Dinge anzueignen oder bereits vorhandene Interessen zu vertiefen, fit zu bleiben bzw. zu werden, mit Freunden zu spielen und gemeinsame Zeit auch \u00fcber den eigenen Klassenverband hinaus an [&hellip;]<\/p>\n","protected":false},"author":4,"featured_media":0,"parent":0,"menu_order":0,"comment_status":"closed","ping_status":"closed","template":"","meta":{"_mc_calendar":[],"footnotes":""},"class_list":["post-755","page","type-page","status-publish","hentry"],"_links":{"self":[{"href":"https:\/\/www.bz-bodnegg.de\/index.php?rest_route=\/wp\/v2\/pages\/755","targetHints":{"allow":["GET"]}}],"collection":[{"href":"https:\/\/www.bz-bodnegg.de\/index.php?rest_route=\/wp\/v2\/pages"}],"about":[{"href":"https:\/\/www.bz-bodnegg.de\/index.php?rest_route=\/wp\/v2\/types\/page"}],"author":[{"embeddable":true,"href":"https:\/\/www.bz-bodnegg.de\/index.php?rest_route=\/wp\/v2\/users\/4"}],"replies":[{"embeddable":true,"href":"https:\/\/www.bz-bodnegg.de\/index.php?rest_route=%2Fwp%2Fv2%2Fcomments&post=755"}],"version-history":[{"count":16,"href":"https:\/\/www.bz-bodnegg.de\/index.php?rest_route=\/wp\/v2\/pages\/755\/revisions"}],"predecessor-version":[{"id":9706,"href":"https:\/\/www.bz-bodnegg.de\/index.php?rest_route=\/wp\/v2\/pages\/755\/revisions\/9706"}],"wp:attachment":[{"href":"https:\/\/www.bz-bodnegg.de\/index.php?rest_route=%2Fwp%2Fv2%2Fmedia&parent=755"}],"curies":[{"name":"wp","href":"https:\/\/api.w.org\/{rel}","templated":true}]}}