{"id":760,"date":"2015-02-14T10:03:57","date_gmt":"2015-02-14T08:03:57","guid":{"rendered":"http:\/\/www.bz-bodnegg.de\/?page_id=760"},"modified":"2019-10-10T17:08:06","modified_gmt":"2019-10-10T15:08:06","slug":"individuelle-foerderung","status":"publish","type":"page","link":"https:\/\/www.bz-bodnegg.de\/?page_id=760","title":{"rendered":"Individuelle F\u00f6rderung"},"content":{"rendered":"<div class=\"page\" title=\"Page 1\">\n<div class=\"page\" title=\"Page 1\">\n<div class=\"section\">\n<div class=\"layoutArea\">\n<div class=\"column\">\n<p>Im Mittelpunkt der individuellen F\u00f6rderung steht das einzelne Kind, das als Pers\u00f6nlichkeit wahrgenommen und wertgesch\u00e4tzt wird. Entsprechend dem pers\u00f6nlichen Entwicklungs- und Lernstand werden Kinder und Jugendlichen im Rahmen der individuellen F\u00f6rderung so unterst\u00fctzt und gef\u00f6rdert, dass sie ihre Begabungen, F\u00e4higkeiten und Kompetenzen bestm\u00f6glich entfalten und somit den bestm\u00f6glichen Bildungserfolg erzielen k\u00f6nnen.<\/p>\n<p>Individuelle F\u00f6rderung bedeutet jedoch nicht, dass jedes Kind und jeder Jugendlichen \u201egesondert\u201c unterrichtet wird. Individuelle F\u00f6rderung bedeutet die Schaffung von Lernsituationen, in denen die Sch\u00fclerinnen und Sch\u00fcler ihre Kompetenzen aktiv entwickeln k\u00f6nnen. Die St\u00e4rkung der Selbstverantwortung f\u00fcr das eigene Lernen und das nachhaltige F\u00f6rdern von sozialen Kompetenzen sind dabei wesentliche Faktoren, damit Lernen im fachlichen Bereich erfolgreich gelingen kann.<\/p>\n<p>In einem Unterrichtssetting, das diesen Faktoren Rechnung tr\u00e4gt, tragen nicht die Lehrkr\u00e4fte die alleinige Verantwortung, sondern die Sch\u00fclerinnen und Sch\u00fcler leisten ihren Beitrag, indem sie die Bereitschaft zu eigenverantwortlichem und motiviertem Lernen zeigen und \u00fcber ihre Ziele und ihre Leistung immer wieder nachdenken.<\/p>\n<p>Im Bildungszentrum Bodnegg werden Sch\u00fclerinnen und Sch\u00fcler entsprechend ihren Begabungen und M\u00f6glichkeiten optimal unterst\u00fctzt.<br \/>\nDies geschieht sowohl im Klassenverband (Lernplanstunden) als auch im Rahmen zus\u00e4tzlicher Angebote (Lerninsel, Aufgabenbetreuung, F\u00f6rderung bei LRS und Konzentrationstraining). So werden Schw\u00e4chen gemildert und den unterschiedlichen Lernwegen und Lerngeschwindigkeiten und der Verschiedenheit der Vorerfahrungen und Vorkenntnisse kann im bestm\u00f6glichen Sinne Rechnung getragen werden.<\/p>\n<\/div>\n<\/div>\n<\/div>\n<\/div>\n<\/div>\n","protected":false},"excerpt":{"rendered":"<p>Im Mittelpunkt der individuellen F\u00f6rderung steht das einzelne Kind, das als Pers\u00f6nlichkeit wahrgenommen und wertgesch\u00e4tzt wird. Entsprechend dem pers\u00f6nlichen Entwicklungs- und Lernstand werden Kinder und Jugendlichen im Rahmen der individuellen F\u00f6rderung so unterst\u00fctzt und gef\u00f6rdert, dass sie ihre Begabungen, F\u00e4higkeiten und Kompetenzen bestm\u00f6glich entfalten und somit den bestm\u00f6glichen Bildungserfolg erzielen k\u00f6nnen. Individuelle F\u00f6rderung bedeutet jedoch [&hellip;]<\/p>\n","protected":false},"author":4,"featured_media":0,"parent":0,"menu_order":0,"comment_status":"closed","ping_status":"closed","template":"","meta":{"_mc_calendar":[],"footnotes":""},"class_list":["post-760","page","type-page","status-publish","hentry"],"_links":{"self":[{"href":"https:\/\/www.bz-bodnegg.de\/index.php?rest_route=\/wp\/v2\/pages\/760","targetHints":{"allow":["GET"]}}],"collection":[{"href":"https:\/\/www.bz-bodnegg.de\/index.php?rest_route=\/wp\/v2\/pages"}],"about":[{"href":"https:\/\/www.bz-bodnegg.de\/index.php?rest_route=\/wp\/v2\/types\/page"}],"author":[{"embeddable":true,"href":"https:\/\/www.bz-bodnegg.de\/index.php?rest_route=\/wp\/v2\/users\/4"}],"replies":[{"embeddable":true,"href":"https:\/\/www.bz-bodnegg.de\/index.php?rest_route=%2Fwp%2Fv2%2Fcomments&post=760"}],"version-history":[{"count":9,"href":"https:\/\/www.bz-bodnegg.de\/index.php?rest_route=\/wp\/v2\/pages\/760\/revisions"}],"predecessor-version":[{"id":5824,"href":"https:\/\/www.bz-bodnegg.de\/index.php?rest_route=\/wp\/v2\/pages\/760\/revisions\/5824"}],"wp:attachment":[{"href":"https:\/\/www.bz-bodnegg.de\/index.php?rest_route=%2Fwp%2Fv2%2Fmedia&parent=760"}],"curies":[{"name":"wp","href":"https:\/\/api.w.org\/{rel}","templated":true}]}}