{"id":763,"date":"2015-02-14T10:06:31","date_gmt":"2015-02-14T08:06:31","guid":{"rendered":"http:\/\/www.bz-bodnegg.de\/?page_id=763"},"modified":"2016-01-17T18:45:28","modified_gmt":"2016-01-17T16:45:28","slug":"aufgabenbetreuung","status":"publish","type":"page","link":"https:\/\/www.bz-bodnegg.de\/?page_id=763","title":{"rendered":"Lernbetreuung"},"content":{"rendered":"<p>Die Lernbetreuung findet einmal w\u00f6chentlich zweist\u00fcndig an einem Nachmittag statt. Sie ist gedacht f\u00fcr Sch\u00fclerinnen und Sch\u00fcler die Aufgaben aus dem Unterricht nachzuarbeiten haben oder die Unterst\u00fctzung bei ihren Wochenplanaufgaben brauchen. Eine Lehrkraft beaufsichtigt und unterst\u00fctzt bei Bedarf.<\/p>\n","protected":false},"excerpt":{"rendered":"<p>Die Lernbetreuung findet einmal w\u00f6chentlich zweist\u00fcndig an einem Nachmittag statt. Sie ist gedacht f\u00fcr Sch\u00fclerinnen und Sch\u00fcler die Aufgaben aus dem Unterricht nachzuarbeiten haben oder die Unterst\u00fctzung bei ihren Wochenplanaufgaben brauchen. Eine Lehrkraft beaufsichtigt und unterst\u00fctzt bei Bedarf.<\/p>\n","protected":false},"author":4,"featured_media":0,"parent":0,"menu_order":0,"comment_status":"closed","ping_status":"closed","template":"","meta":{"_mc_calendar":[],"footnotes":""},"class_list":["post-763","page","type-page","status-publish","hentry"],"_links":{"self":[{"href":"https:\/\/www.bz-bodnegg.de\/index.php?rest_route=\/wp\/v2\/pages\/763","targetHints":{"allow":["GET"]}}],"collection":[{"href":"https:\/\/www.bz-bodnegg.de\/index.php?rest_route=\/wp\/v2\/pages"}],"about":[{"href":"https:\/\/www.bz-bodnegg.de\/index.php?rest_route=\/wp\/v2\/types\/page"}],"author":[{"embeddable":true,"href":"https:\/\/www.bz-bodnegg.de\/index.php?rest_route=\/wp\/v2\/users\/4"}],"replies":[{"embeddable":true,"href":"https:\/\/www.bz-bodnegg.de\/index.php?rest_route=%2Fwp%2Fv2%2Fcomments&post=763"}],"version-history":[{"count":4,"href":"https:\/\/www.bz-bodnegg.de\/index.php?rest_route=\/wp\/v2\/pages\/763\/revisions"}],"predecessor-version":[{"id":1911,"href":"https:\/\/www.bz-bodnegg.de\/index.php?rest_route=\/wp\/v2\/pages\/763\/revisions\/1911"}],"wp:attachment":[{"href":"https:\/\/www.bz-bodnegg.de\/index.php?rest_route=%2Fwp%2Fv2%2Fmedia&parent=763"}],"curies":[{"name":"wp","href":"https:\/\/api.w.org\/{rel}","templated":true}]}}