{"id":769,"date":"2015-02-14T10:07:12","date_gmt":"2015-02-14T08:07:12","guid":{"rendered":"http:\/\/www.bz-bodnegg.de\/?page_id=769"},"modified":"2016-01-17T18:51:13","modified_gmt":"2016-01-17T16:51:13","slug":"mkt-marburger-konzentrationstraining","status":"publish","type":"page","link":"https:\/\/www.bz-bodnegg.de\/?page_id=769","title":{"rendered":"Marburger Konzentrationstraining"},"content":{"rendered":"<p>Immer mehr P\u00e4dagogen klagen \u00fcber eine mangelnde Konzentrations- und Merkf\u00e4higkeit der Kinder. Im Rahmen des Marburger Konzentrationstrainings trainieren Sch\u00fclerinnen und Sch\u00fcler mit Hilfe von \u00dcbungen, die speziell an schulisches Lernen und Arbeiten angepasst sind, ihre Aufmerksamkeit bewusst auf eine Sache zu lenken. Dadurch werden sie bef\u00e4higt dem Unterricht intensiver und aufnahmef\u00e4higer zu folgen.<\/p>\n","protected":false},"excerpt":{"rendered":"<p>Immer mehr P\u00e4dagogen klagen \u00fcber eine mangelnde Konzentrations- und Merkf\u00e4higkeit der Kinder. Im Rahmen des Marburger Konzentrationstrainings trainieren Sch\u00fclerinnen und Sch\u00fcler mit Hilfe von \u00dcbungen, die speziell an schulisches Lernen und Arbeiten angepasst sind, ihre Aufmerksamkeit bewusst auf eine Sache zu lenken. Dadurch werden sie bef\u00e4higt dem Unterricht intensiver und aufnahmef\u00e4higer zu folgen.<\/p>\n","protected":false},"author":4,"featured_media":0,"parent":0,"menu_order":0,"comment_status":"closed","ping_status":"closed","template":"","meta":{"_mc_calendar":[],"footnotes":""},"class_list":["post-769","page","type-page","status-publish","hentry"],"_links":{"self":[{"href":"https:\/\/www.bz-bodnegg.de\/index.php?rest_route=\/wp\/v2\/pages\/769","targetHints":{"allow":["GET"]}}],"collection":[{"href":"https:\/\/www.bz-bodnegg.de\/index.php?rest_route=\/wp\/v2\/pages"}],"about":[{"href":"https:\/\/www.bz-bodnegg.de\/index.php?rest_route=\/wp\/v2\/types\/page"}],"author":[{"embeddable":true,"href":"https:\/\/www.bz-bodnegg.de\/index.php?rest_route=\/wp\/v2\/users\/4"}],"replies":[{"embeddable":true,"href":"https:\/\/www.bz-bodnegg.de\/index.php?rest_route=%2Fwp%2Fv2%2Fcomments&post=769"}],"version-history":[{"count":3,"href":"https:\/\/www.bz-bodnegg.de\/index.php?rest_route=\/wp\/v2\/pages\/769\/revisions"}],"predecessor-version":[{"id":1917,"href":"https:\/\/www.bz-bodnegg.de\/index.php?rest_route=\/wp\/v2\/pages\/769\/revisions\/1917"}],"wp:attachment":[{"href":"https:\/\/www.bz-bodnegg.de\/index.php?rest_route=%2Fwp%2Fv2%2Fmedia&parent=769"}],"curies":[{"name":"wp","href":"https:\/\/api.w.org\/{rel}","templated":true}]}}