{"id":794,"date":"2015-02-14T10:29:15","date_gmt":"2015-02-14T08:29:15","guid":{"rendered":"http:\/\/www.bz-bodnegg.de\/?page_id=794"},"modified":"2016-02-03T17:42:35","modified_gmt":"2016-02-03T15:42:35","slug":"streitschlichter","status":"publish","type":"page","link":"https:\/\/www.bz-bodnegg.de\/?page_id=794","title":{"rendered":"Streitschlichter"},"content":{"rendered":"<p style=\"text-align: justify;\">Die Streitschlichter am Bildungszentrum Bodnegg werden seit nunmehr 20 Jahren ausgebildet. Der Grundgedanke ist, dass Sch\u00fcler einen Streit unter Sch\u00fclern besser l\u00f6sen k\u00f6nnen als Lehrer dies k\u00f6nnen. Sch\u00fclerstreitschlichter sind neutral und geben keine Strafen. F\u00fcr die streitenden Sch\u00fcler ist das eine Chance, den Streit ohne Lehrer und ohne Strafen zu beenden. Die Aufgabe der Streitschlichter ist es, eine Br\u00fccke zwischen den Streitenden zu bilden und ihnen zu helfen, L\u00f6sungsm\u00f6glichkeiten zu finden. Sie geben keine L\u00f6sungen vor, sondern helfen den Streitenden eine f\u00fcr beide Seiten akzeptable L\u00f6sung zu finden. Streitschlichtungsgespr\u00e4che finden w\u00e4hrend der Gro\u00dfen Pause, in der Mittagspause und in besonders dringenden F\u00e4llen auch w\u00e4hrend der Unterrichtszeit statt.<\/p>\n<p style=\"text-align: justify;\">Jedes Jahr wird eine Gruppierung von Neuntkl\u00e4sslerInnen ausgebildet, die im Anschluss ein Schuljahr lang viele Klassen betreut.<\/p>\n","protected":false},"excerpt":{"rendered":"<p>Die Streitschlichter am Bildungszentrum Bodnegg werden seit nunmehr 20 Jahren ausgebildet. Der Grundgedanke ist, dass Sch\u00fcler einen Streit unter Sch\u00fclern besser l\u00f6sen k\u00f6nnen als Lehrer dies k\u00f6nnen. Sch\u00fclerstreitschlichter sind neutral und geben keine Strafen. F\u00fcr die streitenden Sch\u00fcler ist das eine Chance, den Streit ohne Lehrer und ohne Strafen zu beenden. Die Aufgabe der Streitschlichter [&hellip;]<\/p>\n","protected":false},"author":4,"featured_media":0,"parent":0,"menu_order":0,"comment_status":"closed","ping_status":"closed","template":"","meta":{"_mc_calendar":[],"footnotes":""},"class_list":["post-794","page","type-page","status-publish","hentry"],"_links":{"self":[{"href":"https:\/\/www.bz-bodnegg.de\/index.php?rest_route=\/wp\/v2\/pages\/794","targetHints":{"allow":["GET"]}}],"collection":[{"href":"https:\/\/www.bz-bodnegg.de\/index.php?rest_route=\/wp\/v2\/pages"}],"about":[{"href":"https:\/\/www.bz-bodnegg.de\/index.php?rest_route=\/wp\/v2\/types\/page"}],"author":[{"embeddable":true,"href":"https:\/\/www.bz-bodnegg.de\/index.php?rest_route=\/wp\/v2\/users\/4"}],"replies":[{"embeddable":true,"href":"https:\/\/www.bz-bodnegg.de\/index.php?rest_route=%2Fwp%2Fv2%2Fcomments&post=794"}],"version-history":[{"count":3,"href":"https:\/\/www.bz-bodnegg.de\/index.php?rest_route=\/wp\/v2\/pages\/794\/revisions"}],"predecessor-version":[{"id":1994,"href":"https:\/\/www.bz-bodnegg.de\/index.php?rest_route=\/wp\/v2\/pages\/794\/revisions\/1994"}],"wp:attachment":[{"href":"https:\/\/www.bz-bodnegg.de\/index.php?rest_route=%2Fwp%2Fv2%2Fmedia&parent=794"}],"curies":[{"name":"wp","href":"https:\/\/api.w.org\/{rel}","templated":true}]}}