{"id":798,"date":"2015-02-14T10:29:39","date_gmt":"2015-02-14T08:29:39","guid":{"rendered":"http:\/\/www.bz-bodnegg.de\/?page_id=798"},"modified":"2019-10-10T17:02:07","modified_gmt":"2019-10-10T15:02:07","slug":"busbegleiter","status":"publish","type":"page","link":"https:\/\/www.bz-bodnegg.de\/?page_id=798","title":{"rendered":"Busbegleiter"},"content":{"rendered":"<p style=\"text-align: justify;\">Die Busbegleiter des BZ Bodnegg sind f\u00fcr den reibungslosen Ablauf beim Bustransport der Sch\u00fclerinnen und Sch\u00fcler verantwortlich. Die T\u00e4tigkeit umfasst drei Bausteine. Im ersten Baustein erhalten die Interessenten eine dreit\u00e4gige, praxisorientierte Ausbildung, die am Bildungszentrum von den Lehrern Frau Knaus und Herr Brandt in Kooperation mit dem Busunternehmen Schuler sowie der Polizei durchgef\u00fchrt wird. Dabei wird gelernt, welche Aufgaben man als Busbegleiter insgesamt hat, woran man Probleme im Bus erkennt und wie mit Konflikten im Bus umgegangen werden muss. Am Ende erfolgen eine Pr\u00fcfung und die Verleihung des Schulbegleiterausweises. Der zweite Baustein umfasst die eigentliche T\u00e4tigkeit als Busbegleiter w\u00e4hrend des Schuljahres. Die Busbegleiter stellen sie in den f\u00fcnften Klassen vor und sind ganzj\u00e4hrig einer bestimmten Buslinie zugeteilt. Der Einsatz erfolgt an der Haltestelle und w\u00e4hrend der Busfahrten. Dabei achten sie auf das Einhalten der Regeln und sorgen f\u00fcr Sicherheit. Im Baustein 3 ist schlie\u00dflich eine Dokumentation vorgesehen, welche die Anfertigung einer Dokumentationsmappe umfasst. Die Busbegleiter sind in ihrer T\u00e4tigkeit sehr zuverl\u00e4ssig und erfolgreich: Die Sch\u00fcler und Busfahrer melden seit der Einf\u00fchrung weitaus weniger Vorf\u00e4lle. So sollen sich insbesondere die Busse der Firma Schuler mit Bodnegger Sch\u00fclern im Verhalten deutlich von denen anderer Linien unterscheiden.<\/p>\n","protected":false},"excerpt":{"rendered":"<p>Die Busbegleiter des BZ Bodnegg sind f\u00fcr den reibungslosen Ablauf beim Bustransport der Sch\u00fclerinnen und Sch\u00fcler verantwortlich. Die T\u00e4tigkeit umfasst drei Bausteine. Im ersten Baustein erhalten die Interessenten eine dreit\u00e4gige, praxisorientierte Ausbildung, die am Bildungszentrum von den Lehrern Frau Knaus und Herr Brandt in Kooperation mit dem Busunternehmen Schuler sowie der Polizei durchgef\u00fchrt wird. Dabei [&hellip;]<\/p>\n","protected":false},"author":4,"featured_media":0,"parent":0,"menu_order":0,"comment_status":"closed","ping_status":"closed","template":"","meta":{"_mc_calendar":[],"footnotes":""},"class_list":["post-798","page","type-page","status-publish","hentry"],"_links":{"self":[{"href":"https:\/\/www.bz-bodnegg.de\/index.php?rest_route=\/wp\/v2\/pages\/798","targetHints":{"allow":["GET"]}}],"collection":[{"href":"https:\/\/www.bz-bodnegg.de\/index.php?rest_route=\/wp\/v2\/pages"}],"about":[{"href":"https:\/\/www.bz-bodnegg.de\/index.php?rest_route=\/wp\/v2\/types\/page"}],"author":[{"embeddable":true,"href":"https:\/\/www.bz-bodnegg.de\/index.php?rest_route=\/wp\/v2\/users\/4"}],"replies":[{"embeddable":true,"href":"https:\/\/www.bz-bodnegg.de\/index.php?rest_route=%2Fwp%2Fv2%2Fcomments&post=798"}],"version-history":[{"count":3,"href":"https:\/\/www.bz-bodnegg.de\/index.php?rest_route=\/wp\/v2\/pages\/798\/revisions"}],"predecessor-version":[{"id":5815,"href":"https:\/\/www.bz-bodnegg.de\/index.php?rest_route=\/wp\/v2\/pages\/798\/revisions\/5815"}],"wp:attachment":[{"href":"https:\/\/www.bz-bodnegg.de\/index.php?rest_route=%2Fwp%2Fv2%2Fmedia&parent=798"}],"curies":[{"name":"wp","href":"https:\/\/api.w.org\/{rel}","templated":true}]}}