{"id":810,"date":"2015-02-14T10:56:19","date_gmt":"2015-02-14T08:56:19","guid":{"rendered":"http:\/\/www.bz-bodnegg.de\/?page_id=810"},"modified":"2016-02-03T17:44:27","modified_gmt":"2016-02-03T15:44:27","slug":"schulsanitaeter","status":"publish","type":"page","link":"https:\/\/www.bz-bodnegg.de\/?page_id=810","title":{"rendered":"Schulsanit\u00e4ter"},"content":{"rendered":"<p style=\"text-align: justify;\">Die Schulsanit\u00e4ter des BZ Bodnegg werden ebenfalls aus der Sch\u00fclerschaft rekrutiert. Sie sind f\u00fcr die Erstversorgung in einem Notfall zust\u00e4ndig und haben einen festen Einsatztag pro Woche, an dem sie zust\u00e4ndig sind. Zu Beginn des Schuljahres erhalten die Sch\u00fclerinnen und Sch\u00fcler einen \u201eErste Hilfe\u201c-Kurs beim Deutschen Roten Kreuz. Hierbei lernen Sie das Verhalten in Notfallsituationen in der Schule, aber auch Verhaltensweisen im Stra\u00dfenverkehr werden beigebracht, was f\u00fcr sp\u00e4tere F\u00fchrerscheinvorbereitungen sicherlich von Vorteil sein kann. Hilfebed\u00fcrftige Sch\u00fclerinnen und Sch\u00fcler werden in einem zur Verf\u00fcgung gestellten Sanit\u00e4tsraum behandelt. Dort sind alle notwendigen Hilfsmittel untergebracht, um die Erstversorgung durchzuf\u00fchren. Es werden dann kranke Sch\u00fcler beruhigt, Verb\u00e4nde bei Verletzungen angelegt, Puls sowie Blutdruck gemessen oder Tee zubereitet und W\u00e4rmflaschen zur Verf\u00fcgung gestellt. Bei jedem Einsatz ist auch ein Protokoll von den jeweils Zust\u00e4ndigen anzufertigen. Dar\u00fcber hinaus informieren Sie Eltern und Lehrer, wenn ein Sch\u00fcler nach Hause entlassen werden muss. Weitere Aufgaben umfassen das Nachf\u00fcllen der Verbandk\u00e4sten, regelm\u00e4\u00dfige Treffen in der OF-Zeit, das Erstellen einer Dokumentation ihrer T\u00e4tigkeit, sowie das Sauberhalten des Sanit\u00e4tsraums.<\/p>\n","protected":false},"excerpt":{"rendered":"<p>Die Schulsanit\u00e4ter des BZ Bodnegg werden ebenfalls aus der Sch\u00fclerschaft rekrutiert. Sie sind f\u00fcr die Erstversorgung in einem Notfall zust\u00e4ndig und haben einen festen Einsatztag pro Woche, an dem sie zust\u00e4ndig sind. Zu Beginn des Schuljahres erhalten die Sch\u00fclerinnen und Sch\u00fcler einen \u201eErste Hilfe\u201c-Kurs beim Deutschen Roten Kreuz. Hierbei lernen Sie das Verhalten in Notfallsituationen [&hellip;]<\/p>\n","protected":false},"author":4,"featured_media":0,"parent":0,"menu_order":0,"comment_status":"closed","ping_status":"closed","template":"","meta":{"_mc_calendar":[],"footnotes":""},"class_list":["post-810","page","type-page","status-publish","hentry"],"_links":{"self":[{"href":"https:\/\/www.bz-bodnegg.de\/index.php?rest_route=\/wp\/v2\/pages\/810","targetHints":{"allow":["GET"]}}],"collection":[{"href":"https:\/\/www.bz-bodnegg.de\/index.php?rest_route=\/wp\/v2\/pages"}],"about":[{"href":"https:\/\/www.bz-bodnegg.de\/index.php?rest_route=\/wp\/v2\/types\/page"}],"author":[{"embeddable":true,"href":"https:\/\/www.bz-bodnegg.de\/index.php?rest_route=\/wp\/v2\/users\/4"}],"replies":[{"embeddable":true,"href":"https:\/\/www.bz-bodnegg.de\/index.php?rest_route=%2Fwp%2Fv2%2Fcomments&post=810"}],"version-history":[{"count":3,"href":"https:\/\/www.bz-bodnegg.de\/index.php?rest_route=\/wp\/v2\/pages\/810\/revisions"}],"predecessor-version":[{"id":1996,"href":"https:\/\/www.bz-bodnegg.de\/index.php?rest_route=\/wp\/v2\/pages\/810\/revisions\/1996"}],"wp:attachment":[{"href":"https:\/\/www.bz-bodnegg.de\/index.php?rest_route=%2Fwp%2Fv2%2Fmedia&parent=810"}],"curies":[{"name":"wp","href":"https:\/\/api.w.org\/{rel}","templated":true}]}}