{"id":8103,"date":"2021-09-03T08:45:16","date_gmt":"2021-09-03T06:45:16","guid":{"rendered":"https:\/\/www.bz-bodnegg.de\/?page_id=8103"},"modified":"2025-10-06T15:06:36","modified_gmt":"2025-10-06T13:06:36","slug":"grundschulbetreuung","status":"publish","type":"page","link":"https:\/\/www.bz-bodnegg.de\/?page_id=8103","title":{"rendered":"Grundschulbetreuung"},"content":{"rendered":"\n<p>F\u00fcr die Sch\u00fclerinnen und Sch\u00fcler der Grundschule bietet die Gemeinde Bodnegg eine Betreuung vor und nach den Unterrichtszeiten an. Unter diesem <a href=\"https:\/\/bodnegg.someware.de\/\" target=\"_blank\" rel=\"noreferrer noopener\">LINK<\/a> k\u00f6nnen Sie die unterschiedlichen Module einsehen. <\/p>\n\n\n\n<hr class=\"wp-block-separator has-css-opacity\"\/>\n\n\n\n<div class=\"wp-block-media-text alignwide\" style=\"grid-template-columns:15% auto\"><figure class=\"wp-block-media-text__media\"><img loading=\"lazy\" decoding=\"async\" width=\"871\" height=\"787\" src=\"https:\/\/www.bz-bodnegg.de\/wp-content\/uploads\/2021\/10\/Unbenannt-1.jpg\" alt=\"\" class=\"wp-image-8178 size-full\" srcset=\"https:\/\/www.bz-bodnegg.de\/wp-content\/uploads\/2021\/10\/Unbenannt-1.jpg 871w, https:\/\/www.bz-bodnegg.de\/wp-content\/uploads\/2021\/10\/Unbenannt-1-300x271.jpg 300w, https:\/\/www.bz-bodnegg.de\/wp-content\/uploads\/2021\/10\/Unbenannt-1-768x694.jpg 768w, https:\/\/www.bz-bodnegg.de\/wp-content\/uploads\/2021\/10\/Unbenannt-1-624x564.jpg 624w\" sizes=\"auto, (max-width: 871px) 100vw, 871px\" \/><\/figure><div class=\"wp-block-media-text__content\">\n<p class=\"has-normal-font-size\">Telefonnummern der Grundschulbetreuung:<br>07520 \/ 9207-26<br>0151 \/ 42081906<\/p>\n\n\n\n<p><\/p>\n<\/div><\/div>\n\n\n\n<div class=\"wp-block-media-text alignwide\" style=\"grid-template-columns:15% auto\"><figure class=\"wp-block-media-text__media\"><img loading=\"lazy\" decoding=\"async\" width=\"420\" height=\"437\" src=\"https:\/\/www.bz-bodnegg.de\/wp-content\/uploads\/2021\/09\/11.jpg\" alt=\"\" class=\"wp-image-8101 size-full\" srcset=\"https:\/\/www.bz-bodnegg.de\/wp-content\/uploads\/2021\/09\/11.jpg 420w, https:\/\/www.bz-bodnegg.de\/wp-content\/uploads\/2021\/09\/11-288x300.jpg 288w\" sizes=\"auto, (max-width: 420px) 100vw, 420px\" \/><\/figure><div class=\"wp-block-media-text__content\">\n<p style=\"font-size:19px\"><a href=\"http:\/\/bodnegg.someware.de\" target=\"_blank\" rel=\"noreferrer noopener\" aria-label=\"Beitragsrechner &amp; Anmeldung zur Betreuung (\u00f6ffnet in neuem Tab)\">Beitragsrechner &amp; Anmeldung zur Betreuung<\/a><\/p>\n<\/div><\/div>\n\n\n\n<div class=\"wp-block-media-text alignwide is-stacked-on-mobile\" style=\"grid-template-columns:15% auto\"><figure class=\"wp-block-media-text__media\"><img loading=\"lazy\" decoding=\"async\" width=\"877\" height=\"817\" src=\"https:\/\/www.bz-bodnegg.de\/wp-content\/uploads\/2021\/01\/Feedback.jpg\" alt=\"\" class=\"wp-image-7495 size-full\" srcset=\"https:\/\/www.bz-bodnegg.de\/wp-content\/uploads\/2021\/01\/Feedback.jpg 877w, https:\/\/www.bz-bodnegg.de\/wp-content\/uploads\/2021\/01\/Feedback-300x279.jpg 300w, https:\/\/www.bz-bodnegg.de\/wp-content\/uploads\/2021\/01\/Feedback-768x715.jpg 768w, https:\/\/www.bz-bodnegg.de\/wp-content\/uploads\/2021\/01\/Feedback-624x581.jpg 624w\" sizes=\"auto, (max-width: 877px) 100vw, 877px\" \/><\/figure><div class=\"wp-block-media-text__content\">\n<p class=\"has-medium-font-size\">Diana Sterk, 07520-920812<br><a href=\"mailto:sterk@bodnegg.de\">sterk@bodnegg.de<\/a><\/p>\n<\/div><\/div>\n\n\n\n<p><br><a href=\"https:\/\/www.bz-bodnegg.de\/wp-content\/uploads\/2025\/10\/Benutzungsordnung-Grundschulbetreuung-20252026-25.09.2025-Wiedmann-Meike.pdf\" target=\"_blank\" rel=\"noreferrer noopener\">Benutzungsordnung der Grundschulbetreuung<\/a><\/p>\n\n\n\n<p><\/p>\n","protected":false},"excerpt":{"rendered":"<p>F\u00fcr die Sch\u00fclerinnen und Sch\u00fcler der Grundschule bietet die Gemeinde Bodnegg eine Betreuung vor und nach den Unterrichtszeiten an. Unter diesem LINK k\u00f6nnen Sie die unterschiedlichen Module einsehen. Telefonnummern der Grundschulbetreuung:07520 \/ 9207-260151 \/ 42081906 Beitragsrechner &amp; Anmeldung zur Betreuung Diana Sterk, 07520-920812sterk@bodnegg.de Benutzungsordnung der Grundschulbetreuung<\/p>\n","protected":false},"author":4,"featured_media":0,"parent":0,"menu_order":0,"comment_status":"closed","ping_status":"closed","template":"","meta":{"_mc_calendar":[],"footnotes":""},"class_list":["post-8103","page","type-page","status-publish","hentry"],"_links":{"self":[{"href":"https:\/\/www.bz-bodnegg.de\/index.php?rest_route=\/wp\/v2\/pages\/8103","targetHints":{"allow":["GET"]}}],"collection":[{"href":"https:\/\/www.bz-bodnegg.de\/index.php?rest_route=\/wp\/v2\/pages"}],"about":[{"href":"https:\/\/www.bz-bodnegg.de\/index.php?rest_route=\/wp\/v2\/types\/page"}],"author":[{"embeddable":true,"href":"https:\/\/www.bz-bodnegg.de\/index.php?rest_route=\/wp\/v2\/users\/4"}],"replies":[{"embeddable":true,"href":"https:\/\/www.bz-bodnegg.de\/index.php?rest_route=%2Fwp%2Fv2%2Fcomments&post=8103"}],"version-history":[{"count":22,"href":"https:\/\/www.bz-bodnegg.de\/index.php?rest_route=\/wp\/v2\/pages\/8103\/revisions"}],"predecessor-version":[{"id":12650,"href":"https:\/\/www.bz-bodnegg.de\/index.php?rest_route=\/wp\/v2\/pages\/8103\/revisions\/12650"}],"wp:attachment":[{"href":"https:\/\/www.bz-bodnegg.de\/index.php?rest_route=%2Fwp%2Fv2%2Fmedia&parent=8103"}],"curies":[{"name":"wp","href":"https:\/\/api.w.org\/{rel}","templated":true}]}}