{"id":870,"date":"2015-02-17T19:13:04","date_gmt":"2015-02-17T17:13:04","guid":{"rendered":"http:\/\/www.bz-bodnegg.de\/?page_id=870"},"modified":"2015-02-17T19:13:04","modified_gmt":"2015-02-17T17:13:04","slug":"demokratie-lernen-der-klassenrat","status":"publish","type":"page","link":"https:\/\/www.bz-bodnegg.de\/?page_id=870","title":{"rendered":"Demokratie lernen: Der Klassenrat"},"content":{"rendered":"<p>Im Klassenrat, der einmal in der Woche stattfindet, beraten, diskutieren und entscheiden Sch\u00fclerinnen und Sch\u00fcler \u00fcber aktuelle, selbstgew\u00e4hlte Themen: \u00fcber Regeln des Lernens und Zusammenlebens in der Klasse, \u00fcber Konflikte, Probleme oder Ungerechtigkeiten, \u00a0\u00fcber anstehende Klassenfahrten, Projekte oder sonstige Aktivit\u00e4ten. Vieles, was im Schulalltag normalerweise zwischen &#8222;T\u00fcr und Angel&#8220; besprochen wird, findet im Klassenrat einen festen Platz.<\/p>\n<p>Im Klassenrat lernen Sch\u00fclerinnen und Sch\u00fcler ihren Standpunkt zu vertreten und die Meinung anderer zu respektieren. Sie lernen Kompromisse einzugehen und Gemeinschaftsbeschl\u00fcsse mitzutragen. Demokratische Verhaltensweisen werden einge\u00fcbt und Verantwortung auf alle Schultern verteilt.<\/p>\n<p>Der Klassenrat st\u00e4rkt das Gemeinschaftsgef\u00fchl einer Klasse und setzt damit die Ziele des Projekts &#8222;Ohne Wir kein Ich&#8220; \u00fcber die f\u00fcnfte Jahrgangsstufe hinaus fort.<\/p>\n","protected":false},"excerpt":{"rendered":"<p>Im Klassenrat, der einmal in der Woche stattfindet, beraten, diskutieren und entscheiden Sch\u00fclerinnen und Sch\u00fcler \u00fcber aktuelle, selbstgew\u00e4hlte Themen: \u00fcber Regeln des Lernens und Zusammenlebens in der Klasse, \u00fcber Konflikte, Probleme oder Ungerechtigkeiten, \u00a0\u00fcber anstehende Klassenfahrten, Projekte oder sonstige Aktivit\u00e4ten. Vieles, was im Schulalltag normalerweise zwischen &#8222;T\u00fcr und Angel&#8220; besprochen wird, findet im Klassenrat einen [&hellip;]<\/p>\n","protected":false},"author":4,"featured_media":0,"parent":0,"menu_order":0,"comment_status":"closed","ping_status":"closed","template":"","meta":{"_mc_calendar":[],"footnotes":""},"class_list":["post-870","page","type-page","status-publish","hentry"],"_links":{"self":[{"href":"https:\/\/www.bz-bodnegg.de\/index.php?rest_route=\/wp\/v2\/pages\/870","targetHints":{"allow":["GET"]}}],"collection":[{"href":"https:\/\/www.bz-bodnegg.de\/index.php?rest_route=\/wp\/v2\/pages"}],"about":[{"href":"https:\/\/www.bz-bodnegg.de\/index.php?rest_route=\/wp\/v2\/types\/page"}],"author":[{"embeddable":true,"href":"https:\/\/www.bz-bodnegg.de\/index.php?rest_route=\/wp\/v2\/users\/4"}],"replies":[{"embeddable":true,"href":"https:\/\/www.bz-bodnegg.de\/index.php?rest_route=%2Fwp%2Fv2%2Fcomments&post=870"}],"version-history":[{"count":4,"href":"https:\/\/www.bz-bodnegg.de\/index.php?rest_route=\/wp\/v2\/pages\/870\/revisions"}],"predecessor-version":[{"id":892,"href":"https:\/\/www.bz-bodnegg.de\/index.php?rest_route=\/wp\/v2\/pages\/870\/revisions\/892"}],"wp:attachment":[{"href":"https:\/\/www.bz-bodnegg.de\/index.php?rest_route=%2Fwp%2Fv2%2Fmedia&parent=870"}],"curies":[{"name":"wp","href":"https:\/\/api.w.org\/{rel}","templated":true}]}}