{"id":873,"date":"2015-02-14T22:15:05","date_gmt":"2015-02-14T20:15:05","guid":{"rendered":"http:\/\/www.bz-bodnegg.de\/?page_id=873"},"modified":"2016-11-22T17:08:06","modified_gmt":"2016-11-22T15:08:06","slug":"soziales-engagement-2","status":"publish","type":"page","link":"https:\/\/www.bz-bodnegg.de\/?page_id=873","title":{"rendered":"Soziales Engagement"},"content":{"rendered":"<p style=\"text-align: justify;\">An unserer Realschule geh\u00f6rt das\u00a0 &#8222;Themenorientierte Projekt&#8220; Soziales Engagement ( TOP SE )\u00a0 zum Regelangebot\u00a0und ist zusammen mit den anderen themenorientierten Projekten ein wesentlicher Bestandteil des Realschul-Profils. Die Realschulen erweitern damit die Erfahrungswelt der Sch\u00fclerinnen und Sch\u00fcler und \u00f6ffnet die Schule hin zur Gesellschaft.<\/p>\n<p>Ziel ist es, Verantwortungsbewusstsein im Umgang mit Menschen zu wecken und zu f\u00f6rdern.<\/p>\n<p style=\"text-align: justify;\">Gem\u00e4\u00df unseres Leitbildes legen wir gro\u00dfen Wert auf das soziale Engagement unserer Sch\u00fclerinnen und Sch\u00fcler und beginnen schon in der Grundschule.<\/p>\n","protected":false},"excerpt":{"rendered":"<p>An unserer Realschule geh\u00f6rt das\u00a0 &#8222;Themenorientierte Projekt&#8220; Soziales Engagement ( TOP SE )\u00a0 zum Regelangebot\u00a0und ist zusammen mit den anderen themenorientierten Projekten ein wesentlicher Bestandteil des Realschul-Profils. Die Realschulen erweitern damit die Erfahrungswelt der Sch\u00fclerinnen und Sch\u00fcler und \u00f6ffnet die Schule hin zur Gesellschaft. Ziel ist es, Verantwortungsbewusstsein im Umgang mit Menschen zu wecken und [&hellip;]<\/p>\n","protected":false},"author":4,"featured_media":0,"parent":0,"menu_order":0,"comment_status":"closed","ping_status":"closed","template":"","meta":{"_mc_calendar":[],"footnotes":""},"class_list":["post-873","page","type-page","status-publish","hentry"],"_links":{"self":[{"href":"https:\/\/www.bz-bodnegg.de\/index.php?rest_route=\/wp\/v2\/pages\/873","targetHints":{"allow":["GET"]}}],"collection":[{"href":"https:\/\/www.bz-bodnegg.de\/index.php?rest_route=\/wp\/v2\/pages"}],"about":[{"href":"https:\/\/www.bz-bodnegg.de\/index.php?rest_route=\/wp\/v2\/types\/page"}],"author":[{"embeddable":true,"href":"https:\/\/www.bz-bodnegg.de\/index.php?rest_route=\/wp\/v2\/users\/4"}],"replies":[{"embeddable":true,"href":"https:\/\/www.bz-bodnegg.de\/index.php?rest_route=%2Fwp%2Fv2%2Fcomments&post=873"}],"version-history":[{"count":3,"href":"https:\/\/www.bz-bodnegg.de\/index.php?rest_route=\/wp\/v2\/pages\/873\/revisions"}],"predecessor-version":[{"id":2803,"href":"https:\/\/www.bz-bodnegg.de\/index.php?rest_route=\/wp\/v2\/pages\/873\/revisions\/2803"}],"wp:attachment":[{"href":"https:\/\/www.bz-bodnegg.de\/index.php?rest_route=%2Fwp%2Fv2%2Fmedia&parent=873"}],"curies":[{"name":"wp","href":"https:\/\/api.w.org\/{rel}","templated":true}]}}