{"id":9134,"date":"2022-10-18T10:20:30","date_gmt":"2022-10-18T08:20:30","guid":{"rendered":"https:\/\/www.bz-bodnegg.de\/?page_id=9134"},"modified":"2025-11-10T10:02:04","modified_gmt":"2025-11-10T08:02:04","slug":"secondhand-schulkleidung","status":"publish","type":"page","link":"https:\/\/www.bz-bodnegg.de\/?page_id=9134","title":{"rendered":"Secondhand Schulkleidung"},"content":{"rendered":"\n<p>Ab sofort l\u00e4uft der Verkauf unserer gebrauchten Schulkleidung \u00fcber private Anzeigen bei Kleinanzeigen.de.<br>Wenn Sie etwas anbieten m\u00f6chten, stellen Sie bitte in Ihrem privaten Kleinanzeigenaccount Ihr Angebot ein und senden mir anschlie\u00dfend den Link der Anzeige per Mail. Ich binde die Anzeige dann hier ein. <\/p>\n\n\n\n<p>&#x1f449; Mail an <a href=\"mailto:c.kirchhoff@bz-bodnegg.de\">c.kirchhoff@bz-bodnegg.de<\/a><\/p>\n\n\n\n<figure class=\"wp-block-table is-style-regular\"><table class=\"has-fixed-layout\"><tbody><tr><td><strong>Produkt<\/strong><\/td><td><strong>Link<\/strong><\/td><\/tr><tr><td>Hier k\u00f6nnte Ihr gut gebrauchtes Schul-Tshirt zum Verkauf stehen<\/td><td>Teilen Sie mir den Link Ihrer Kleinanzeigen-Anzeige mit<\/td><\/tr><tr><td>Hier k\u00f6nnte Ihr gut gebrauchtes Schul-Tshirt zum Verkauf stehen<\/td><td><\/td><\/tr><tr><td>&#8230;oder ein Hoodie <\/td><td><\/td><\/tr><\/tbody><\/table><\/figure>\n\n\n\n<p><strong>Kleidung bei Fr. Kirchhoff erh\u00e4ltlich:<\/strong><\/p>\n\n\n\n<div class=\"wp-block-media-text is-stacked-on-mobile\" style=\"grid-template-columns:25% auto\"><figure class=\"wp-block-media-text__media\"><a href=\"https:\/\/www.bz-bodnegg.de\/wp-content\/uploads\/2024\/11\/IMG_0939.jpg\"><img loading=\"lazy\" decoding=\"async\" width=\"540\" height=\"640\" src=\"https:\/\/www.bz-bodnegg.de\/wp-content\/uploads\/2024\/11\/IMG_0939.jpg\" alt=\"\" class=\"wp-image-11695 size-full\" srcset=\"https:\/\/www.bz-bodnegg.de\/wp-content\/uploads\/2024\/11\/IMG_0939.jpg 540w, https:\/\/www.bz-bodnegg.de\/wp-content\/uploads\/2024\/11\/IMG_0939-253x300.jpg 253w\" sizes=\"auto, (max-width: 540px) 100vw, 540px\" \/><\/a><\/figure><div class=\"wp-block-media-text__content\">\n<p><strong>Gr\u00f6\u00dfe 140<\/strong> lila<br>M\u00e4dchenshirt aus unserer ehemaligen Schulkleidungskollektion; gut erhalten<br>H\u00f6he: Schulter bis unten 48cm, <br>Breite: unter den Armen gemessen 30cm<br><strong>2\u20ac<\/strong><\/p>\n<\/div><\/div>\n\n\n\n<div class=\"wp-block-media-text is-stacked-on-mobile\" style=\"grid-template-columns:25% auto\"><figure class=\"wp-block-media-text__media\"><a href=\"https:\/\/www.bz-bodnegg.de\/wp-content\/uploads\/2024\/11\/IMG_0941.jpg\"><img loading=\"lazy\" decoding=\"async\" width=\"536\" height=\"640\" src=\"https:\/\/www.bz-bodnegg.de\/wp-content\/uploads\/2024\/11\/IMG_0941.jpg\" alt=\"\" class=\"wp-image-11697 size-full\" srcset=\"https:\/\/www.bz-bodnegg.de\/wp-content\/uploads\/2024\/11\/IMG_0941.jpg 536w, https:\/\/www.bz-bodnegg.de\/wp-content\/uploads\/2024\/11\/IMG_0941-251x300.jpg 251w\" sizes=\"auto, (max-width: 536px) 100vw, 536px\" \/><\/a><\/figure><div class=\"wp-block-media-text__content\">\n<p><strong>Gr\u00f6\u00dfe 152<\/strong> dunkelblau<br>M\u00e4dchenpoloshirt (Tshirt-Stoff) aus unserer ehemaligen Schulkleidungskollektion; ungetragen<br>H\u00f6he: Schulter bis unten 53cm, <br>Breite: unter den Armen gemessen 37cm<br><strong>2\u20ac<\/strong><\/p>\n<\/div><\/div>\n\n\n\n<div class=\"wp-block-media-text is-stacked-on-mobile\" style=\"grid-template-columns:25% auto\"><figure class=\"wp-block-media-text__media\"><a href=\"https:\/\/www.bz-bodnegg.de\/wp-content\/uploads\/2024\/10\/IMG_0777.jpg\"><img loading=\"lazy\" decoding=\"async\" width=\"928\" height=\"1024\" src=\"https:\/\/www.bz-bodnegg.de\/wp-content\/uploads\/2024\/10\/IMG_0777-928x1024.jpg\" alt=\"\" class=\"wp-image-11654 size-full\" srcset=\"https:\/\/www.bz-bodnegg.de\/wp-content\/uploads\/2024\/10\/IMG_0777-928x1024.jpg 928w, https:\/\/www.bz-bodnegg.de\/wp-content\/uploads\/2024\/10\/IMG_0777-272x300.jpg 272w, https:\/\/www.bz-bodnegg.de\/wp-content\/uploads\/2024\/10\/IMG_0777-768x847.jpg 768w, https:\/\/www.bz-bodnegg.de\/wp-content\/uploads\/2024\/10\/IMG_0777-624x689.jpg 624w, https:\/\/www.bz-bodnegg.de\/wp-content\/uploads\/2024\/10\/IMG_0777.jpg 1160w\" sizes=\"auto, (max-width: 928px) 100vw, 928px\" \/><\/a><\/figure><div class=\"wp-block-media-text__content\">\n<p><strong>Gr\u00f6\u00dfe 152<\/strong><br>T-Shirt in t\u00fcrkis<br>kleiner Fleck, ggf. wegwaschbar (siehe gelb eingekreist)<br>Gebraucht, oft gewaschen, <strong>2\u20ac<\/strong><\/p>\n<\/div><\/div>\n\n\n\n<div class=\"wp-block-media-text is-stacked-on-mobile\" style=\"grid-template-columns:25% auto\"><figure class=\"wp-block-media-text__media\"><a href=\"https:\/\/www.bz-bodnegg.de\/wp-content\/uploads\/2024\/10\/IMG_0778.jpg\"><img loading=\"lazy\" decoding=\"async\" width=\"640\" height=\"628\" src=\"https:\/\/www.bz-bodnegg.de\/wp-content\/uploads\/2024\/10\/IMG_0778.jpg\" alt=\"\" class=\"wp-image-11655 size-full\" srcset=\"https:\/\/www.bz-bodnegg.de\/wp-content\/uploads\/2024\/10\/IMG_0778.jpg 640w, https:\/\/www.bz-bodnegg.de\/wp-content\/uploads\/2024\/10\/IMG_0778-300x294.jpg 300w, https:\/\/www.bz-bodnegg.de\/wp-content\/uploads\/2024\/10\/IMG_0778-624x612.jpg 624w\" sizes=\"auto, (max-width: 640px) 100vw, 640px\" \/><\/a><\/figure><div class=\"wp-block-media-text__content\">\n<p><strong>Gr\u00f6\u00dfe 152<\/strong><br>T-Shirt in gr\u00fcn<br>Gebraucht, oft gewaschen, <strong>2\u20ac<\/strong><\/p>\n<\/div><\/div>\n\n\n\n<div class=\"wp-block-media-text is-stacked-on-mobile\" style=\"grid-template-columns:25% auto\"><figure class=\"wp-block-media-text__media\"><img loading=\"lazy\" decoding=\"async\" width=\"921\" height=\"1024\" src=\"https:\/\/www.bz-bodnegg.de\/wp-content\/uploads\/2023\/10\/Hoodie-152-burgund_Maya-921x1024.jpg\" alt=\"\" class=\"wp-image-10553 size-full\" srcset=\"https:\/\/www.bz-bodnegg.de\/wp-content\/uploads\/2023\/10\/Hoodie-152-burgund_Maya-921x1024.jpg 921w, https:\/\/www.bz-bodnegg.de\/wp-content\/uploads\/2023\/10\/Hoodie-152-burgund_Maya-270x300.jpg 270w, https:\/\/www.bz-bodnegg.de\/wp-content\/uploads\/2023\/10\/Hoodie-152-burgund_Maya-768x854.jpg 768w, https:\/\/www.bz-bodnegg.de\/wp-content\/uploads\/2023\/10\/Hoodie-152-burgund_Maya-624x694.jpg 624w, https:\/\/www.bz-bodnegg.de\/wp-content\/uploads\/2023\/10\/Hoodie-152-burgund_Maya.jpg 1020w\" sizes=\"auto, (max-width: 921px) 100vw, 921px\" \/><\/figure><div class=\"wp-block-media-text__content\">\n<p><strong>Gr\u00f6\u00dfe 152<\/strong><br>Hoodie Kids, burgund<br>Gebraucht, kleiner Fleck am \u00c4rmel, <strong>10 \u20ac<\/strong><\/p>\n<\/div><\/div>\n\n\n\n<div class=\"wp-block-media-text is-stacked-on-mobile\" style=\"grid-template-columns:25% auto\"><figure class=\"wp-block-media-text__media\"><a href=\"https:\/\/www.bz-bodnegg.de\/wp-content\/uploads\/2023\/10\/IMG_5246.jpg\"><img loading=\"lazy\" decoding=\"async\" width=\"910\" height=\"1024\" src=\"https:\/\/www.bz-bodnegg.de\/wp-content\/uploads\/2023\/10\/IMG_5246-910x1024.jpg\" alt=\"\" class=\"wp-image-10477 size-full\" srcset=\"https:\/\/www.bz-bodnegg.de\/wp-content\/uploads\/2023\/10\/IMG_5246-910x1024.jpg 910w, https:\/\/www.bz-bodnegg.de\/wp-content\/uploads\/2023\/10\/IMG_5246-267x300.jpg 267w, https:\/\/www.bz-bodnegg.de\/wp-content\/uploads\/2023\/10\/IMG_5246-768x864.jpg 768w, https:\/\/www.bz-bodnegg.de\/wp-content\/uploads\/2023\/10\/IMG_5246-624x702.jpg 624w, https:\/\/www.bz-bodnegg.de\/wp-content\/uploads\/2023\/10\/IMG_5246.jpg 1008w\" sizes=\"auto, (max-width: 910px) 100vw, 910px\" \/><\/a><\/figure><div class=\"wp-block-media-text__content\">\n<p><strong>Gr\u00f6\u00dfe Girl XS<\/strong> <br>T-Shirt dunkelblau, sehr kurze \u00c4rmel<br>Ausstellungsst\u00fcck, ungetragen <strong>8\u20ac<\/strong><\/p>\n<\/div><\/div>\n\n\n\n<div class=\"wp-block-media-text is-stacked-on-mobile\" style=\"grid-template-columns:25% auto\"><figure class=\"wp-block-media-text__media\"><a href=\"https:\/\/www.bz-bodnegg.de\/wp-content\/uploads\/2023\/10\/IMG_5223.jpg\"><img loading=\"lazy\" decoding=\"async\" width=\"1024\" height=\"900\" src=\"https:\/\/www.bz-bodnegg.de\/wp-content\/uploads\/2023\/10\/IMG_5223-1024x900.jpg\" alt=\"\" class=\"wp-image-10444 size-full\" srcset=\"https:\/\/www.bz-bodnegg.de\/wp-content\/uploads\/2023\/10\/IMG_5223-1024x900.jpg 1024w, https:\/\/www.bz-bodnegg.de\/wp-content\/uploads\/2023\/10\/IMG_5223-300x264.jpg 300w, https:\/\/www.bz-bodnegg.de\/wp-content\/uploads\/2023\/10\/IMG_5223-768x675.jpg 768w, https:\/\/www.bz-bodnegg.de\/wp-content\/uploads\/2023\/10\/IMG_5223-624x549.jpg 624w, https:\/\/www.bz-bodnegg.de\/wp-content\/uploads\/2023\/10\/IMG_5223.jpg 1290w\" sizes=\"auto, (max-width: 1024px) 100vw, 1024px\" \/><\/a><\/figure><div class=\"wp-block-media-text__content\">\n<p><strong>Gr\u00f6\u00dfe S<\/strong><br>Poloshirt schwarz, Herren oder unisex<br>Ausstellungsst\u00fcck, ungetragen <strong>8\u20ac<\/strong><\/p>\n<\/div><\/div>\n\n\n\n<div class=\"wp-block-media-text is-stacked-on-mobile\" style=\"grid-template-columns:25% auto\"><figure class=\"wp-block-media-text__media\"><a href=\"https:\/\/www.bz-bodnegg.de\/wp-content\/uploads\/2023\/10\/IMG_5238.jpg\"><img loading=\"lazy\" decoding=\"async\" width=\"1024\" height=\"942\" src=\"https:\/\/www.bz-bodnegg.de\/wp-content\/uploads\/2023\/10\/IMG_5238-1024x942.jpg\" alt=\"\" class=\"wp-image-10482 size-full\" srcset=\"https:\/\/www.bz-bodnegg.de\/wp-content\/uploads\/2023\/10\/IMG_5238-1024x942.jpg 1024w, https:\/\/www.bz-bodnegg.de\/wp-content\/uploads\/2023\/10\/IMG_5238-300x276.jpg 300w, https:\/\/www.bz-bodnegg.de\/wp-content\/uploads\/2023\/10\/IMG_5238-768x706.jpg 768w, https:\/\/www.bz-bodnegg.de\/wp-content\/uploads\/2023\/10\/IMG_5238-624x574.jpg 624w, https:\/\/www.bz-bodnegg.de\/wp-content\/uploads\/2023\/10\/IMG_5238.jpg 1233w\" sizes=\"auto, (max-width: 1024px) 100vw, 1024px\" \/><\/a><\/figure><div class=\"wp-block-media-text__content\">\n<p><strong>Gr\u00f6\u00dfe M<\/strong><br>T-Shirt  grau meliert<br>Ausstellungsst\u00fcck, ungetragen, <strong>8\u20ac<\/strong><\/p>\n<\/div><\/div>\n\n\n\n<div class=\"wp-block-media-text is-stacked-on-mobile\" style=\"grid-template-columns:25% auto\"><figure class=\"wp-block-media-text__media\"><a href=\"https:\/\/www.bz-bodnegg.de\/wp-content\/uploads\/2024\/12\/IMG_1205.jpg\"><img loading=\"lazy\" decoding=\"async\" width=\"542\" height=\"640\" src=\"https:\/\/www.bz-bodnegg.de\/wp-content\/uploads\/2024\/12\/IMG_1205.jpg\" alt=\"\" class=\"wp-image-11919 size-full\" srcset=\"https:\/\/www.bz-bodnegg.de\/wp-content\/uploads\/2024\/12\/IMG_1205.jpg 542w, https:\/\/www.bz-bodnegg.de\/wp-content\/uploads\/2024\/12\/IMG_1205-254x300.jpg 254w\" sizes=\"auto, (max-width: 542px) 100vw, 542px\" \/><\/a><\/figure><div class=\"wp-block-media-text__content\">\n<p><strong>Gr\u00f6\u00dfe M<\/strong><br>Sweatjacke in schwarz-meliert. Kaum getragen, sehr guter Zustand.<br>L\u00e4nge 68cm, Breite 52cm<br><strong>15\u20ac<\/strong><\/p>\n<\/div><\/div>\n\n\n\n<div class=\"wp-block-media-text is-stacked-on-mobile\" style=\"grid-template-columns:26% auto\"><figure class=\"wp-block-media-text__media\"><img loading=\"lazy\" decoding=\"async\" width=\"562\" height=\"640\" src=\"https:\/\/www.bz-bodnegg.de\/wp-content\/uploads\/2024\/12\/IMG_1206.jpg\" alt=\"\" class=\"wp-image-11918 size-full\" srcset=\"https:\/\/www.bz-bodnegg.de\/wp-content\/uploads\/2024\/12\/IMG_1206.jpg 562w, https:\/\/www.bz-bodnegg.de\/wp-content\/uploads\/2024\/12\/IMG_1206-263x300.jpg 263w\" sizes=\"auto, (max-width: 562px) 100vw, 562px\" \/><\/figure><div class=\"wp-block-media-text__content\">\n<p><strong>Gr\u00f6\u00dfe Girl XL<\/strong><br>Hoodie in blau-meliert. Kaum getragen, sehr guter Zustand.<br>H\u00f6herer Kragen als beim klassischen Kapuzenpulli. Kann auch sehr gut von Jungs getragen werden. \ud83d\ude42<br>L\u00e4nge 63cm, Breite 54cm<br><strong>15\u20ac<\/strong><\/p>\n<\/div><\/div>\n\n\n\n<p><\/p>\n","protected":false},"excerpt":{"rendered":"<p>Ab sofort l\u00e4uft der Verkauf unserer gebrauchten Schulkleidung \u00fcber private Anzeigen bei Kleinanzeigen.de.Wenn Sie etwas anbieten m\u00f6chten, stellen Sie bitte in Ihrem privaten Kleinanzeigenaccount Ihr Angebot ein und senden mir anschlie\u00dfend den Link der Anzeige per Mail. Ich binde die Anzeige dann hier ein. &#x1f449; Mail an c.kirchhoff@bz-bodnegg.de Produkt Link Hier k\u00f6nnte Ihr gut gebrauchtes [&hellip;]<\/p>\n","protected":false},"author":4,"featured_media":0,"parent":0,"menu_order":0,"comment_status":"closed","ping_status":"closed","template":"","meta":{"_mc_calendar":[],"footnotes":""},"class_list":["post-9134","page","type-page","status-publish","hentry"],"_links":{"self":[{"href":"https:\/\/www.bz-bodnegg.de\/index.php?rest_route=\/wp\/v2\/pages\/9134","targetHints":{"allow":["GET"]}}],"collection":[{"href":"https:\/\/www.bz-bodnegg.de\/index.php?rest_route=\/wp\/v2\/pages"}],"about":[{"href":"https:\/\/www.bz-bodnegg.de\/index.php?rest_route=\/wp\/v2\/types\/page"}],"author":[{"embeddable":true,"href":"https:\/\/www.bz-bodnegg.de\/index.php?rest_route=\/wp\/v2\/users\/4"}],"replies":[{"embeddable":true,"href":"https:\/\/www.bz-bodnegg.de\/index.php?rest_route=%2Fwp%2Fv2%2Fcomments&post=9134"}],"version-history":[{"count":96,"href":"https:\/\/www.bz-bodnegg.de\/index.php?rest_route=\/wp\/v2\/pages\/9134\/revisions"}],"predecessor-version":[{"id":12703,"href":"https:\/\/www.bz-bodnegg.de\/index.php?rest_route=\/wp\/v2\/pages\/9134\/revisions\/12703"}],"wp:attachment":[{"href":"https:\/\/www.bz-bodnegg.de\/index.php?rest_route=%2Fwp%2Fv2%2Fmedia&parent=9134"}],"curies":[{"name":"wp","href":"https:\/\/api.w.org\/{rel}","templated":true}]}}