{"id":9663,"date":"2023-02-03T13:53:49","date_gmt":"2023-02-03T11:53:49","guid":{"rendered":"https:\/\/www.bz-bodnegg.de\/?page_id=9663"},"modified":"2023-02-03T13:53:50","modified_gmt":"2023-02-03T11:53:50","slug":"digital-fit-fuer-die-zukunft","status":"publish","type":"page","link":"https:\/\/www.bz-bodnegg.de\/?page_id=9663","title":{"rendered":"Digital fit f\u00fcr die Zukunft"},"content":{"rendered":"\n<figure class=\"wp-block-gallery has-nested-images columns-5 is-cropped wp-block-gallery-1 is-layout-flex wp-block-gallery-is-layout-flex\">\n<figure class=\"wp-block-image size-large\"><a href=\"https:\/\/www.bz-bodnegg.de\/wp-content\/uploads\/2023\/02\/367a6ed2-f58b-4f1d-981c-bc55d0e47cb5.jpeg\"><img loading=\"lazy\" decoding=\"async\" width=\"508\" height=\"1024\" data-id=\"9667\" src=\"https:\/\/www.bz-bodnegg.de\/wp-content\/uploads\/2023\/02\/367a6ed2-f58b-4f1d-981c-bc55d0e47cb5-508x1024.jpeg\" alt=\"\" class=\"wp-image-9667\" srcset=\"https:\/\/www.bz-bodnegg.de\/wp-content\/uploads\/2023\/02\/367a6ed2-f58b-4f1d-981c-bc55d0e47cb5-508x1024.jpeg 508w, https:\/\/www.bz-bodnegg.de\/wp-content\/uploads\/2023\/02\/367a6ed2-f58b-4f1d-981c-bc55d0e47cb5-149x300.jpeg 149w, https:\/\/www.bz-bodnegg.de\/wp-content\/uploads\/2023\/02\/367a6ed2-f58b-4f1d-981c-bc55d0e47cb5-624x1257.jpeg 624w, https:\/\/www.bz-bodnegg.de\/wp-content\/uploads\/2023\/02\/367a6ed2-f58b-4f1d-981c-bc55d0e47cb5.jpeg 647w\" sizes=\"auto, (max-width: 508px) 100vw, 508px\" \/><\/a><\/figure>\n\n\n\n<figure class=\"wp-block-image size-large\"><a href=\"https:\/\/www.bz-bodnegg.de\/wp-content\/uploads\/2023\/02\/32cf3ead-6197-4655-96a6-0b56497a2798.jpeg\"><img loading=\"lazy\" decoding=\"async\" width=\"1024\" height=\"768\" data-id=\"9664\" src=\"https:\/\/www.bz-bodnegg.de\/wp-content\/uploads\/2023\/02\/32cf3ead-6197-4655-96a6-0b56497a2798-1024x768.jpeg\" alt=\"\" class=\"wp-image-9664\" srcset=\"https:\/\/www.bz-bodnegg.de\/wp-content\/uploads\/2023\/02\/32cf3ead-6197-4655-96a6-0b56497a2798-1024x768.jpeg 1024w, https:\/\/www.bz-bodnegg.de\/wp-content\/uploads\/2023\/02\/32cf3ead-6197-4655-96a6-0b56497a2798-300x225.jpeg 300w, https:\/\/www.bz-bodnegg.de\/wp-content\/uploads\/2023\/02\/32cf3ead-6197-4655-96a6-0b56497a2798-768x576.jpeg 768w, https:\/\/www.bz-bodnegg.de\/wp-content\/uploads\/2023\/02\/32cf3ead-6197-4655-96a6-0b56497a2798-1536x1152.jpeg 1536w, https:\/\/www.bz-bodnegg.de\/wp-content\/uploads\/2023\/02\/32cf3ead-6197-4655-96a6-0b56497a2798-624x468.jpeg 624w, https:\/\/www.bz-bodnegg.de\/wp-content\/uploads\/2023\/02\/32cf3ead-6197-4655-96a6-0b56497a2798.jpeg 2000w\" sizes=\"auto, (max-width: 1024px) 100vw, 1024px\" \/><\/a><\/figure>\n\n\n\n<figure class=\"wp-block-image size-large\"><a href=\"https:\/\/www.bz-bodnegg.de\/wp-content\/uploads\/2023\/02\/4108ba25-1a4e-4a4b-a272-82e9b25c82b2.jpeg\"><img loading=\"lazy\" decoding=\"async\" width=\"1024\" height=\"768\" data-id=\"9666\" src=\"https:\/\/www.bz-bodnegg.de\/wp-content\/uploads\/2023\/02\/4108ba25-1a4e-4a4b-a272-82e9b25c82b2-1024x768.jpeg\" alt=\"\" class=\"wp-image-9666\" srcset=\"https:\/\/www.bz-bodnegg.de\/wp-content\/uploads\/2023\/02\/4108ba25-1a4e-4a4b-a272-82e9b25c82b2-1024x768.jpeg 1024w, https:\/\/www.bz-bodnegg.de\/wp-content\/uploads\/2023\/02\/4108ba25-1a4e-4a4b-a272-82e9b25c82b2-300x225.jpeg 300w, https:\/\/www.bz-bodnegg.de\/wp-content\/uploads\/2023\/02\/4108ba25-1a4e-4a4b-a272-82e9b25c82b2-768x576.jpeg 768w, https:\/\/www.bz-bodnegg.de\/wp-content\/uploads\/2023\/02\/4108ba25-1a4e-4a4b-a272-82e9b25c82b2-1536x1152.jpeg 1536w, https:\/\/www.bz-bodnegg.de\/wp-content\/uploads\/2023\/02\/4108ba25-1a4e-4a4b-a272-82e9b25c82b2-624x468.jpeg 624w, https:\/\/www.bz-bodnegg.de\/wp-content\/uploads\/2023\/02\/4108ba25-1a4e-4a4b-a272-82e9b25c82b2.jpeg 2000w\" sizes=\"auto, (max-width: 1024px) 100vw, 1024px\" \/><\/a><\/figure>\n\n\n\n<figure class=\"wp-block-image size-large\"><a href=\"https:\/\/www.bz-bodnegg.de\/wp-content\/uploads\/2023\/02\/67717b7b-e208-45dc-8655-0aa76aea01eb.jpeg\"><img loading=\"lazy\" decoding=\"async\" width=\"1024\" height=\"768\" data-id=\"9665\" src=\"https:\/\/www.bz-bodnegg.de\/wp-content\/uploads\/2023\/02\/67717b7b-e208-45dc-8655-0aa76aea01eb-1024x768.jpeg\" alt=\"\" class=\"wp-image-9665\" srcset=\"https:\/\/www.bz-bodnegg.de\/wp-content\/uploads\/2023\/02\/67717b7b-e208-45dc-8655-0aa76aea01eb-1024x768.jpeg 1024w, https:\/\/www.bz-bodnegg.de\/wp-content\/uploads\/2023\/02\/67717b7b-e208-45dc-8655-0aa76aea01eb-300x225.jpeg 300w, https:\/\/www.bz-bodnegg.de\/wp-content\/uploads\/2023\/02\/67717b7b-e208-45dc-8655-0aa76aea01eb-768x576.jpeg 768w, https:\/\/www.bz-bodnegg.de\/wp-content\/uploads\/2023\/02\/67717b7b-e208-45dc-8655-0aa76aea01eb-1536x1152.jpeg 1536w, https:\/\/www.bz-bodnegg.de\/wp-content\/uploads\/2023\/02\/67717b7b-e208-45dc-8655-0aa76aea01eb-624x468.jpeg 624w, https:\/\/www.bz-bodnegg.de\/wp-content\/uploads\/2023\/02\/67717b7b-e208-45dc-8655-0aa76aea01eb.jpeg 2000w\" sizes=\"auto, (max-width: 1024px) 100vw, 1024px\" \/><\/a><\/figure>\n<\/figure>\n\n\n\n<p><a rel=\"noreferrer noopener\" href=\"https:\/\/www.instagram.com\/bzb_bildungszentrum_bodnegg\/\" target=\"_blank\"><\/a><\/p>\n\n\n\n<p>&#8222;Medienbildung und Informatik&#8220; ist die Kernkompetenz in den n\u00e4chsten Jahrzehnten. Am BZ Bodnegg bilden wir die n\u00f6tigen Kompetenzen aus. <a rel=\"noreferrer noopener\" href=\"https:\/\/view.genial.ly\/63a5c400d309ae0012af953a\/interactive-content-medienbildung-bz-bodnegg\" target=\"_blank\">HIER<\/a> erfahren Sie mehr \u00fcber unser Konzept.<a rel=\"noreferrer noopener\" href=\"https:\/\/www.instagram.com\/bzb_bildungszentrum_bodnegg\/\" target=\"_blank\"><\/a><\/p>\n\n\n\n<figure class=\"wp-block-image size-large\"><a href=\"https:\/\/view.genial.ly\/63a5c400d309ae0012af953a\/interactive-content-medienbildung-bz-bodnegg\" target=\"_blank\" rel=\"noreferrer noopener\"><img loading=\"lazy\" decoding=\"async\" width=\"1024\" height=\"314\" src=\"https:\/\/www.bz-bodnegg.de\/wp-content\/uploads\/2023\/02\/Unbenannt-1024x314.jpg\" alt=\"\" class=\"wp-image-9668\" srcset=\"https:\/\/www.bz-bodnegg.de\/wp-content\/uploads\/2023\/02\/Unbenannt-1024x314.jpg 1024w, https:\/\/www.bz-bodnegg.de\/wp-content\/uploads\/2023\/02\/Unbenannt-300x92.jpg 300w, https:\/\/www.bz-bodnegg.de\/wp-content\/uploads\/2023\/02\/Unbenannt-768x236.jpg 768w, https:\/\/www.bz-bodnegg.de\/wp-content\/uploads\/2023\/02\/Unbenannt-624x191.jpg 624w, https:\/\/www.bz-bodnegg.de\/wp-content\/uploads\/2023\/02\/Unbenannt.jpg 1275w\" sizes=\"auto, (max-width: 1024px) 100vw, 1024px\" \/><\/a><\/figure>\n\n\n\n<p><\/p>\n\n\n\n<figure class=\"wp-block-image size-large is-resized\"><img loading=\"lazy\" decoding=\"async\" src=\"https:\/\/www.bz-bodnegg.de\/wp-content\/uploads\/2023\/02\/qr-code-medienbildung-1024x1024.png\" alt=\"\" class=\"wp-image-9661\" width=\"153\" height=\"153\" srcset=\"https:\/\/www.bz-bodnegg.de\/wp-content\/uploads\/2023\/02\/qr-code-medienbildung-1024x1024.png 1024w, https:\/\/www.bz-bodnegg.de\/wp-content\/uploads\/2023\/02\/qr-code-medienbildung-300x300.png 300w, https:\/\/www.bz-bodnegg.de\/wp-content\/uploads\/2023\/02\/qr-code-medienbildung-110x110.png 110w, https:\/\/www.bz-bodnegg.de\/wp-content\/uploads\/2023\/02\/qr-code-medienbildung-768x768.png 768w, https:\/\/www.bz-bodnegg.de\/wp-content\/uploads\/2023\/02\/qr-code-medienbildung-144x144.png 144w, https:\/\/www.bz-bodnegg.de\/wp-content\/uploads\/2023\/02\/qr-code-medienbildung-624x624.png 624w, https:\/\/www.bz-bodnegg.de\/wp-content\/uploads\/2023\/02\/qr-code-medienbildung.png 1083w\" sizes=\"auto, (max-width: 153px) 100vw, 153px\" \/><\/figure>\n\n\n\n<p><\/p>\n","protected":false},"excerpt":{"rendered":"<p>&#8222;Medienbildung und Informatik&#8220; ist die Kernkompetenz in den n\u00e4chsten Jahrzehnten. Am BZ Bodnegg bilden wir die n\u00f6tigen Kompetenzen aus. HIER erfahren Sie mehr \u00fcber unser Konzept.<\/p>\n","protected":false},"author":4,"featured_media":0,"parent":0,"menu_order":0,"comment_status":"closed","ping_status":"closed","template":"","meta":{"_mc_calendar":[],"footnotes":""},"class_list":["post-9663","page","type-page","status-publish","hentry"],"_links":{"self":[{"href":"https:\/\/www.bz-bodnegg.de\/index.php?rest_route=\/wp\/v2\/pages\/9663","targetHints":{"allow":["GET"]}}],"collection":[{"href":"https:\/\/www.bz-bodnegg.de\/index.php?rest_route=\/wp\/v2\/pages"}],"about":[{"href":"https:\/\/www.bz-bodnegg.de\/index.php?rest_route=\/wp\/v2\/types\/page"}],"author":[{"embeddable":true,"href":"https:\/\/www.bz-bodnegg.de\/index.php?rest_route=\/wp\/v2\/users\/4"}],"replies":[{"embeddable":true,"href":"https:\/\/www.bz-bodnegg.de\/index.php?rest_route=%2Fwp%2Fv2%2Fcomments&post=9663"}],"version-history":[{"count":1,"href":"https:\/\/www.bz-bodnegg.de\/index.php?rest_route=\/wp\/v2\/pages\/9663\/revisions"}],"predecessor-version":[{"id":9670,"href":"https:\/\/www.bz-bodnegg.de\/index.php?rest_route=\/wp\/v2\/pages\/9663\/revisions\/9670"}],"wp:attachment":[{"href":"https:\/\/www.bz-bodnegg.de\/index.php?rest_route=%2Fwp%2Fv2%2Fmedia&parent=9663"}],"curies":[{"name":"wp","href":"https:\/\/api.w.org\/{rel}","templated":true}]}}